{"id":23111,"date":"2024-10-09T05:19:53","date_gmt":"2024-10-09T03:19:53","guid":{"rendered":"https:\/\/gotrack.pl\/zasady-bezpieczenstwa\/"},"modified":"2024-10-21T09:54:11","modified_gmt":"2024-10-21T07:54:11","slug":"safety-rules","status":"publish","type":"page","link":"https:\/\/gotrack.pl\/en\/safety-rules\/","title":{"rendered":"Safety rules"},"content":{"rendered":"\n<div class=\"wp-block-columns container is-layout-flex wp-container-core-columns-is-layout-9d6595d7 wp-block-columns-is-layout-flex\">\n<div class=\"wp-block-column is-layout-flow wp-block-column-is-layout-flow\"><style>\n\n\n<\/style>\n<div class=\"d-flex align-items-center justify-content-between py-3\">\n\n\n    <div class=\"arrow-h2 d-flex align-items-center\">\n        <div>\n            <img loading=\"lazy\" decoding=\"async\" width=\"130\" height=\"121\" src=\"https:\/\/gotrack.pl\/wp-content\/uploads\/2024\/10\/arrow-gotrack-primary.svg\" class=\"attachment-thumbnail size-thumbnail\" alt=\"\" \/>        <\/div>\n\n        <div class=\"ps-3\">\n            <div class=\"h2 mb-0 pb-0 fw-bold color-title-body\" style=\"line-height: 35px\">\n                Safety rules                <br>            <\/div>\n        <\/div>\n    <\/div>\n\n<!--    <div class=\"section-logo-line\">-->\n<!--    <\/div>-->\n\n<!--    <div class=\"logo-section\">-->\n<!--        --><!---->\n<!--    <\/div>-->\n\n\n\n<\/div><\/div>\n<\/div>\n\n\n\n<div class=\"wp-block-columns container is-layout-flex wp-container-core-columns-is-layout-9d6595d7 wp-block-columns-is-layout-flex\">\n<div class=\"wp-block-column is-layout-flow wp-block-column-is-layout-flow\"><\/div>\n\n\n\n<div class=\"wp-block-column is-layout-flow wp-block-column-is-layout-flow\" style=\"flex-basis:60%\">\n<div class=\"alert alert-warning d-flex align-items-top\" role=\"alert\">\n<i class=\"fa fa-info-circle\" aria-hidden=\"true\"><\/i>\n\n  <div class=\"ps-2\">\nIf you have found yourself on this page, it means that you have probably encountered our warning sign prohibiting entry into the area marked in this way.\n  <\/div>\n<\/div>\n\n\n\n<figure class=\"wp-block-image size-full\"><img loading=\"lazy\" decoding=\"async\" width=\"759\" height=\"330\" src=\"https:\/\/gotrack.pl\/wp-content\/uploads\/2024\/10\/safety-en.jpg\" alt=\"\" class=\"wp-image-23117\" srcset=\"https:\/\/gotrack.pl\/wp-content\/uploads\/2024\/10\/safety-en.jpg 759w, https:\/\/gotrack.pl\/wp-content\/uploads\/2024\/10\/safety-en-300x130.jpg 300w\" sizes=\"auto, (max-width: 759px) 100vw, 759px\" \/><\/figure>\n\n\n\n<p>We inform you that in the marked area at this or any other time, work is being carried out, was being carried out or will be carried out using unmanned autonomous GOtrack tractors.<\/p>\n\n\n\n<p>It is not allowed for outsiders who are not direct users of the GOtrack system to stay in the area where the work is being carried out using GOtrack autonomous vehicles. Safely move away from this place and find another route that will allow you to continue your journey<\/p>\n\n\n\n<div class=\"d-flex mb-3\">\n<div class=\"pe-2\"><i class=\"fa fa-info-circle\" aria-hidden=\"true\" style=\"color:#1761ab\"><\/i><\/div>\n<div class=\"fw-bold\">Remember! Do not enter the marked area under any circumstances!<\/div>\n<\/div>\n\n\n\n<p>However, if, despite the warnings, you decide to enter the marked area, you will be at risk of losing your health or life, for which you are personally responsible, because you have broken the rule of no entry.<\/p>\n\n\n\n<div class=\"d-flex mb-3\">\n<div class=\"pe-2\"><i class=\"fa fa-info-circle\" aria-hidden=\"true\" style=\"color:#1761ab\"><\/i><\/div>\n<div class=\"fw-bold\">We are looking on your thoughtful decisions!<\/div>\n<\/div>\n\n\n\n<p>If you want to know more, contact us. GOtrack Team.<\/p>\n\n\n\n<p>Here you can download a collection of information on the safe use of the GOtrack Auto DRIVE system.<\/p>\n\n\n\n<p class=\"has-text-align-center\"><strong>Here you can download a collection of information regarding the safe use of the GOtrack Auto DRIVE system.<\/strong><\/p>\n\n\n\n<div class=\"text-center\">\n<i class=\"fa fa-angle-double-down\" aria-hidden=\"true\" style=\"color:#1761ab;font-size:64px\"><\/i>\n<\/div>\n<\/div>\n\n\n\n<div class=\"wp-block-column is-layout-flow wp-block-column-is-layout-flow\"><\/div>\n<\/div>\n","protected":false},"excerpt":{"rendered":"<p>If you have found yourself on this page, it means that you have probably encountered our warning sign prohibiting entry into the area marked in this way. We inform you that in the marked area at this or any other time, work is being carried out, was being carried out or will be carried out [&hellip;]<\/p>\n","protected":false},"author":1,"featured_media":0,"parent":0,"menu_order":0,"comment_status":"closed","ping_status":"closed","template":"szablon-do-pobrania.php","meta":{"_acf_changed":false,"footnotes":""},"class_list":["post-23111","page","type-page","status-publish","hentry"],"acf":[],"yoast_head":"<!-- This site is optimized with the Yoast SEO plugin v27.4 - https:\/\/yoast.com\/product\/yoast-seo-wordpress\/ -->\n<title>Safety rules - GOtrack<\/title>\n<meta name=\"robots\" content=\"index, follow, max-snippet:-1, max-image-preview:large, max-video-preview:-1\" \/>\n<link rel=\"canonical\" href=\"https:\/\/n2024.mr-wolf.pl\/en\/safety-rules\/\" \/>\n<meta property=\"og:locale\" content=\"en_US\" \/>\n<meta property=\"og:type\" content=\"article\" \/>\n<meta property=\"og:title\" content=\"Safety rules - GOtrack\" \/>\n<meta property=\"og:description\" content=\"If you have found yourself on this page, it means that you have probably encountered our warning sign prohibiting entry into the area marked in this way. We inform you that in the marked area at this or any other time, work is being carried out, was being carried out or will be carried out [&hellip;]\" \/>\n<meta property=\"og:url\" content=\"https:\/\/n2024.mr-wolf.pl\/en\/safety-rules\/\" \/>\n<meta property=\"og:site_name\" content=\"GOtrack\" \/>\n<meta property=\"article:publisher\" content=\"https:\/\/www.facebook.com\/gotrackgps\/\" \/>\n<meta property=\"article:modified_time\" content=\"2024-10-21T07:54:11+00:00\" \/>\n<meta property=\"og:image\" content=\"https:\/\/n2024.mr-wolf.pl\/wp-content\/uploads\/2024\/10\/safety-en.jpg\" \/>\n<meta name=\"twitter:card\" content=\"summary_large_image\" \/>\n<meta name=\"twitter:label1\" content=\"Est. reading time\" \/>\n\t<meta name=\"twitter:data1\" content=\"2 minutes\" \/>\n<script type=\"application\/ld+json\" class=\"yoast-schema-graph\">{\"@context\":\"https:\\\/\\\/schema.org\",\"@graph\":[{\"@type\":\"WebPage\",\"@id\":\"https:\\\/\\\/n2024.mr-wolf.pl\\\/en\\\/safety-rules\\\/\",\"url\":\"https:\\\/\\\/n2024.mr-wolf.pl\\\/en\\\/safety-rules\\\/\",\"name\":\"Safety rules - GOtrack\",\"isPartOf\":{\"@id\":\"https:\\\/\\\/gotrack.pl\\\/#website\"},\"primaryImageOfPage\":{\"@id\":\"https:\\\/\\\/n2024.mr-wolf.pl\\\/en\\\/safety-rules\\\/#primaryimage\"},\"image\":{\"@id\":\"https:\\\/\\\/n2024.mr-wolf.pl\\\/en\\\/safety-rules\\\/#primaryimage\"},\"thumbnailUrl\":\"https:\\\/\\\/gotrack.pl\\\/wp-content\\\/uploads\\\/2024\\\/10\\\/safety-en.jpg\",\"datePublished\":\"2024-10-09T03:19:53+00:00\",\"dateModified\":\"2024-10-21T07:54:11+00:00\",\"breadcrumb\":{\"@id\":\"https:\\\/\\\/n2024.mr-wolf.pl\\\/en\\\/safety-rules\\\/#breadcrumb\"},\"inLanguage\":\"en-US\",\"potentialAction\":[{\"@type\":\"ReadAction\",\"target\":[\"https:\\\/\\\/n2024.mr-wolf.pl\\\/en\\\/safety-rules\\\/\"]}]},{\"@type\":\"ImageObject\",\"inLanguage\":\"en-US\",\"@id\":\"https:\\\/\\\/n2024.mr-wolf.pl\\\/en\\\/safety-rules\\\/#primaryimage\",\"url\":\"https:\\\/\\\/gotrack.pl\\\/wp-content\\\/uploads\\\/2024\\\/10\\\/safety-en.jpg\",\"contentUrl\":\"https:\\\/\\\/gotrack.pl\\\/wp-content\\\/uploads\\\/2024\\\/10\\\/safety-en.jpg\"},{\"@type\":\"BreadcrumbList\",\"@id\":\"https:\\\/\\\/n2024.mr-wolf.pl\\\/en\\\/safety-rules\\\/#breadcrumb\",\"itemListElement\":[{\"@type\":\"ListItem\",\"position\":1,\"name\":\"Strona g\u0142\u00f3wna\",\"item\":\"https:\\\/\\\/gotrack.pl\\\/en\\\/\"},{\"@type\":\"ListItem\",\"position\":2,\"name\":\"Safety rules\"}]},{\"@type\":\"WebSite\",\"@id\":\"https:\\\/\\\/gotrack.pl\\\/#website\",\"url\":\"https:\\\/\\\/gotrack.pl\\\/\",\"name\":\"GOtrack\",\"description\":\"Producent system\u00f3w umo\u017cliwiaj\u0105cych precyzyjne, zdalne sterowanie maszynami, ci\u0105gnikami i urz\u0105dzeniami sadowniczymi.\",\"publisher\":{\"@id\":\"https:\\\/\\\/gotrack.pl\\\/#organization\"},\"potentialAction\":[{\"@type\":\"SearchAction\",\"target\":{\"@type\":\"EntryPoint\",\"urlTemplate\":\"https:\\\/\\\/gotrack.pl\\\/?s={search_term_string}\"},\"query-input\":{\"@type\":\"PropertyValueSpecification\",\"valueRequired\":true,\"valueName\":\"search_term_string\"}}],\"inLanguage\":\"en-US\"},{\"@type\":\"Organization\",\"@id\":\"https:\\\/\\\/gotrack.pl\\\/#organization\",\"name\":\"GOtrack\",\"url\":\"https:\\\/\\\/gotrack.pl\\\/\",\"logo\":{\"@type\":\"ImageObject\",\"inLanguage\":\"en-US\",\"@id\":\"https:\\\/\\\/gotrack.pl\\\/#\\\/schema\\\/logo\\\/image\\\/\",\"url\":\"https:\\\/\\\/gotrack.pl\\\/wp-content\\\/uploads\\\/2022\\\/11\\\/logo-gotrack.jpg\",\"contentUrl\":\"https:\\\/\\\/gotrack.pl\\\/wp-content\\\/uploads\\\/2022\\\/11\\\/logo-gotrack.jpg\",\"width\":206,\"height\":58,\"caption\":\"GOtrack\"},\"image\":{\"@id\":\"https:\\\/\\\/gotrack.pl\\\/#\\\/schema\\\/logo\\\/image\\\/\"},\"sameAs\":[\"https:\\\/\\\/www.facebook.com\\\/gotrackgps\\\/\",\"https:\\\/\\\/www.youtube.com\\\/user\\\/gotrackpl\"]}]}<\/script>\n<!-- \/ Yoast SEO plugin. -->","yoast_head_json":{"title":"Safety rules - GOtrack","robots":{"index":"index","follow":"follow","max-snippet":"max-snippet:-1","max-image-preview":"max-image-preview:large","max-video-preview":"max-video-preview:-1"},"canonical":"https:\/\/n2024.mr-wolf.pl\/en\/safety-rules\/","og_locale":"en_US","og_type":"article","og_title":"Safety rules - GOtrack","og_description":"If you have found yourself on this page, it means that you have probably encountered our warning sign prohibiting entry into the area marked in this way. We inform you that in the marked area at this or any other time, work is being carried out, was being carried out or will be carried out [&hellip;]","og_url":"https:\/\/n2024.mr-wolf.pl\/en\/safety-rules\/","og_site_name":"GOtrack","article_publisher":"https:\/\/www.facebook.com\/gotrackgps\/","article_modified_time":"2024-10-21T07:54:11+00:00","og_image":[{"url":"https:\/\/n2024.mr-wolf.pl\/wp-content\/uploads\/2024\/10\/safety-en.jpg","type":"","width":"","height":""}],"twitter_card":"summary_large_image","twitter_misc":{"Est. reading time":"2 minutes"},"schema":{"@context":"https:\/\/schema.org","@graph":[{"@type":"WebPage","@id":"https:\/\/n2024.mr-wolf.pl\/en\/safety-rules\/","url":"https:\/\/n2024.mr-wolf.pl\/en\/safety-rules\/","name":"Safety rules - GOtrack","isPartOf":{"@id":"https:\/\/gotrack.pl\/#website"},"primaryImageOfPage":{"@id":"https:\/\/n2024.mr-wolf.pl\/en\/safety-rules\/#primaryimage"},"image":{"@id":"https:\/\/n2024.mr-wolf.pl\/en\/safety-rules\/#primaryimage"},"thumbnailUrl":"https:\/\/gotrack.pl\/wp-content\/uploads\/2024\/10\/safety-en.jpg","datePublished":"2024-10-09T03:19:53+00:00","dateModified":"2024-10-21T07:54:11+00:00","breadcrumb":{"@id":"https:\/\/n2024.mr-wolf.pl\/en\/safety-rules\/#breadcrumb"},"inLanguage":"en-US","potentialAction":[{"@type":"ReadAction","target":["https:\/\/n2024.mr-wolf.pl\/en\/safety-rules\/"]}]},{"@type":"ImageObject","inLanguage":"en-US","@id":"https:\/\/n2024.mr-wolf.pl\/en\/safety-rules\/#primaryimage","url":"https:\/\/gotrack.pl\/wp-content\/uploads\/2024\/10\/safety-en.jpg","contentUrl":"https:\/\/gotrack.pl\/wp-content\/uploads\/2024\/10\/safety-en.jpg"},{"@type":"BreadcrumbList","@id":"https:\/\/n2024.mr-wolf.pl\/en\/safety-rules\/#breadcrumb","itemListElement":[{"@type":"ListItem","position":1,"name":"Strona g\u0142\u00f3wna","item":"https:\/\/gotrack.pl\/en\/"},{"@type":"ListItem","position":2,"name":"Safety rules"}]},{"@type":"WebSite","@id":"https:\/\/gotrack.pl\/#website","url":"https:\/\/gotrack.pl\/","name":"GOtrack","description":"Producent system\u00f3w umo\u017cliwiaj\u0105cych precyzyjne, zdalne sterowanie maszynami, ci\u0105gnikami i urz\u0105dzeniami sadowniczymi.","publisher":{"@id":"https:\/\/gotrack.pl\/#organization"},"potentialAction":[{"@type":"SearchAction","target":{"@type":"EntryPoint","urlTemplate":"https:\/\/gotrack.pl\/?s={search_term_string}"},"query-input":{"@type":"PropertyValueSpecification","valueRequired":true,"valueName":"search_term_string"}}],"inLanguage":"en-US"},{"@type":"Organization","@id":"https:\/\/gotrack.pl\/#organization","name":"GOtrack","url":"https:\/\/gotrack.pl\/","logo":{"@type":"ImageObject","inLanguage":"en-US","@id":"https:\/\/gotrack.pl\/#\/schema\/logo\/image\/","url":"https:\/\/gotrack.pl\/wp-content\/uploads\/2022\/11\/logo-gotrack.jpg","contentUrl":"https:\/\/gotrack.pl\/wp-content\/uploads\/2022\/11\/logo-gotrack.jpg","width":206,"height":58,"caption":"GOtrack"},"image":{"@id":"https:\/\/gotrack.pl\/#\/schema\/logo\/image\/"},"sameAs":["https:\/\/www.facebook.com\/gotrackgps\/","https:\/\/www.youtube.com\/user\/gotrackpl"]}]}},"pbg_featured_image_src":{"full":false,"thumbnail":false,"medium":false,"medium_large":false,"large":false,"1536x1536":false,"2048x2048":false,"home-bottom":false},"pbg_author_info":{"display_name":"admin","author_link":"https:\/\/gotrack.pl\/en\/author\/admin\/","author_img":"<img alt='admin' src='https:\/\/secure.gravatar.com\/avatar\/1eedd1b09d6474dacfe14ff0f4581d744ac9c2c9a9a8af1b47f6f8180d3e7951?s=128&#038;d=mm&#038;r=g' srcset='https:\/\/secure.gravatar.com\/avatar\/1eedd1b09d6474dacfe14ff0f4581d744ac9c2c9a9a8af1b47f6f8180d3e7951?s=256&#038;d=mm&#038;r=g 2x' class='avatar avatar-128 photo' height='128' width='128' loading='lazy' decoding='async'\/>"},"pbg_comment_info":" No Comments","pbg_excerpt":"If you have found yourself on this page, it means that you have probably encountered our warning sign prohibiting entry into the area marked in this way. We inform you that in the marked area at this or any other time, work is being carried out, was being carried out or will be carried out&hellip;","_links":{"self":[{"href":"https:\/\/gotrack.pl\/en\/wp-json\/wp\/v2\/pages\/23111","targetHints":{"allow":["GET"]}}],"collection":[{"href":"https:\/\/gotrack.pl\/en\/wp-json\/wp\/v2\/pages"}],"about":[{"href":"https:\/\/gotrack.pl\/en\/wp-json\/wp\/v2\/types\/page"}],"author":[{"embeddable":true,"href":"https:\/\/gotrack.pl\/en\/wp-json\/wp\/v2\/users\/1"}],"replies":[{"embeddable":true,"href":"https:\/\/gotrack.pl\/en\/wp-json\/wp\/v2\/comments?post=23111"}],"version-history":[{"count":3,"href":"https:\/\/gotrack.pl\/en\/wp-json\/wp\/v2\/pages\/23111\/revisions"}],"predecessor-version":[{"id":23249,"href":"https:\/\/gotrack.pl\/en\/wp-json\/wp\/v2\/pages\/23111\/revisions\/23249"}],"wp:attachment":[{"href":"https:\/\/gotrack.pl\/en\/wp-json\/wp\/v2\/media?parent=23111"}],"curies":[{"name":"wp","href":"https:\/\/api.w.org\/{rel}","templated":true}]}}