{"id":23039,"date":"2024-10-20T10:45:18","date_gmt":"2024-10-20T08:45:18","guid":{"rendered":"https:\/\/gotrack.pl\/modul-air-control\/"},"modified":"2024-11-04T11:20:35","modified_gmt":"2024-11-04T10:20:35","slug":"modul-air-control","status":"publish","type":"page","link":"https:\/\/gotrack.pl\/en\/modul-air-control\/","title":{"rendered":"Air Control module"},"content":{"rendered":"\n<div style=\"height:25px\" aria-hidden=\"true\" class=\"wp-block-spacer\"><\/div>\n\n\n\n<div class=\"wp-block-columns are-vertically-aligned-center container is-layout-flex wp-container-core-columns-is-layout-9d6595d7 wp-block-columns-is-layout-flex\">\n<div class=\"wp-block-column is-vertically-aligned-center is-layout-flow wp-block-column-is-layout-flow\"><style>\n\n\n<\/style>\n<div class=\"d-flex align-items-center justify-content-between py-3\">\n\n\n    <div class=\"arrow-h2 d-flex align-items-center\">\n        <div>\n            <img loading=\"lazy\" decoding=\"async\" width=\"130\" height=\"121\" src=\"https:\/\/gotrack.pl\/wp-content\/uploads\/2024\/10\/arrow-gotrack-primary.svg\" class=\"attachment-thumbnail size-thumbnail\" alt=\"\" \/>        <\/div>\n\n        <div class=\"ps-3\">\n            <div class=\"h2 mb-0 pb-0 fw-bold color-title-body\" style=\"line-height: 35px\">\n                Air Control module                <br>            <\/div>\n        <\/div>\n    <\/div>\n\n<!--    <div class=\"section-logo-line\">-->\n<!--    <\/div>-->\n\n<!--    <div class=\"logo-section\">-->\n<!--        --><!---->\n<!--    <\/div>-->\n\n\n\n<\/div>\n\n\n<div style=\"height:25px\" aria-hidden=\"true\" class=\"wp-block-spacer\"><\/div>\n\n\n\n<p><strong>The main function of the Air Control module is to reduce the drift of anti-drift spray drops beyond the plants and trees designated for application.<\/strong><\/p>\n\n\n\n<p>The stream of air and mist of plant protection products flowing out of the fan column of the sprayer is supposed to hit the protected plants precisely. In fact, the direction and speed of this mixture is largely dependent on locally occurring wind gusts. As a result, there is a \u201cdrift\u201d of spraying on undesirable areas of the plantation.<\/p>\n\n\n\n<p>The Air Control device manages the operation of the side covers of the fan columns. The user has the option of opening or closing the shutters on the selected side of the column, depending on the local drift winds.<\/p>\n\n\n\n<p>Air Control is a module that extends the functionality of all GOtrack e-Spray computers.<\/p>\n<\/div>\n\n\n\n<div class=\"wp-block-column is-vertically-aligned-center is-layout-flow wp-block-column-is-layout-flow\">\n<figure class=\"wp-block-image size-full\"><img loading=\"lazy\" decoding=\"async\" width=\"714\" height=\"667\" src=\"https:\/\/gotrack.pl\/wp-content\/uploads\/2024\/11\/Air-Control-EN.png\" alt=\"\" class=\"wp-image-25601\" srcset=\"https:\/\/gotrack.pl\/wp-content\/uploads\/2024\/11\/Air-Control-EN.png 714w, https:\/\/gotrack.pl\/wp-content\/uploads\/2024\/11\/Air-Control-EN-300x280.png 300w\" sizes=\"auto, (max-width: 714px) 100vw, 714px\" \/><\/figure>\n<\/div>\n<\/div>\n\n\n\n<div class=\"wp-block-group has-background\" style=\"background-color:#fafafa\"><div class=\"wp-block-group__inner-container is-layout-constrained wp-block-group-is-layout-constrained\">\n<div style=\"height:50px\" aria-hidden=\"true\" class=\"wp-block-spacer\"><\/div>\n\n\n\n<div class=\"wp-block-columns container is-layout-flex wp-container-core-columns-is-layout-9d6595d7 wp-block-columns-is-layout-flex\">\n<div class=\"wp-block-column is-layout-flow wp-block-column-is-layout-flow\">\n<h3 class=\"wp-block-heading\"><strong>Benefits<\/strong><\/h3>\n\n\n\n<div style=\"height:25px\" aria-hidden=\"true\" class=\"wp-block-spacer\"><\/div>\n\n\n\n<ul class=\"wp-block-list\">\n<li>reduction of spray drift outside the designated \u201canti drift\u201d zones<\/li>\n\n\n\n<li>savings in the amount of spray applied<\/li>\n\n\n\n<li>high precision in the application of plant protection products<\/li>\n\n\n\n<li>positive impact on environmental protection<\/li>\n\n\n\n<li>the possibility of obtaining a report on the course of treatments, available for e-Spray PRO<\/li>\n<\/ul>\n<\/div>\n\n\n\n<div class=\"wp-block-column is-layout-flow wp-block-column-is-layout-flow\">\n<h3 class=\"wp-block-heading\"><strong>Technical parameters<\/strong><\/h3>\n\n\n\n<div style=\"height:25px\" aria-hidden=\"true\" class=\"wp-block-spacer\"><\/div>\n\n\n\n<ul class=\"wp-block-list\">\n<li>12VDC power supply<\/li>\n\n\n\n<li>digital communication via CAN-BUS<\/li>\n\n\n\n<li>designed for integration with all GOtrack sprayer computers<\/li>\n\n\n\n<li>control of 1 or 2 aperture actuators<\/li>\n\n\n\n<li>manual control by the user performing the procedure<\/li>\n\n\n\n<li>the possibility of integration with the weather station service to automate the control of the shutters<\/li>\n\n\n\n<li>a device dedicated to sprayers equipped with fan columns with adjustable apertures<\/li>\n<\/ul>\n<\/div>\n<\/div>\n\n\n\n<div style=\"height:50px\" aria-hidden=\"true\" class=\"wp-block-spacer\"><\/div>\n<\/div><\/div>\n\n\n\n<div style=\"height:50px\" aria-hidden=\"true\" class=\"wp-block-spacer\"><\/div>\n\n\n\n<div class=\"wp-block-columns container is-layout-flex wp-container-core-columns-is-layout-9d6595d7 wp-block-columns-is-layout-flex\">\n<div class=\"wp-block-column is-layout-flow wp-block-column-is-layout-flow\"><style>\n\n\n<\/style>\n<div class=\"d-flex align-items-center justify-content-between py-3\">\n\n\n    <div class=\"arrow-h2 d-flex align-items-center\">\n        <div>\n            <img loading=\"lazy\" decoding=\"async\" width=\"130\" height=\"121\" src=\"https:\/\/gotrack.pl\/wp-content\/uploads\/2024\/10\/arrow-gotrack-primary.svg\" class=\"attachment-thumbnail size-thumbnail\" alt=\"\" \/>        <\/div>\n\n        <div class=\"ps-3\">\n            <div class=\"h2 mb-0 pb-0 fw-bold color-title-body\" style=\"line-height: 35px\">\n                Pliki do pobrania                <br>            <\/div>\n        <\/div>\n    <\/div>\n\n<!--    <div class=\"section-logo-line\">-->\n<!--    <\/div>-->\n\n<!--    <div class=\"logo-section\">-->\n<!--        --><!---->\n<!--    <\/div>-->\n\n\n\n<\/div><\/div>\n<\/div>\n","protected":false},"excerpt":{"rendered":"<p>The main function of the Air Control module is to reduce the drift of anti-drift spray drops beyond the plants and trees designated for application. The stream of air and mist of plant protection products flowing out of the fan column of the sprayer is supposed to hit the protected plants precisely. In fact, the [&hellip;]<\/p>\n","protected":false},"author":1,"featured_media":0,"parent":0,"menu_order":0,"comment_status":"closed","ping_status":"closed","template":"szablon-module.php","meta":{"_acf_changed":false,"footnotes":""},"class_list":["post-23039","page","type-page","status-publish","hentry"],"acf":[],"yoast_head":"<!-- This site is optimized with the Yoast SEO plugin v27.4 - https:\/\/yoast.com\/product\/yoast-seo-wordpress\/ -->\n<title>Air Control module - GOtrack<\/title>\n<meta name=\"robots\" content=\"index, follow, max-snippet:-1, max-image-preview:large, max-video-preview:-1\" \/>\n<link rel=\"canonical\" href=\"https:\/\/n2024.mr-wolf.pl\/en\/modul-air-control\/\" \/>\n<meta property=\"og:locale\" content=\"en_US\" \/>\n<meta property=\"og:type\" content=\"article\" \/>\n<meta property=\"og:title\" content=\"Air Control module - GOtrack\" \/>\n<meta property=\"og:description\" content=\"The main function of the Air Control module is to reduce the drift of anti-drift spray drops beyond the plants and trees designated for application. The stream of air and mist of plant protection products flowing out of the fan column of the sprayer is supposed to hit the protected plants precisely. In fact, the [&hellip;]\" \/>\n<meta property=\"og:url\" content=\"https:\/\/n2024.mr-wolf.pl\/en\/modul-air-control\/\" \/>\n<meta property=\"og:site_name\" content=\"GOtrack\" \/>\n<meta property=\"article:publisher\" content=\"https:\/\/www.facebook.com\/gotrackgps\/\" \/>\n<meta property=\"article:modified_time\" content=\"2024-11-04T10:20:35+00:00\" \/>\n<meta property=\"og:image\" content=\"https:\/\/n2024.mr-wolf.pl\/wp-content\/uploads\/2024\/11\/Air-Control-EN.png\" \/>\n<meta name=\"twitter:card\" content=\"summary_large_image\" \/>\n<meta name=\"twitter:label1\" content=\"Est. reading time\" \/>\n\t<meta name=\"twitter:data1\" content=\"2 minutes\" \/>\n<script type=\"application\/ld+json\" class=\"yoast-schema-graph\">{\"@context\":\"https:\\\/\\\/schema.org\",\"@graph\":[{\"@type\":\"WebPage\",\"@id\":\"https:\\\/\\\/n2024.mr-wolf.pl\\\/en\\\/modul-air-control\\\/\",\"url\":\"https:\\\/\\\/n2024.mr-wolf.pl\\\/en\\\/modul-air-control\\\/\",\"name\":\"Air Control module - GOtrack\",\"isPartOf\":{\"@id\":\"https:\\\/\\\/gotrack.pl\\\/#website\"},\"primaryImageOfPage\":{\"@id\":\"https:\\\/\\\/n2024.mr-wolf.pl\\\/en\\\/modul-air-control\\\/#primaryimage\"},\"image\":{\"@id\":\"https:\\\/\\\/n2024.mr-wolf.pl\\\/en\\\/modul-air-control\\\/#primaryimage\"},\"thumbnailUrl\":\"https:\\\/\\\/gotrack.pl\\\/wp-content\\\/uploads\\\/2024\\\/11\\\/Air-Control-EN.png\",\"datePublished\":\"2024-10-20T08:45:18+00:00\",\"dateModified\":\"2024-11-04T10:20:35+00:00\",\"breadcrumb\":{\"@id\":\"https:\\\/\\\/n2024.mr-wolf.pl\\\/en\\\/modul-air-control\\\/#breadcrumb\"},\"inLanguage\":\"en-US\",\"potentialAction\":[{\"@type\":\"ReadAction\",\"target\":[\"https:\\\/\\\/n2024.mr-wolf.pl\\\/en\\\/modul-air-control\\\/\"]}]},{\"@type\":\"ImageObject\",\"inLanguage\":\"en-US\",\"@id\":\"https:\\\/\\\/n2024.mr-wolf.pl\\\/en\\\/modul-air-control\\\/#primaryimage\",\"url\":\"https:\\\/\\\/gotrack.pl\\\/wp-content\\\/uploads\\\/2024\\\/11\\\/Air-Control-EN.png\",\"contentUrl\":\"https:\\\/\\\/gotrack.pl\\\/wp-content\\\/uploads\\\/2024\\\/11\\\/Air-Control-EN.png\"},{\"@type\":\"BreadcrumbList\",\"@id\":\"https:\\\/\\\/n2024.mr-wolf.pl\\\/en\\\/modul-air-control\\\/#breadcrumb\",\"itemListElement\":[{\"@type\":\"ListItem\",\"position\":1,\"name\":\"Strona g\u0142\u00f3wna\",\"item\":\"https:\\\/\\\/gotrack.pl\\\/en\\\/\"},{\"@type\":\"ListItem\",\"position\":2,\"name\":\"Air Control module\"}]},{\"@type\":\"WebSite\",\"@id\":\"https:\\\/\\\/gotrack.pl\\\/#website\",\"url\":\"https:\\\/\\\/gotrack.pl\\\/\",\"name\":\"GOtrack\",\"description\":\"Producent system\u00f3w umo\u017cliwiaj\u0105cych precyzyjne, zdalne sterowanie maszynami, ci\u0105gnikami i urz\u0105dzeniami sadowniczymi.\",\"publisher\":{\"@id\":\"https:\\\/\\\/gotrack.pl\\\/#organization\"},\"potentialAction\":[{\"@type\":\"SearchAction\",\"target\":{\"@type\":\"EntryPoint\",\"urlTemplate\":\"https:\\\/\\\/gotrack.pl\\\/?s={search_term_string}\"},\"query-input\":{\"@type\":\"PropertyValueSpecification\",\"valueRequired\":true,\"valueName\":\"search_term_string\"}}],\"inLanguage\":\"en-US\"},{\"@type\":\"Organization\",\"@id\":\"https:\\\/\\\/gotrack.pl\\\/#organization\",\"name\":\"GOtrack\",\"url\":\"https:\\\/\\\/gotrack.pl\\\/\",\"logo\":{\"@type\":\"ImageObject\",\"inLanguage\":\"en-US\",\"@id\":\"https:\\\/\\\/gotrack.pl\\\/#\\\/schema\\\/logo\\\/image\\\/\",\"url\":\"https:\\\/\\\/gotrack.pl\\\/wp-content\\\/uploads\\\/2022\\\/11\\\/logo-gotrack.jpg\",\"contentUrl\":\"https:\\\/\\\/gotrack.pl\\\/wp-content\\\/uploads\\\/2022\\\/11\\\/logo-gotrack.jpg\",\"width\":206,\"height\":58,\"caption\":\"GOtrack\"},\"image\":{\"@id\":\"https:\\\/\\\/gotrack.pl\\\/#\\\/schema\\\/logo\\\/image\\\/\"},\"sameAs\":[\"https:\\\/\\\/www.facebook.com\\\/gotrackgps\\\/\",\"https:\\\/\\\/www.youtube.com\\\/user\\\/gotrackpl\"]}]}<\/script>\n<!-- \/ Yoast SEO plugin. -->","yoast_head_json":{"title":"Air Control module - GOtrack","robots":{"index":"index","follow":"follow","max-snippet":"max-snippet:-1","max-image-preview":"max-image-preview:large","max-video-preview":"max-video-preview:-1"},"canonical":"https:\/\/n2024.mr-wolf.pl\/en\/modul-air-control\/","og_locale":"en_US","og_type":"article","og_title":"Air Control module - GOtrack","og_description":"The main function of the Air Control module is to reduce the drift of anti-drift spray drops beyond the plants and trees designated for application. The stream of air and mist of plant protection products flowing out of the fan column of the sprayer is supposed to hit the protected plants precisely. In fact, the [&hellip;]","og_url":"https:\/\/n2024.mr-wolf.pl\/en\/modul-air-control\/","og_site_name":"GOtrack","article_publisher":"https:\/\/www.facebook.com\/gotrackgps\/","article_modified_time":"2024-11-04T10:20:35+00:00","og_image":[{"url":"https:\/\/n2024.mr-wolf.pl\/wp-content\/uploads\/2024\/11\/Air-Control-EN.png","type":"","width":"","height":""}],"twitter_card":"summary_large_image","twitter_misc":{"Est. reading time":"2 minutes"},"schema":{"@context":"https:\/\/schema.org","@graph":[{"@type":"WebPage","@id":"https:\/\/n2024.mr-wolf.pl\/en\/modul-air-control\/","url":"https:\/\/n2024.mr-wolf.pl\/en\/modul-air-control\/","name":"Air Control module - GOtrack","isPartOf":{"@id":"https:\/\/gotrack.pl\/#website"},"primaryImageOfPage":{"@id":"https:\/\/n2024.mr-wolf.pl\/en\/modul-air-control\/#primaryimage"},"image":{"@id":"https:\/\/n2024.mr-wolf.pl\/en\/modul-air-control\/#primaryimage"},"thumbnailUrl":"https:\/\/gotrack.pl\/wp-content\/uploads\/2024\/11\/Air-Control-EN.png","datePublished":"2024-10-20T08:45:18+00:00","dateModified":"2024-11-04T10:20:35+00:00","breadcrumb":{"@id":"https:\/\/n2024.mr-wolf.pl\/en\/modul-air-control\/#breadcrumb"},"inLanguage":"en-US","potentialAction":[{"@type":"ReadAction","target":["https:\/\/n2024.mr-wolf.pl\/en\/modul-air-control\/"]}]},{"@type":"ImageObject","inLanguage":"en-US","@id":"https:\/\/n2024.mr-wolf.pl\/en\/modul-air-control\/#primaryimage","url":"https:\/\/gotrack.pl\/wp-content\/uploads\/2024\/11\/Air-Control-EN.png","contentUrl":"https:\/\/gotrack.pl\/wp-content\/uploads\/2024\/11\/Air-Control-EN.png"},{"@type":"BreadcrumbList","@id":"https:\/\/n2024.mr-wolf.pl\/en\/modul-air-control\/#breadcrumb","itemListElement":[{"@type":"ListItem","position":1,"name":"Strona g\u0142\u00f3wna","item":"https:\/\/gotrack.pl\/en\/"},{"@type":"ListItem","position":2,"name":"Air Control module"}]},{"@type":"WebSite","@id":"https:\/\/gotrack.pl\/#website","url":"https:\/\/gotrack.pl\/","name":"GOtrack","description":"Producent system\u00f3w umo\u017cliwiaj\u0105cych precyzyjne, zdalne sterowanie maszynami, ci\u0105gnikami i urz\u0105dzeniami sadowniczymi.","publisher":{"@id":"https:\/\/gotrack.pl\/#organization"},"potentialAction":[{"@type":"SearchAction","target":{"@type":"EntryPoint","urlTemplate":"https:\/\/gotrack.pl\/?s={search_term_string}"},"query-input":{"@type":"PropertyValueSpecification","valueRequired":true,"valueName":"search_term_string"}}],"inLanguage":"en-US"},{"@type":"Organization","@id":"https:\/\/gotrack.pl\/#organization","name":"GOtrack","url":"https:\/\/gotrack.pl\/","logo":{"@type":"ImageObject","inLanguage":"en-US","@id":"https:\/\/gotrack.pl\/#\/schema\/logo\/image\/","url":"https:\/\/gotrack.pl\/wp-content\/uploads\/2022\/11\/logo-gotrack.jpg","contentUrl":"https:\/\/gotrack.pl\/wp-content\/uploads\/2022\/11\/logo-gotrack.jpg","width":206,"height":58,"caption":"GOtrack"},"image":{"@id":"https:\/\/gotrack.pl\/#\/schema\/logo\/image\/"},"sameAs":["https:\/\/www.facebook.com\/gotrackgps\/","https:\/\/www.youtube.com\/user\/gotrackpl"]}]}},"pbg_featured_image_src":{"full":false,"thumbnail":false,"medium":false,"medium_large":false,"large":false,"1536x1536":false,"2048x2048":false,"home-bottom":false},"pbg_author_info":{"display_name":"admin","author_link":"https:\/\/gotrack.pl\/en\/author\/admin\/","author_img":"<img alt='admin' src='https:\/\/secure.gravatar.com\/avatar\/1eedd1b09d6474dacfe14ff0f4581d744ac9c2c9a9a8af1b47f6f8180d3e7951?s=128&#038;d=mm&#038;r=g' srcset='https:\/\/secure.gravatar.com\/avatar\/1eedd1b09d6474dacfe14ff0f4581d744ac9c2c9a9a8af1b47f6f8180d3e7951?s=256&#038;d=mm&#038;r=g 2x' class='avatar avatar-128 photo' height='128' width='128' loading='lazy' decoding='async'\/>"},"pbg_comment_info":" No Comments","pbg_excerpt":"The main function of the Air Control module is to reduce the drift of anti-drift spray drops beyond the plants and trees designated for application. The stream of air and mist of plant protection products flowing out of the fan column of the sprayer is supposed to hit the protected plants precisely. In fact, the&hellip;","_links":{"self":[{"href":"https:\/\/gotrack.pl\/en\/wp-json\/wp\/v2\/pages\/23039","targetHints":{"allow":["GET"]}}],"collection":[{"href":"https:\/\/gotrack.pl\/en\/wp-json\/wp\/v2\/pages"}],"about":[{"href":"https:\/\/gotrack.pl\/en\/wp-json\/wp\/v2\/types\/page"}],"author":[{"embeddable":true,"href":"https:\/\/gotrack.pl\/en\/wp-json\/wp\/v2\/users\/1"}],"replies":[{"embeddable":true,"href":"https:\/\/gotrack.pl\/en\/wp-json\/wp\/v2\/comments?post=23039"}],"version-history":[{"count":6,"href":"https:\/\/gotrack.pl\/en\/wp-json\/wp\/v2\/pages\/23039\/revisions"}],"predecessor-version":[{"id":25610,"href":"https:\/\/gotrack.pl\/en\/wp-json\/wp\/v2\/pages\/23039\/revisions\/25610"}],"wp:attachment":[{"href":"https:\/\/gotrack.pl\/en\/wp-json\/wp\/v2\/media?parent=23039"}],"curies":[{"name":"wp","href":"https:\/\/api.w.org\/{rel}","templated":true}]}}