{"id":23003,"date":"2024-10-20T10:39:16","date_gmt":"2024-10-20T08:39:16","guid":{"rendered":"https:\/\/gotrack.pl\/?page_id=23003"},"modified":"2024-10-31T14:38:48","modified_gmt":"2024-10-31T13:38:48","slug":"gps-assist","status":"publish","type":"page","link":"https:\/\/gotrack.pl\/en\/gps-assist\/","title":{"rendered":"GPS Assist"},"content":{"rendered":"\n<div style=\"height:25px\" aria-hidden=\"true\" class=\"wp-block-spacer\"><\/div>\n\n\n\n<div class=\"wp-block-columns are-vertically-aligned-center container is-layout-flex wp-container-core-columns-is-layout-9d6595d7 wp-block-columns-is-layout-flex\">\n<div class=\"wp-block-column is-vertically-aligned-center is-layout-flow wp-block-column-is-layout-flow\"><style>\n\n\n<\/style>\n<div class=\"d-flex align-items-center justify-content-between py-3\">\n\n\n    <div class=\"arrow-h2 d-flex align-items-center\">\n        <div>\n            <img loading=\"lazy\" decoding=\"async\" width=\"130\" height=\"121\" src=\"https:\/\/gotrack.pl\/wp-content\/uploads\/2024\/10\/arrow-gotrack-primary.svg\" class=\"attachment-thumbnail size-thumbnail\" alt=\"\" \/>        <\/div>\n\n        <div class=\"ps-3\">\n            <div class=\"h2 mb-0 pb-0 fw-bold color-title-body\" style=\"line-height: 35px\">\n                GPS Assist                <br>            <\/div>\n        <\/div>\n    <\/div>\n\n<!--    <div class=\"section-logo-line\">-->\n<!--    <\/div>-->\n\n<!--    <div class=\"logo-section\">-->\n<!--        --><!---->\n<!--    <\/div>-->\n\n\n\n<\/div>\n\n\n<div style=\"height:25px\" aria-hidden=\"true\" class=\"wp-block-spacer\"><\/div>\n\n\n\n<p><strong>The basic function of the GPS Assist module is navigation and automatic activation of valve sections when spraying orchards and plantations.<\/strong><\/p>\n\n\n\n<p>GPS Assist is used to automatically turn on and off the valve sections of the sprayer according to the route recorded by the user. As part of the navigation, the system activates the option of drawing a map of the trips made and those to be made in the sprayer\u2019s computer.<\/p>\n\n\n\n<p>Thanks to this device, the tractor operator does not have to manually control the activation of the valve sections during the treatment, it happens automatically with an accuracy of 2 cm. In addition, the computer display in the cabin shows a map of the plantation with marked rows that have been sprayed and those that remain for further treatment.<\/p>\n\n\n\n<p>The system ensures the safety of the procedure and eliminates the possibility of operator error when he enters the same rows several times. In this case, treatments are not duplicated in the same passes.<\/p>\n\n\n\n<p>This solution is dedicated as an extension of the functions of e-Spray GSM computers and is included in the equipment of e-Spray PRO computers.<\/p>\n\n\n\n<p>Users managing a fleet or individual sprayers have access to monitoring the location and operating parameters via the GOtrack App.<\/p>\n\n\n\n<p>GPS RTK corrections are required for the correct operation of the module. They can be obtained by subscription or by purchasing your own RTK Base.<\/p>\n<\/div>\n\n\n\n<div class=\"wp-block-column is-vertically-aligned-center is-layout-flow wp-block-column-is-layout-flow\">\n<figure class=\"wp-block-image size-full\"><img loading=\"lazy\" decoding=\"async\" width=\"714\" height=\"667\" src=\"https:\/\/gotrack.pl\/wp-content\/uploads\/2024\/10\/GPS-ASSIST-baner.png\" alt=\"\" class=\"wp-image-23798\" srcset=\"https:\/\/gotrack.pl\/wp-content\/uploads\/2024\/10\/GPS-ASSIST-baner.png 714w, https:\/\/gotrack.pl\/wp-content\/uploads\/2024\/10\/GPS-ASSIST-baner-300x280.png 300w\" sizes=\"auto, (max-width: 714px) 100vw, 714px\" \/><\/figure>\n<\/div>\n<\/div>\n\n\n\n<div class=\"wp-block-group has-background\" style=\"background-color:#fafafa\"><div class=\"wp-block-group__inner-container is-layout-constrained wp-block-group-is-layout-constrained\">\n<div style=\"height:50px\" aria-hidden=\"true\" class=\"wp-block-spacer\"><\/div>\n\n\n\n<div class=\"wp-block-columns container is-layout-flex wp-container-core-columns-is-layout-9d6595d7 wp-block-columns-is-layout-flex\">\n<div class=\"wp-block-column is-layout-flow wp-block-column-is-layout-flow\">\n<h3 class=\"wp-block-heading\"><strong>Benefits<\/strong><\/h3>\n\n\n\n<div style=\"height:25px\" aria-hidden=\"true\" class=\"wp-block-spacer\"><\/div>\n\n\n\n<ul class=\"wp-block-list\">\n<li>increasing the precision of spraying procedures<\/li>\n\n\n\n<li>increasing savings on applied plant protection products<\/li>\n\n\n\n<li>systematization of plans and routes in rows<\/li>\n\n\n\n<li>convenient graphical navigation when driving between rows<\/li>\n\n\n\n<li>reduction of operator errors<\/li>\n\n\n\n<li>remote monitoring of the procedure performed via the GOtrack App mobile application<\/li>\n\n\n\n<li>access to the VIMS fleet management manager (optional after purchasing an additional subscription)<\/li>\n<\/ul>\n<\/div>\n\n\n\n<div class=\"wp-block-column is-layout-flow wp-block-column-is-layout-flow\">\n<h3 class=\"wp-block-heading\"><strong>Technical parameters<\/strong><\/h3>\n\n\n\n<div style=\"height:25px\" aria-hidden=\"true\" class=\"wp-block-spacer\"><\/div>\n\n\n\n<ul class=\"wp-block-list\">\n<li>compatibility with e-Spray GSM computers<\/li>\n\n\n\n<li>possibility of expanding e-Spray computers after upgrading the version to e-Spray GSM<\/li>\n\n\n\n<li>function included in the standard equipment of the e-Spray PRO computer<\/li>\n\n\n\n<li>the device consists of: a GPS receiver to be mounted on the roof of the tractor and an electronic module to be built into the main board of the e-Spray GSM computer<\/li>\n\n\n\n<li>12VDC power supply<\/li>\n\n\n\n<li>for proper operation, the need to obtain RTK patches in the form of a subscription or own RTK base station<\/li>\n<\/ul>\n<\/div>\n<\/div>\n\n\n\n<div style=\"height:50px\" aria-hidden=\"true\" class=\"wp-block-spacer\"><\/div>\n<\/div><\/div>\n\n\n\n<div style=\"height:50px\" aria-hidden=\"true\" class=\"wp-block-spacer\"><\/div>\n\n\n\n<div class=\"wp-block-columns container is-layout-flex wp-container-core-columns-is-layout-9d6595d7 wp-block-columns-is-layout-flex\">\n<div class=\"wp-block-column is-layout-flow wp-block-column-is-layout-flow\"><style>\n\n\n<\/style>\n<div class=\"d-flex align-items-center justify-content-between py-3\">\n\n\n    <div class=\"arrow-h2 d-flex align-items-center\">\n        <div>\n            <img loading=\"lazy\" decoding=\"async\" width=\"130\" height=\"121\" src=\"https:\/\/gotrack.pl\/wp-content\/uploads\/2024\/10\/arrow-gotrack-primary.svg\" class=\"attachment-thumbnail size-thumbnail\" alt=\"\" \/>        <\/div>\n\n        <div class=\"ps-3\">\n            <div class=\"h2 mb-0 pb-0 fw-bold color-title-body\" style=\"line-height: 35px\">\n                Files to download                <br>            <\/div>\n        <\/div>\n    <\/div>\n\n<!--    <div class=\"section-logo-line\">-->\n<!--    <\/div>-->\n\n<!--    <div class=\"logo-section\">-->\n<!--        --><!---->\n<!--    <\/div>-->\n\n\n\n<\/div><\/div>\n<\/div>\n","protected":false},"excerpt":{"rendered":"<p>The basic function of the GPS Assist module is navigation and automatic activation of valve sections when spraying orchards and plantations. GPS Assist is used to automatically turn on and off the valve sections of the sprayer according to the route recorded by the user. As part of the navigation, the system activates the option [&hellip;]<\/p>\n","protected":false},"author":1,"featured_media":0,"parent":0,"menu_order":0,"comment_status":"closed","ping_status":"closed","template":"szablon-module.php","meta":{"_acf_changed":false,"footnotes":""},"class_list":["post-23003","page","type-page","status-publish","hentry"],"acf":[],"yoast_head":"<!-- This site is optimized with the Yoast SEO plugin v27.4 - https:\/\/yoast.com\/product\/yoast-seo-wordpress\/ -->\n<title>GPS Assist - GOtrack<\/title>\n<meta name=\"robots\" content=\"index, follow, max-snippet:-1, max-image-preview:large, max-video-preview:-1\" \/>\n<link rel=\"canonical\" href=\"https:\/\/n2024.mr-wolf.pl\/en\/gps-assist\/\" \/>\n<meta property=\"og:locale\" content=\"en_US\" \/>\n<meta property=\"og:type\" content=\"article\" \/>\n<meta property=\"og:title\" content=\"GPS Assist - GOtrack\" \/>\n<meta property=\"og:description\" content=\"The basic function of the GPS Assist module is navigation and automatic activation of valve sections when spraying orchards and plantations. GPS Assist is used to automatically turn on and off the valve sections of the sprayer according to the route recorded by the user. As part of the navigation, the system activates the option [&hellip;]\" \/>\n<meta property=\"og:url\" content=\"https:\/\/n2024.mr-wolf.pl\/en\/gps-assist\/\" \/>\n<meta property=\"og:site_name\" content=\"GOtrack\" \/>\n<meta property=\"article:publisher\" content=\"https:\/\/www.facebook.com\/gotrackgps\/\" \/>\n<meta property=\"article:modified_time\" content=\"2024-10-31T13:38:48+00:00\" \/>\n<meta property=\"og:image\" content=\"https:\/\/n2024.mr-wolf.pl\/wp-content\/uploads\/2024\/10\/GPS-ASSIST-baner.png\" \/>\n<meta name=\"twitter:card\" content=\"summary_large_image\" \/>\n<meta name=\"twitter:label1\" content=\"Est. reading time\" \/>\n\t<meta name=\"twitter:data1\" content=\"3 minutes\" \/>\n<script type=\"application\/ld+json\" class=\"yoast-schema-graph\">{\"@context\":\"https:\\\/\\\/schema.org\",\"@graph\":[{\"@type\":\"WebPage\",\"@id\":\"https:\\\/\\\/n2024.mr-wolf.pl\\\/en\\\/gps-assist\\\/\",\"url\":\"https:\\\/\\\/n2024.mr-wolf.pl\\\/en\\\/gps-assist\\\/\",\"name\":\"GPS Assist - GOtrack\",\"isPartOf\":{\"@id\":\"https:\\\/\\\/gotrack.pl\\\/#website\"},\"primaryImageOfPage\":{\"@id\":\"https:\\\/\\\/n2024.mr-wolf.pl\\\/en\\\/gps-assist\\\/#primaryimage\"},\"image\":{\"@id\":\"https:\\\/\\\/n2024.mr-wolf.pl\\\/en\\\/gps-assist\\\/#primaryimage\"},\"thumbnailUrl\":\"https:\\\/\\\/gotrack.pl\\\/wp-content\\\/uploads\\\/2024\\\/10\\\/GPS-ASSIST-baner.png\",\"datePublished\":\"2024-10-20T08:39:16+00:00\",\"dateModified\":\"2024-10-31T13:38:48+00:00\",\"breadcrumb\":{\"@id\":\"https:\\\/\\\/n2024.mr-wolf.pl\\\/en\\\/gps-assist\\\/#breadcrumb\"},\"inLanguage\":\"en-US\",\"potentialAction\":[{\"@type\":\"ReadAction\",\"target\":[\"https:\\\/\\\/n2024.mr-wolf.pl\\\/en\\\/gps-assist\\\/\"]}]},{\"@type\":\"ImageObject\",\"inLanguage\":\"en-US\",\"@id\":\"https:\\\/\\\/n2024.mr-wolf.pl\\\/en\\\/gps-assist\\\/#primaryimage\",\"url\":\"https:\\\/\\\/gotrack.pl\\\/wp-content\\\/uploads\\\/2024\\\/10\\\/GPS-ASSIST-baner.png\",\"contentUrl\":\"https:\\\/\\\/gotrack.pl\\\/wp-content\\\/uploads\\\/2024\\\/10\\\/GPS-ASSIST-baner.png\"},{\"@type\":\"BreadcrumbList\",\"@id\":\"https:\\\/\\\/n2024.mr-wolf.pl\\\/en\\\/gps-assist\\\/#breadcrumb\",\"itemListElement\":[{\"@type\":\"ListItem\",\"position\":1,\"name\":\"Strona g\u0142\u00f3wna\",\"item\":\"https:\\\/\\\/gotrack.pl\\\/en\\\/\"},{\"@type\":\"ListItem\",\"position\":2,\"name\":\"GPS Assist\"}]},{\"@type\":\"WebSite\",\"@id\":\"https:\\\/\\\/gotrack.pl\\\/#website\",\"url\":\"https:\\\/\\\/gotrack.pl\\\/\",\"name\":\"GOtrack\",\"description\":\"Producent system\u00f3w umo\u017cliwiaj\u0105cych precyzyjne, zdalne sterowanie maszynami, ci\u0105gnikami i urz\u0105dzeniami sadowniczymi.\",\"publisher\":{\"@id\":\"https:\\\/\\\/gotrack.pl\\\/#organization\"},\"potentialAction\":[{\"@type\":\"SearchAction\",\"target\":{\"@type\":\"EntryPoint\",\"urlTemplate\":\"https:\\\/\\\/gotrack.pl\\\/?s={search_term_string}\"},\"query-input\":{\"@type\":\"PropertyValueSpecification\",\"valueRequired\":true,\"valueName\":\"search_term_string\"}}],\"inLanguage\":\"en-US\"},{\"@type\":\"Organization\",\"@id\":\"https:\\\/\\\/gotrack.pl\\\/#organization\",\"name\":\"GOtrack\",\"url\":\"https:\\\/\\\/gotrack.pl\\\/\",\"logo\":{\"@type\":\"ImageObject\",\"inLanguage\":\"en-US\",\"@id\":\"https:\\\/\\\/gotrack.pl\\\/#\\\/schema\\\/logo\\\/image\\\/\",\"url\":\"https:\\\/\\\/gotrack.pl\\\/wp-content\\\/uploads\\\/2022\\\/11\\\/logo-gotrack.jpg\",\"contentUrl\":\"https:\\\/\\\/gotrack.pl\\\/wp-content\\\/uploads\\\/2022\\\/11\\\/logo-gotrack.jpg\",\"width\":206,\"height\":58,\"caption\":\"GOtrack\"},\"image\":{\"@id\":\"https:\\\/\\\/gotrack.pl\\\/#\\\/schema\\\/logo\\\/image\\\/\"},\"sameAs\":[\"https:\\\/\\\/www.facebook.com\\\/gotrackgps\\\/\",\"https:\\\/\\\/www.youtube.com\\\/user\\\/gotrackpl\"]}]}<\/script>\n<!-- \/ Yoast SEO plugin. -->","yoast_head_json":{"title":"GPS Assist - GOtrack","robots":{"index":"index","follow":"follow","max-snippet":"max-snippet:-1","max-image-preview":"max-image-preview:large","max-video-preview":"max-video-preview:-1"},"canonical":"https:\/\/n2024.mr-wolf.pl\/en\/gps-assist\/","og_locale":"en_US","og_type":"article","og_title":"GPS Assist - GOtrack","og_description":"The basic function of the GPS Assist module is navigation and automatic activation of valve sections when spraying orchards and plantations. GPS Assist is used to automatically turn on and off the valve sections of the sprayer according to the route recorded by the user. As part of the navigation, the system activates the option [&hellip;]","og_url":"https:\/\/n2024.mr-wolf.pl\/en\/gps-assist\/","og_site_name":"GOtrack","article_publisher":"https:\/\/www.facebook.com\/gotrackgps\/","article_modified_time":"2024-10-31T13:38:48+00:00","og_image":[{"url":"https:\/\/n2024.mr-wolf.pl\/wp-content\/uploads\/2024\/10\/GPS-ASSIST-baner.png","type":"","width":"","height":""}],"twitter_card":"summary_large_image","twitter_misc":{"Est. reading time":"3 minutes"},"schema":{"@context":"https:\/\/schema.org","@graph":[{"@type":"WebPage","@id":"https:\/\/n2024.mr-wolf.pl\/en\/gps-assist\/","url":"https:\/\/n2024.mr-wolf.pl\/en\/gps-assist\/","name":"GPS Assist - GOtrack","isPartOf":{"@id":"https:\/\/gotrack.pl\/#website"},"primaryImageOfPage":{"@id":"https:\/\/n2024.mr-wolf.pl\/en\/gps-assist\/#primaryimage"},"image":{"@id":"https:\/\/n2024.mr-wolf.pl\/en\/gps-assist\/#primaryimage"},"thumbnailUrl":"https:\/\/gotrack.pl\/wp-content\/uploads\/2024\/10\/GPS-ASSIST-baner.png","datePublished":"2024-10-20T08:39:16+00:00","dateModified":"2024-10-31T13:38:48+00:00","breadcrumb":{"@id":"https:\/\/n2024.mr-wolf.pl\/en\/gps-assist\/#breadcrumb"},"inLanguage":"en-US","potentialAction":[{"@type":"ReadAction","target":["https:\/\/n2024.mr-wolf.pl\/en\/gps-assist\/"]}]},{"@type":"ImageObject","inLanguage":"en-US","@id":"https:\/\/n2024.mr-wolf.pl\/en\/gps-assist\/#primaryimage","url":"https:\/\/gotrack.pl\/wp-content\/uploads\/2024\/10\/GPS-ASSIST-baner.png","contentUrl":"https:\/\/gotrack.pl\/wp-content\/uploads\/2024\/10\/GPS-ASSIST-baner.png"},{"@type":"BreadcrumbList","@id":"https:\/\/n2024.mr-wolf.pl\/en\/gps-assist\/#breadcrumb","itemListElement":[{"@type":"ListItem","position":1,"name":"Strona g\u0142\u00f3wna","item":"https:\/\/gotrack.pl\/en\/"},{"@type":"ListItem","position":2,"name":"GPS Assist"}]},{"@type":"WebSite","@id":"https:\/\/gotrack.pl\/#website","url":"https:\/\/gotrack.pl\/","name":"GOtrack","description":"Producent system\u00f3w umo\u017cliwiaj\u0105cych precyzyjne, zdalne sterowanie maszynami, ci\u0105gnikami i urz\u0105dzeniami sadowniczymi.","publisher":{"@id":"https:\/\/gotrack.pl\/#organization"},"potentialAction":[{"@type":"SearchAction","target":{"@type":"EntryPoint","urlTemplate":"https:\/\/gotrack.pl\/?s={search_term_string}"},"query-input":{"@type":"PropertyValueSpecification","valueRequired":true,"valueName":"search_term_string"}}],"inLanguage":"en-US"},{"@type":"Organization","@id":"https:\/\/gotrack.pl\/#organization","name":"GOtrack","url":"https:\/\/gotrack.pl\/","logo":{"@type":"ImageObject","inLanguage":"en-US","@id":"https:\/\/gotrack.pl\/#\/schema\/logo\/image\/","url":"https:\/\/gotrack.pl\/wp-content\/uploads\/2022\/11\/logo-gotrack.jpg","contentUrl":"https:\/\/gotrack.pl\/wp-content\/uploads\/2022\/11\/logo-gotrack.jpg","width":206,"height":58,"caption":"GOtrack"},"image":{"@id":"https:\/\/gotrack.pl\/#\/schema\/logo\/image\/"},"sameAs":["https:\/\/www.facebook.com\/gotrackgps\/","https:\/\/www.youtube.com\/user\/gotrackpl"]}]}},"pbg_featured_image_src":{"full":false,"thumbnail":false,"medium":false,"medium_large":false,"large":false,"1536x1536":false,"2048x2048":false,"home-bottom":false},"pbg_author_info":{"display_name":"admin","author_link":"https:\/\/gotrack.pl\/en\/author\/admin\/","author_img":"<img alt='admin' src='https:\/\/secure.gravatar.com\/avatar\/1eedd1b09d6474dacfe14ff0f4581d744ac9c2c9a9a8af1b47f6f8180d3e7951?s=128&#038;d=mm&#038;r=g' srcset='https:\/\/secure.gravatar.com\/avatar\/1eedd1b09d6474dacfe14ff0f4581d744ac9c2c9a9a8af1b47f6f8180d3e7951?s=256&#038;d=mm&#038;r=g 2x' class='avatar avatar-128 photo' height='128' width='128' loading='lazy' decoding='async'\/>"},"pbg_comment_info":" No Comments","pbg_excerpt":"The basic function of the GPS Assist module is navigation and automatic activation of valve sections when spraying orchards and plantations. GPS Assist is used to automatically turn on and off the valve sections of the sprayer according to the route recorded by the user. As part of the navigation, the system activates the option&hellip;","_links":{"self":[{"href":"https:\/\/gotrack.pl\/en\/wp-json\/wp\/v2\/pages\/23003","targetHints":{"allow":["GET"]}}],"collection":[{"href":"https:\/\/gotrack.pl\/en\/wp-json\/wp\/v2\/pages"}],"about":[{"href":"https:\/\/gotrack.pl\/en\/wp-json\/wp\/v2\/types\/page"}],"author":[{"embeddable":true,"href":"https:\/\/gotrack.pl\/en\/wp-json\/wp\/v2\/users\/1"}],"replies":[{"embeddable":true,"href":"https:\/\/gotrack.pl\/en\/wp-json\/wp\/v2\/comments?post=23003"}],"version-history":[{"count":7,"href":"https:\/\/gotrack.pl\/en\/wp-json\/wp\/v2\/pages\/23003\/revisions"}],"predecessor-version":[{"id":25331,"href":"https:\/\/gotrack.pl\/en\/wp-json\/wp\/v2\/pages\/23003\/revisions\/25331"}],"wp:attachment":[{"href":"https:\/\/gotrack.pl\/en\/wp-json\/wp\/v2\/media?parent=23003"}],"curies":[{"name":"wp","href":"https:\/\/api.w.org\/{rel}","templated":true}]}}