{"id":19767,"date":"2022-11-28T21:41:51","date_gmt":"2022-11-28T20:41:51","guid":{"rendered":"https:\/\/gotrack.pl\/download\/"},"modified":"2026-02-24T17:08:40","modified_gmt":"2026-02-24T16:08:40","slug":"download","status":"publish","type":"page","link":"https:\/\/gotrack.pl\/en\/download\/","title":{"rendered":"Download"},"content":{"rendered":"\n<div class=\"wp-block-columns container is-layout-flex wp-container-core-columns-is-layout-9d6595d7 wp-block-columns-is-layout-flex\">\n<div class=\"wp-block-column is-layout-flow wp-block-column-is-layout-flow\">\n<div class=\"wp-block-file ticss-9cc11516\"><a id=\"wp-block-file--media-8642510e-ab2e-4263-aeb3-d2eb850dcabf\" href=\"https:\/\/gotrack.pl\/wp-content\/uploads\/2026\/02\/gotrack_config_1-115.apk\">GOtrack Configuration App v 1-115<\/a><a href=\"https:\/\/gotrack.pl\/wp-content\/uploads\/2026\/02\/gotrack_config_1-115.apk\" class=\"wp-block-file__button wp-element-button\" download=\"\" aria-describedby=\"wp-block-file--media-8642510e-ab2e-4263-aeb3-d2eb850dcabf\">Pobierz<\/a><\/div>\n<\/div>\n<\/div>\n\n\n\n<p><\/p>\n\n\n\n<p><\/p>\n\n\n\n<p><\/p>\n","protected":false},"excerpt":{"rendered":"<p>GOtrack Configuration App v 1-115Pobierz<\/p>\n","protected":false},"author":1,"featured_media":0,"parent":0,"menu_order":0,"comment_status":"closed","ping_status":"closed","template":"","meta":{"_acf_changed":false,"footnotes":""},"class_list":["post-19767","page","type-page","status-publish","hentry"],"acf":[],"yoast_head":"<!-- This site is optimized with the Yoast SEO plugin v27.4 - https:\/\/yoast.com\/product\/yoast-seo-wordpress\/ -->\n<title>Download - GOtrack<\/title>\n<meta name=\"robots\" content=\"index, follow, max-snippet:-1, max-image-preview:large, max-video-preview:-1\" \/>\n<link rel=\"canonical\" href=\"https:\/\/gotrack.pl\/en\/download\/\" \/>\n<meta property=\"og:locale\" content=\"en_US\" \/>\n<meta property=\"og:type\" content=\"article\" \/>\n<meta property=\"og:title\" content=\"Download - GOtrack\" \/>\n<meta property=\"og:description\" content=\"GOtrack Configuration App v 1-115Pobierz\" \/>\n<meta property=\"og:url\" content=\"https:\/\/gotrack.pl\/en\/download\/\" \/>\n<meta property=\"og:site_name\" content=\"GOtrack\" \/>\n<meta property=\"article:publisher\" content=\"https:\/\/www.facebook.com\/gotrackgps\/\" \/>\n<meta property=\"article:modified_time\" content=\"2026-02-24T16:08:40+00:00\" \/>\n<meta name=\"twitter:card\" content=\"summary_large_image\" \/>\n<meta name=\"twitter:label1\" content=\"Est. reading time\" \/>\n\t<meta name=\"twitter:data1\" content=\"1 minute\" \/>\n<script type=\"application\/ld+json\" class=\"yoast-schema-graph\">{\"@context\":\"https:\\\/\\\/schema.org\",\"@graph\":[{\"@type\":\"WebPage\",\"@id\":\"https:\\\/\\\/gotrack.pl\\\/en\\\/download\\\/\",\"url\":\"https:\\\/\\\/gotrack.pl\\\/en\\\/download\\\/\",\"name\":\"Download - GOtrack\",\"isPartOf\":{\"@id\":\"https:\\\/\\\/gotrack.pl\\\/#website\"},\"datePublished\":\"2022-11-28T20:41:51+00:00\",\"dateModified\":\"2026-02-24T16:08:40+00:00\",\"breadcrumb\":{\"@id\":\"https:\\\/\\\/gotrack.pl\\\/en\\\/download\\\/#breadcrumb\"},\"inLanguage\":\"en-US\",\"potentialAction\":[{\"@type\":\"ReadAction\",\"target\":[\"https:\\\/\\\/gotrack.pl\\\/en\\\/download\\\/\"]}]},{\"@type\":\"BreadcrumbList\",\"@id\":\"https:\\\/\\\/gotrack.pl\\\/en\\\/download\\\/#breadcrumb\",\"itemListElement\":[{\"@type\":\"ListItem\",\"position\":1,\"name\":\"Strona g\u0142\u00f3wna\",\"item\":\"https:\\\/\\\/gotrack.pl\\\/en\\\/\"},{\"@type\":\"ListItem\",\"position\":2,\"name\":\"Download\"}]},{\"@type\":\"WebSite\",\"@id\":\"https:\\\/\\\/gotrack.pl\\\/#website\",\"url\":\"https:\\\/\\\/gotrack.pl\\\/\",\"name\":\"GOtrack\",\"description\":\"Producent system\u00f3w umo\u017cliwiaj\u0105cych precyzyjne, zdalne sterowanie maszynami, ci\u0105gnikami i urz\u0105dzeniami sadowniczymi.\",\"publisher\":{\"@id\":\"https:\\\/\\\/gotrack.pl\\\/#organization\"},\"potentialAction\":[{\"@type\":\"SearchAction\",\"target\":{\"@type\":\"EntryPoint\",\"urlTemplate\":\"https:\\\/\\\/gotrack.pl\\\/?s={search_term_string}\"},\"query-input\":{\"@type\":\"PropertyValueSpecification\",\"valueRequired\":true,\"valueName\":\"search_term_string\"}}],\"inLanguage\":\"en-US\"},{\"@type\":\"Organization\",\"@id\":\"https:\\\/\\\/gotrack.pl\\\/#organization\",\"name\":\"GOtrack\",\"url\":\"https:\\\/\\\/gotrack.pl\\\/\",\"logo\":{\"@type\":\"ImageObject\",\"inLanguage\":\"en-US\",\"@id\":\"https:\\\/\\\/gotrack.pl\\\/#\\\/schema\\\/logo\\\/image\\\/\",\"url\":\"https:\\\/\\\/gotrack.pl\\\/wp-content\\\/uploads\\\/2022\\\/11\\\/logo-gotrack.jpg\",\"contentUrl\":\"https:\\\/\\\/gotrack.pl\\\/wp-content\\\/uploads\\\/2022\\\/11\\\/logo-gotrack.jpg\",\"width\":206,\"height\":58,\"caption\":\"GOtrack\"},\"image\":{\"@id\":\"https:\\\/\\\/gotrack.pl\\\/#\\\/schema\\\/logo\\\/image\\\/\"},\"sameAs\":[\"https:\\\/\\\/www.facebook.com\\\/gotrackgps\\\/\",\"https:\\\/\\\/www.youtube.com\\\/user\\\/gotrackpl\"]}]}<\/script>\n<!-- \/ Yoast SEO plugin. -->","yoast_head_json":{"title":"Download - GOtrack","robots":{"index":"index","follow":"follow","max-snippet":"max-snippet:-1","max-image-preview":"max-image-preview:large","max-video-preview":"max-video-preview:-1"},"canonical":"https:\/\/gotrack.pl\/en\/download\/","og_locale":"en_US","og_type":"article","og_title":"Download - GOtrack","og_description":"GOtrack Configuration App v 1-115Pobierz","og_url":"https:\/\/gotrack.pl\/en\/download\/","og_site_name":"GOtrack","article_publisher":"https:\/\/www.facebook.com\/gotrackgps\/","article_modified_time":"2026-02-24T16:08:40+00:00","twitter_card":"summary_large_image","twitter_misc":{"Est. reading time":"1 minute"},"schema":{"@context":"https:\/\/schema.org","@graph":[{"@type":"WebPage","@id":"https:\/\/gotrack.pl\/en\/download\/","url":"https:\/\/gotrack.pl\/en\/download\/","name":"Download - GOtrack","isPartOf":{"@id":"https:\/\/gotrack.pl\/#website"},"datePublished":"2022-11-28T20:41:51+00:00","dateModified":"2026-02-24T16:08:40+00:00","breadcrumb":{"@id":"https:\/\/gotrack.pl\/en\/download\/#breadcrumb"},"inLanguage":"en-US","potentialAction":[{"@type":"ReadAction","target":["https:\/\/gotrack.pl\/en\/download\/"]}]},{"@type":"BreadcrumbList","@id":"https:\/\/gotrack.pl\/en\/download\/#breadcrumb","itemListElement":[{"@type":"ListItem","position":1,"name":"Strona g\u0142\u00f3wna","item":"https:\/\/gotrack.pl\/en\/"},{"@type":"ListItem","position":2,"name":"Download"}]},{"@type":"WebSite","@id":"https:\/\/gotrack.pl\/#website","url":"https:\/\/gotrack.pl\/","name":"GOtrack","description":"Producent system\u00f3w umo\u017cliwiaj\u0105cych precyzyjne, zdalne sterowanie maszynami, ci\u0105gnikami i urz\u0105dzeniami sadowniczymi.","publisher":{"@id":"https:\/\/gotrack.pl\/#organization"},"potentialAction":[{"@type":"SearchAction","target":{"@type":"EntryPoint","urlTemplate":"https:\/\/gotrack.pl\/?s={search_term_string}"},"query-input":{"@type":"PropertyValueSpecification","valueRequired":true,"valueName":"search_term_string"}}],"inLanguage":"en-US"},{"@type":"Organization","@id":"https:\/\/gotrack.pl\/#organization","name":"GOtrack","url":"https:\/\/gotrack.pl\/","logo":{"@type":"ImageObject","inLanguage":"en-US","@id":"https:\/\/gotrack.pl\/#\/schema\/logo\/image\/","url":"https:\/\/gotrack.pl\/wp-content\/uploads\/2022\/11\/logo-gotrack.jpg","contentUrl":"https:\/\/gotrack.pl\/wp-content\/uploads\/2022\/11\/logo-gotrack.jpg","width":206,"height":58,"caption":"GOtrack"},"image":{"@id":"https:\/\/gotrack.pl\/#\/schema\/logo\/image\/"},"sameAs":["https:\/\/www.facebook.com\/gotrackgps\/","https:\/\/www.youtube.com\/user\/gotrackpl"]}]}},"pbg_featured_image_src":{"full":false,"thumbnail":false,"medium":false,"medium_large":false,"large":false,"1536x1536":false,"2048x2048":false,"home-bottom":false},"pbg_author_info":{"display_name":"admin","author_link":"https:\/\/gotrack.pl\/en\/author\/admin\/","author_img":"<img alt='admin' src='https:\/\/secure.gravatar.com\/avatar\/1eedd1b09d6474dacfe14ff0f4581d744ac9c2c9a9a8af1b47f6f8180d3e7951?s=128&#038;d=mm&#038;r=g' srcset='https:\/\/secure.gravatar.com\/avatar\/1eedd1b09d6474dacfe14ff0f4581d744ac9c2c9a9a8af1b47f6f8180d3e7951?s=256&#038;d=mm&#038;r=g 2x' class='avatar avatar-128 photo' height='128' width='128' loading='lazy' decoding='async'\/>"},"pbg_comment_info":" No Comments","pbg_excerpt":"GOtrack Configuration App v 1-115Pobierz","_links":{"self":[{"href":"https:\/\/gotrack.pl\/en\/wp-json\/wp\/v2\/pages\/19767","targetHints":{"allow":["GET"]}}],"collection":[{"href":"https:\/\/gotrack.pl\/en\/wp-json\/wp\/v2\/pages"}],"about":[{"href":"https:\/\/gotrack.pl\/en\/wp-json\/wp\/v2\/types\/page"}],"author":[{"embeddable":true,"href":"https:\/\/gotrack.pl\/en\/wp-json\/wp\/v2\/users\/1"}],"replies":[{"embeddable":true,"href":"https:\/\/gotrack.pl\/en\/wp-json\/wp\/v2\/comments?post=19767"}],"version-history":[{"count":6,"href":"https:\/\/gotrack.pl\/en\/wp-json\/wp\/v2\/pages\/19767\/revisions"}],"predecessor-version":[{"id":27326,"href":"https:\/\/gotrack.pl\/en\/wp-json\/wp\/v2\/pages\/19767\/revisions\/27326"}],"wp:attachment":[{"href":"https:\/\/gotrack.pl\/en\/wp-json\/wp\/v2\/media?parent=19767"}],"curies":[{"name":"wp","href":"https:\/\/api.w.org\/{rel}","templated":true}]}}