    {"id":16847,"date":"2022-10-29T11:28:35","date_gmt":"2022-10-29T09:28:35","guid":{"rendered":"https:\/\/gotrack.pl\/dealerzy-holandia\/"},"modified":"2025-12-09T11:58:13","modified_gmt":"2025-12-09T10:58:13","slug":"dealers-netherlands","status":"publish","type":"page","link":"https:\/\/gotrack.pl\/en\/dealers-netherlands\/","title":{"rendered":"Dealers &#8211; Netherlands"},"content":{"rendered":"\n<div style=\"height:21px\" aria-hidden=\"true\" class=\"wp-block-spacer\"><\/div>\n\n\n\n<p><\/p>\n\n\n\n<div class=\"wp-block-columns container is-layout-flex wp-container-core-columns-is-layout-9d6595d7 wp-block-columns-is-layout-flex\">\n<div class=\"wp-block-column is-vertically-aligned-center is-layout-flow wp-block-column-is-layout-flow\" style=\"flex-basis:100%\">\n<div class=\"wp-block-group w-75 mx-auto\"><div class=\"wp-block-group__inner-container is-layout-constrained wp-block-group-is-layout-constrained\"><div><div id=\"image-map-pro-2839facc-d7ee-47cc-9235-f376822a511c\"><\/div><\/div>\n<\/div><\/div>\n<\/div>\n<\/div>\n\n\n\n<div class=\"wp-block-columns container is-layout-flex wp-container-core-columns-is-layout-9d6595d7 wp-block-columns-is-layout-flex\">\n<div class=\"wp-block-column is-layout-flow wp-block-column-is-layout-flow\">\n<h3 class=\"wp-block-heading\"><strong>Description<\/strong><\/h3>\n\n\n\n<hr class=\"wp-block-separator has-alpha-channel-opacity\"\/>\n\n\n\n<div id=\"legenda\">\n    <div class=\"d-flex\">\n        <div style=\"background: #09cfdb;height: 20px;width: 20px;display: inline-block;margin-right: 4px;\"><\/div>\n        <div>Gotrack dealers<\/div>\n    <\/div>\n<\/div>\n<\/div>\n<\/div>\n\n\n\n<div class=\"wp-block-columns container mt-3 is-layout-flex wp-container-core-columns-is-layout-9d6595d7 wp-block-columns-is-layout-flex\">\n<div class=\"wp-block-column is-layout-flow wp-block-column-is-layout-flow\">\n<h3 class=\"wp-block-heading\"><strong>Distribution<\/strong><\/h3>\n<\/div>\n<\/div>\n\n\n\n<div class=\"wp-block-columns container is-layout-flex wp-container-core-columns-is-layout-9d6595d7 wp-block-columns-is-layout-flex\">\n<div class=\"wp-block-column border shadow p-3 is-layout-flow wp-block-column-is-layout-flow\">\n<p><strong>Dirk-Jan van Lutterveld<br><\/strong>Broekdijk 11B, 4041 CT Kesteren<br>Tel. +31 0629 181 006<br>Email.&nbsp;<a href=\"mailto:dj.lutterveld@gotrack.pl\">dj.lutterveld@gotrack.pl<\/a><br><a href=\"http:\/\/www.gotrack-holland.nl\">www.gotrack-holland.nl<\/a><\/p>\n<\/div>\n\n\n\n<div class=\"wp-block-column p-3 is-layout-flow wp-block-column-is-layout-flow\">\n<p><\/p>\n<\/div>\n\n\n\n<div class=\"wp-block-column p-3 is-layout-flow wp-block-column-is-layout-flow\"><\/div>\n<\/div>\n\n\n\n<div class=\"wp-block-columns container mt-3 is-layout-flex wp-container-core-columns-is-layout-9d6595d7 wp-block-columns-is-layout-flex\">\n<div class=\"wp-block-column is-layout-flow wp-block-column-is-layout-flow\">\n<h3 class=\"wp-block-heading\"><strong>Distribution and service<\/strong><\/h3>\n<\/div>\n<\/div>\n\n\n\n<div class=\"wp-block-columns container is-layout-flex wp-container-core-columns-is-layout-9d6595d7 wp-block-columns-is-layout-flex\">\n<div class=\"wp-block-column border shadow p-3 is-layout-flow wp-block-column-is-layout-flow\">\n<p><strong>ABEMEC GOES<br><\/strong>Smithweg 9, 4462HC, Goes<br>Tel. +31 0&nbsp;413 38 28 27<br>Email.&nbsp;<a href=\"mailto:info@abemec.nl\">info@abemec.nl<\/a><br><a href=\"http:\/\/www.abemec.nl\">www.abemec.nl<\/a><\/p>\n<\/div>\n\n\n\n<div class=\"wp-block-column p-3 is-layout-flow wp-block-column-is-layout-flow\">\n<p><\/p>\n<\/div>\n\n\n\n<div class=\"wp-block-column p-3 is-layout-flow wp-block-column-is-layout-flow\"><\/div>\n<\/div>\n","protected":false},"excerpt":{"rendered":"<p>Description Gotrack dealers Distribution Dirk-Jan van LutterveldBroekdijk 11B, 4041 CT KesterenTel. +31 0629 181 006Email.&nbsp;dj.lutterveld@gotrack.plwww.gotrack-holland.nl Distribution and service ABEMEC GOESSmithweg 9, 4462HC, GoesTel. +31 0&nbsp;413 38 28 27Email.&nbsp;info@abemec.nlwww.abemec.nl<\/p>\n","protected":false},"author":1,"featured_media":0,"parent":0,"menu_order":0,"comment_status":"closed","ping_status":"closed","template":"","meta":{"_acf_changed":false,"footnotes":""},"class_list":["post-16847","page","type-page","status-publish","hentry"],"acf":[],"yoast_head":"<!-- This site is optimized with the Yoast SEO plugin v26.6 - https:\/\/yoast.com\/wordpress\/plugins\/seo\/ -->\n<title>Dealers - Netherlands - GOtrack<\/title>\n<meta name=\"robots\" content=\"index, follow, max-snippet:-1, max-image-preview:large, max-video-preview:-1\" \/>\n<link rel=\"canonical\" href=\"https:\/\/gotrack.pl\/en\/dealers-netherlands\/\" \/>\n<meta property=\"og:locale\" content=\"en_US\" \/>\n<meta property=\"og:type\" content=\"article\" \/>\n<meta property=\"og:title\" content=\"Dealers - Netherlands - GOtrack\" \/>\n<meta property=\"og:description\" content=\"Description Gotrack dealers Distribution Dirk-Jan van LutterveldBroekdijk 11B, 4041 CT KesterenTel. +31 0629 181 006Email.&nbsp;dj.lutterveld@gotrack.plwww.gotrack-holland.nl Distribution and service ABEMEC GOESSmithweg 9, 4462HC, GoesTel. +31 0&nbsp;413 38 28 27Email.&nbsp;info@abemec.nlwww.abemec.nl\" \/>\n<meta property=\"og:url\" content=\"https:\/\/gotrack.pl\/en\/dealers-netherlands\/\" \/>\n<meta property=\"og:site_name\" content=\"GOtrack\" \/>\n<meta property=\"article:publisher\" content=\"https:\/\/www.facebook.com\/gotrackgps\/\" \/>\n<meta property=\"article:modified_time\" content=\"2025-12-09T10:58:13+00:00\" \/>\n<meta name=\"twitter:card\" content=\"summary_large_image\" \/>\n<meta name=\"twitter:label1\" content=\"Est. reading time\" \/>\n\t<meta name=\"twitter:data1\" content=\"1 minute\" \/>\n<script type=\"application\/ld+json\" class=\"yoast-schema-graph\">{\"@context\":\"https:\/\/schema.org\",\"@graph\":[{\"@type\":\"WebPage\",\"@id\":\"https:\/\/gotrack.pl\/en\/dealers-netherlands\/\",\"url\":\"https:\/\/gotrack.pl\/en\/dealers-netherlands\/\",\"name\":\"Dealers - Netherlands - GOtrack\",\"isPartOf\":{\"@id\":\"https:\/\/gotrack.pl\/#website\"},\"datePublished\":\"2022-10-29T09:28:35+00:00\",\"dateModified\":\"2025-12-09T10:58:13+00:00\",\"breadcrumb\":{\"@id\":\"https:\/\/gotrack.pl\/en\/dealers-netherlands\/#breadcrumb\"},\"inLanguage\":\"en-US\",\"potentialAction\":[{\"@type\":\"ReadAction\",\"target\":[\"https:\/\/gotrack.pl\/en\/dealers-netherlands\/\"]}]},{\"@type\":\"BreadcrumbList\",\"@id\":\"https:\/\/gotrack.pl\/en\/dealers-netherlands\/#breadcrumb\",\"itemListElement\":[{\"@type\":\"ListItem\",\"position\":1,\"name\":\"Strona g\u0142\u00f3wna\",\"item\":\"https:\/\/gotrack.pl\/en\/\"},{\"@type\":\"ListItem\",\"position\":2,\"name\":\"Dealers &#8211; Netherlands\"}]},{\"@type\":\"WebSite\",\"@id\":\"https:\/\/gotrack.pl\/#website\",\"url\":\"https:\/\/gotrack.pl\/\",\"name\":\"GOtrack\",\"description\":\"Producent system\u00f3w umo\u017cliwiaj\u0105cych precyzyjne, zdalne sterowanie maszynami, ci\u0105gnikami i urz\u0105dzeniami sadowniczymi.\",\"publisher\":{\"@id\":\"https:\/\/gotrack.pl\/#organization\"},\"potentialAction\":[{\"@type\":\"SearchAction\",\"target\":{\"@type\":\"EntryPoint\",\"urlTemplate\":\"https:\/\/gotrack.pl\/?s={search_term_string}\"},\"query-input\":{\"@type\":\"PropertyValueSpecification\",\"valueRequired\":true,\"valueName\":\"search_term_string\"}}],\"inLanguage\":\"en-US\"},{\"@type\":\"Organization\",\"@id\":\"https:\/\/gotrack.pl\/#organization\",\"name\":\"GOtrack\",\"url\":\"https:\/\/gotrack.pl\/\",\"logo\":{\"@type\":\"ImageObject\",\"inLanguage\":\"en-US\",\"@id\":\"https:\/\/gotrack.pl\/#\/schema\/logo\/image\/\",\"url\":\"https:\/\/gotrack.pl\/wp-content\/uploads\/2022\/11\/logo-gotrack.jpg\",\"contentUrl\":\"https:\/\/gotrack.pl\/wp-content\/uploads\/2022\/11\/logo-gotrack.jpg\",\"width\":206,\"height\":58,\"caption\":\"GOtrack\"},\"image\":{\"@id\":\"https:\/\/gotrack.pl\/#\/schema\/logo\/image\/\"},\"sameAs\":[\"https:\/\/www.facebook.com\/gotrackgps\/\",\"https:\/\/www.youtube.com\/user\/gotrackpl\"]}]}<\/script>\n<!-- \/ Yoast SEO plugin. -->","yoast_head_json":{"title":"Dealers - Netherlands - GOtrack","robots":{"index":"index","follow":"follow","max-snippet":"max-snippet:-1","max-image-preview":"max-image-preview:large","max-video-preview":"max-video-preview:-1"},"canonical":"https:\/\/gotrack.pl\/en\/dealers-netherlands\/","og_locale":"en_US","og_type":"article","og_title":"Dealers - Netherlands - GOtrack","og_description":"Description Gotrack dealers Distribution Dirk-Jan van LutterveldBroekdijk 11B, 4041 CT KesterenTel. +31 0629 181 006Email.&nbsp;dj.lutterveld@gotrack.plwww.gotrack-holland.nl Distribution and service ABEMEC GOESSmithweg 9, 4462HC, GoesTel. +31 0&nbsp;413 38 28 27Email.&nbsp;info@abemec.nlwww.abemec.nl","og_url":"https:\/\/gotrack.pl\/en\/dealers-netherlands\/","og_site_name":"GOtrack","article_publisher":"https:\/\/www.facebook.com\/gotrackgps\/","article_modified_time":"2025-12-09T10:58:13+00:00","twitter_card":"summary_large_image","twitter_misc":{"Est. reading time":"1 minute"},"schema":{"@context":"https:\/\/schema.org","@graph":[{"@type":"WebPage","@id":"https:\/\/gotrack.pl\/en\/dealers-netherlands\/","url":"https:\/\/gotrack.pl\/en\/dealers-netherlands\/","name":"Dealers - Netherlands - GOtrack","isPartOf":{"@id":"https:\/\/gotrack.pl\/#website"},"datePublished":"2022-10-29T09:28:35+00:00","dateModified":"2025-12-09T10:58:13+00:00","breadcrumb":{"@id":"https:\/\/gotrack.pl\/en\/dealers-netherlands\/#breadcrumb"},"inLanguage":"en-US","potentialAction":[{"@type":"ReadAction","target":["https:\/\/gotrack.pl\/en\/dealers-netherlands\/"]}]},{"@type":"BreadcrumbList","@id":"https:\/\/gotrack.pl\/en\/dealers-netherlands\/#breadcrumb","itemListElement":[{"@type":"ListItem","position":1,"name":"Strona g\u0142\u00f3wna","item":"https:\/\/gotrack.pl\/en\/"},{"@type":"ListItem","position":2,"name":"Dealers &#8211; Netherlands"}]},{"@type":"WebSite","@id":"https:\/\/gotrack.pl\/#website","url":"https:\/\/gotrack.pl\/","name":"GOtrack","description":"Producent system\u00f3w umo\u017cliwiaj\u0105cych precyzyjne, zdalne sterowanie maszynami, ci\u0105gnikami i urz\u0105dzeniami sadowniczymi.","publisher":{"@id":"https:\/\/gotrack.pl\/#organization"},"potentialAction":[{"@type":"SearchAction","target":{"@type":"EntryPoint","urlTemplate":"https:\/\/gotrack.pl\/?s={search_term_string}"},"query-input":{"@type":"PropertyValueSpecification","valueRequired":true,"valueName":"search_term_string"}}],"inLanguage":"en-US"},{"@type":"Organization","@id":"https:\/\/gotrack.pl\/#organization","name":"GOtrack","url":"https:\/\/gotrack.pl\/","logo":{"@type":"ImageObject","inLanguage":"en-US","@id":"https:\/\/gotrack.pl\/#\/schema\/logo\/image\/","url":"https:\/\/gotrack.pl\/wp-content\/uploads\/2022\/11\/logo-gotrack.jpg","contentUrl":"https:\/\/gotrack.pl\/wp-content\/uploads\/2022\/11\/logo-gotrack.jpg","width":206,"height":58,"caption":"GOtrack"},"image":{"@id":"https:\/\/gotrack.pl\/#\/schema\/logo\/image\/"},"sameAs":["https:\/\/www.facebook.com\/gotrackgps\/","https:\/\/www.youtube.com\/user\/gotrackpl"]}]}},"pbg_featured_image_src":{"full":false,"thumbnail":false,"medium":false,"medium_large":false,"large":false,"1536x1536":false,"2048x2048":false,"qr-code-photo":false,"home-bottom":false},"pbg_author_info":{"display_name":"admin","author_link":"https:\/\/gotrack.pl\/en\/author\/admin\/","author_img":"<img alt='admin' src='https:\/\/secure.gravatar.com\/avatar\/1eedd1b09d6474dacfe14ff0f4581d744ac9c2c9a9a8af1b47f6f8180d3e7951?s=128&#038;d=mm&#038;r=g' srcset='https:\/\/secure.gravatar.com\/avatar\/1eedd1b09d6474dacfe14ff0f4581d744ac9c2c9a9a8af1b47f6f8180d3e7951?s=256&#038;d=mm&#038;r=g 2x' class='avatar avatar-128 photo' height='128' width='128' loading='lazy' decoding='async'\/>"},"pbg_comment_info":" No Comments","pbg_excerpt":"Description Gotrack dealers Distribution Dirk-Jan van LutterveldBroekdijk 11B, 4041 CT KesterenTel. +31 0629 181 006Email.&nbsp;dj.lutterveld@gotrack.plwww.gotrack-holland.nl Distribution and service ABEMEC GOESSmithweg 9, 4462HC, GoesTel. +31 0&nbsp;413 38 28 27Email.&nbsp;info@abemec.nlwww.abemec.nl","_links":{"self":[{"href":"https:\/\/gotrack.pl\/en\/wp-json\/wp\/v2\/pages\/16847","targetHints":{"allow":["GET"]}}],"collection":[{"href":"https:\/\/gotrack.pl\/en\/wp-json\/wp\/v2\/pages"}],"about":[{"href":"https:\/\/gotrack.pl\/en\/wp-json\/wp\/v2\/types\/page"}],"author":[{"embeddable":true,"href":"https:\/\/gotrack.pl\/en\/wp-json\/wp\/v2\/users\/1"}],"replies":[{"embeddable":true,"href":"https:\/\/gotrack.pl\/en\/wp-json\/wp\/v2\/comments?post=16847"}],"version-history":[{"count":4,"href":"https:\/\/gotrack.pl\/en\/wp-json\/wp\/v2\/pages\/16847\/revisions"}],"predecessor-version":[{"id":27119,"href":"https:\/\/gotrack.pl\/en\/wp-json\/wp\/v2\/pages\/16847\/revisions\/27119"}],"wp:attachment":[{"href":"https:\/\/gotrack.pl\/en\/wp-json\/wp\/v2\/media?parent=16847"}],"curies":[{"name":"wp","href":"https:\/\/api.w.org\/{rel}","templated":true}]}}