{"id":14825,"date":"2022-10-03T13:29:40","date_gmt":"2022-10-03T11:29:40","guid":{"rendered":"https:\/\/gotrack.pl\/oprogramowanie\/"},"modified":"2025-01-07T19:02:47","modified_gmt":"2025-01-07T18:02:47","slug":"software","status":"publish","type":"page","link":"https:\/\/gotrack.pl\/en\/software\/","title":{"rendered":"Software"},"content":{"rendered":"\n<div style=\"height:44px\" aria-hidden=\"true\" class=\"wp-block-spacer\"><\/div>\n\n\n\n<div class=\"wp-block-columns container is-layout-flex wp-container-core-columns-is-layout-9d6595d7 wp-block-columns-is-layout-flex\">\n<div class=\"wp-block-column is-vertically-aligned-center order-2 order-md-1 is-layout-flow wp-block-column-is-layout-flow\" style=\"flex-basis:50%\" id=\"vims\">\n<h2 class=\"wp-block-heading has-black-color has-text-color has-link-color wp-elements-95c33287c1cdb0a3bba7957fa1b93e0b\"><strong>GOtrack Farm MANAGER<\/strong><div><span style=\"box-sizing: border-box; font-weight: bolder;\"><\/span><\/div><\/h2>\n\n\n\n<p><strong>Vehicle Implement Management System<\/strong><\/p>\n\n\n\n<p>This tool was created with large-area users in mind. The application is designed for remote monitoring and management of many Auto DRIVE autonomous vehicles and e-Spray PRO and e-Spray GSM precision spraying systems with GPS Assist.<\/p>\n\n\n\n<p>Agronomists and managerial staff managing work in large farms gain a good tool to improve work and obtain a large amount of important information on currently implemented treatments.<\/p>\n\n\n\n<p>Access to historical data and reports makes it much easier to create analyzes and forecasts for subsequent periods and seasons.<\/p>\n\n\n\n<p><strong><strong>Designation<\/strong><\/strong>: <strong>:<\/strong> For medium and large-area users,<\/p>\n\n\n\n<p><strong>Access<\/strong>:&nbsp;<a href=\"https:\/\/app.gotrack.pl\/\">app.gotrack.pl<\/a><\/p>\n\n\n\n<div class=\"wp-block-buttons is-layout-flex wp-block-buttons-is-layout-flex\">\n<div class=\"wp-block-button\"><a class=\"wp-block-button__link wp-element-button\" href=\"\/en\/contact\/?product=GOtrack-VIMS\">Ask about the product<\/a><\/div>\n<\/div>\n<\/div>\n\n\n\n<div class=\"wp-block-column order-1 order-md-2 is-layout-flow wp-block-column-is-layout-flow\" style=\"flex-basis:50%\">\n<figure class=\"wp-block-image size-full\"><img loading=\"lazy\" decoding=\"async\" width=\"714\" height=\"667\" src=\"https:\/\/gotrack.pl\/wp-content\/uploads\/2024\/10\/software-baner-podstrona-GOtrack-Farm-MANAGER.png\" alt=\"\" class=\"wp-image-24755\" srcset=\"https:\/\/gotrack.pl\/wp-content\/uploads\/2024\/10\/software-baner-podstrona-GOtrack-Farm-MANAGER.png 714w, https:\/\/gotrack.pl\/wp-content\/uploads\/2024\/10\/software-baner-podstrona-GOtrack-Farm-MANAGER-300x280.png 300w\" sizes=\"auto, (max-width: 714px) 100vw, 714px\" \/><\/figure>\n<\/div>\n<\/div>\n\n\n\n<div class=\"wp-block-cover is-light\"><span aria-hidden=\"true\" class=\"wp-block-cover__background has-white-background-color has-background-dim-100 has-background-dim\"><\/span><div class=\"wp-block-cover__inner-container is-layout-flow wp-block-cover-is-layout-flow\">\n<div class=\"wp-block-columns container is-layout-flex wp-container-core-columns-is-layout-9d6595d7 wp-block-columns-is-layout-flex\">\n<div class=\"wp-block-column is-layout-flow wp-block-column-is-layout-flow\" style=\"flex-basis:50%\" id=\"gotrack_app\">\n<figure class=\"wp-block-image size-full\"><img loading=\"lazy\" decoding=\"async\" width=\"714\" height=\"667\" src=\"https:\/\/gotrack.pl\/wp-content\/uploads\/2024\/10\/software-baner-podstrona-GOtrack-APP-1.png\" alt=\"\" class=\"wp-image-24776\" srcset=\"https:\/\/gotrack.pl\/wp-content\/uploads\/2024\/10\/software-baner-podstrona-GOtrack-APP-1.png 714w, https:\/\/gotrack.pl\/wp-content\/uploads\/2024\/10\/software-baner-podstrona-GOtrack-APP-1-300x280.png 300w\" sizes=\"auto, (max-width: 714px) 100vw, 714px\" \/><\/figure>\n<\/div>\n\n\n\n<div class=\"wp-block-column is-vertically-aligned-center is-layout-flow wp-block-column-is-layout-flow\" style=\"flex-basis:50%\">\n<figure class=\"wp-block-image size-full is-resized\"><img loading=\"lazy\" decoding=\"async\" width=\"144\" height=\"144\" src=\"https:\/\/gotrack.pl\/wp-content\/uploads\/2022\/10\/gotrack-app-1.png\" alt=\"\" class=\"wp-image-7568\" style=\"width:72px;height:72px\"\/><\/figure>\n\n\n\n<h2 class=\"wp-block-heading\"><strong>GOtrack App<\/strong> <\/h2>\n\n\n\n<p><strong>Application for mobile devices<\/strong><\/p>\n\n\n\n<p>Monitoring the work of remotely navigated GOtrack products. Access to information is carried out via a server in the cloud, where data is processed. The most important parameters from the user&#8217;s point of view are displayed on the screen of his smartphone. This is precise real-time monitoring.<\/p>\n\n\n\n<p>The app is for users of Auto DRIVE, e-Spray Pro and e-Spray GSM with GPS Assist. It provides immediate access to data, i.e. driving speed, liquid flow rate, liquid level in the sprayer&#8217;s tank, alerts, current vehicle location visible on the Google map.<\/p>\n\n\n\n<p>Through the app, the user can turn the system on and off remotely and precisely locate the machine. The tool provides the ability to automatically update the software of GOtrack products.<\/p>\n\n\n\n<p><strong><strong>Designation<\/strong><\/strong>: For individual users<\/p>\n\n\n\n<div class=\"wp-block-buttons is-layout-flex wp-block-buttons-is-layout-flex\">\n<div class=\"wp-block-button\"><a class=\"wp-block-button__link wp-element-button\" href=\"\/en\/contact\/?product=GOtrack-APP\">Ask about the product<\/a><\/div>\n\n\n\n<div class=\"wp-block-button\"><a class=\"wp-block-button__link wp-element-button\" href=\"https:\/\/play.google.com\/store\/apps\/details?id=pl.gotrack.mobile&amp;gl=PL\">Download App<\/a><\/div>\n<\/div>\n\n\n\n<figure class=\"wp-block-image size-full is-resized\"><img loading=\"lazy\" decoding=\"async\" width=\"394\" height=\"124\" src=\"https:\/\/gotrack.pl\/wp-content\/uploads\/2022\/10\/Pobierz-z-Google-play-system-android-na-androida.png\" alt=\"\" class=\"wp-image-6860\" style=\"width:188px;height:59px\" srcset=\"https:\/\/gotrack.pl\/wp-content\/uploads\/2022\/10\/Pobierz-z-Google-play-system-android-na-androida.png 394w, https:\/\/gotrack.pl\/wp-content\/uploads\/2022\/10\/Pobierz-z-Google-play-system-android-na-androida-300x94.png 300w\" sizes=\"auto, (max-width: 394px) 100vw, 394px\" \/><\/figure>\n<\/div>\n<\/div>\n<\/div><\/div>\n\n\n\n<div style=\"height:45px\" aria-hidden=\"true\" class=\"wp-block-spacer\"><\/div>\n\n\n\n<div class=\"wp-block-cover is-light\" style=\"min-height:870px;aspect-ratio:unset;\"><span aria-hidden=\"true\" class=\"wp-block-cover__background has-white-background-color has-background-dim-100 has-background-dim\"><\/span><div class=\"wp-block-cover__inner-container is-layout-flow wp-block-cover-is-layout-flow\">\n<div class=\"wp-block-columns container is-layout-flex wp-container-core-columns-is-layout-9d6595d7 wp-block-columns-is-layout-flex\">\n<div class=\"wp-block-column is-vertically-aligned-center order-2 order-md-1 is-layout-flow wp-block-column-is-layout-flow\" id=\"gotrack_configuration\">\n<figure class=\"wp-block-image size-full is-resized\"><img loading=\"lazy\" decoding=\"async\" width=\"144\" height=\"144\" src=\"https:\/\/gotrack.pl\/wp-content\/uploads\/2022\/10\/gotrack-con.png\" alt=\"\" class=\"wp-image-7577\" style=\"width:72px;height:72px\"\/><\/figure>\n\n\n\n<h2 class=\"wp-block-heading\"><strong>GOtrack configuration<\/strong><\/h2>\n\n\n\n<p><strong>Service tool for dealers<\/strong><\/p>\n\n\n\n<p>The GOtrack configuration application is a tool for the Technical Service and Dealers who install and set up GOtrack systems.<\/p>\n\n\n\n<p>The application has been developed for use with Android Smartphones. GOtrack control units communicate with the service technician&#8217;s smartphone via Bluetooth.<\/p>\n\n\n\n<p>Software users have access to full diagnostics of GOtrack devices, settings and calibration of individual system components. Designed to support products such as: Remote CONTROL, Line ASSIST, Auto DRIVE. It is also used to support individual customers served by the manufacturer&#8217;s helpdesk.<\/p>\n\n\n\n<p><strong><strong>Designation<\/strong><\/strong>: For technical service<\/p>\n\n\n\n<div class=\"wp-block-buttons is-layout-flex wp-block-buttons-is-layout-flex\">\n<div class=\"wp-block-button\"><a class=\"wp-block-button__link wp-element-button\" href=\"\/en\/kontakt\/?product=GOtrack-configuration\">Ask about the product<\/a><\/div>\n\n\n\n<div class=\"wp-block-button\"><a class=\"wp-block-button__link wp-element-button\" href=\"https:\/\/gotrack.pl\/download\/\">Download App<\/a><\/div>\n<\/div>\n<\/div>\n\n\n\n<div class=\"wp-block-column order-1 order-md-2 is-layout-flow wp-block-column-is-layout-flow\">\n<figure class=\"wp-block-image size-full\"><img loading=\"lazy\" decoding=\"async\" width=\"748\" height=\"707\" src=\"https:\/\/gotrack.pl\/wp-content\/uploads\/2022\/10\/gotrack-config.jpg\" alt=\"\" class=\"wp-image-7670\" srcset=\"https:\/\/gotrack.pl\/wp-content\/uploads\/2022\/10\/gotrack-config.jpg 748w, https:\/\/gotrack.pl\/wp-content\/uploads\/2022\/10\/gotrack-config-300x284.jpg 300w\" sizes=\"auto, (max-width: 748px) 100vw, 748px\" \/><\/figure>\n<\/div>\n<\/div>\n\n\n\n<p><\/p>\n<\/div><\/div>\n","protected":false},"excerpt":{"rendered":"<p>GOtrack Farm MANAGER Vehicle Implement Management System This tool was created with large-area users in mind. The application is designed for remote monitoring and management of many Auto DRIVE autonomous vehicles and e-Spray PRO and e-Spray GSM precision spraying systems with GPS Assist. Agronomists and managerial staff managing work in large farms gain a good [&hellip;]<\/p>\n","protected":false},"author":1,"featured_media":0,"parent":0,"menu_order":0,"comment_status":"closed","ping_status":"closed","template":"","meta":{"_acf_changed":false,"footnotes":""},"class_list":["post-14825","page","type-page","status-publish","hentry"],"acf":[],"yoast_head":"<!-- This site is optimized with the Yoast SEO plugin v27.4 - https:\/\/yoast.com\/product\/yoast-seo-wordpress\/ -->\n<title>Software - GOtrack<\/title>\n<meta name=\"description\" content=\"GOtrack Farm MANAGER vehicle management manager. GOtrack App mobile device application. GOtrack configuration service tool.\" \/>\n<meta name=\"robots\" content=\"index, follow, max-snippet:-1, max-image-preview:large, max-video-preview:-1\" \/>\n<link rel=\"canonical\" href=\"https:\/\/gotrack.pl\/en\/software\/\" \/>\n<meta property=\"og:locale\" content=\"en_US\" \/>\n<meta property=\"og:type\" content=\"article\" \/>\n<meta property=\"og:title\" content=\"Software - GOtrack\" \/>\n<meta property=\"og:description\" content=\"GOtrack Farm MANAGER vehicle management manager. GOtrack App mobile device application. GOtrack configuration service tool.\" \/>\n<meta property=\"og:url\" content=\"https:\/\/gotrack.pl\/en\/software\/\" \/>\n<meta property=\"og:site_name\" content=\"GOtrack\" \/>\n<meta property=\"article:publisher\" content=\"https:\/\/www.facebook.com\/gotrackgps\/\" \/>\n<meta property=\"article:modified_time\" content=\"2025-01-07T18:02:47+00:00\" \/>\n<meta property=\"og:image\" content=\"https:\/\/gotrack.pl\/wp-content\/uploads\/2024\/10\/software-baner-podstrona-GOtrack-Farm-MANAGER.png\" \/>\n\t<meta property=\"og:image:width\" content=\"714\" \/>\n\t<meta property=\"og:image:height\" content=\"667\" \/>\n\t<meta property=\"og:image:type\" content=\"image\/png\" \/>\n<meta name=\"twitter:card\" content=\"summary_large_image\" \/>\n<meta name=\"twitter:label1\" content=\"Est. reading time\" \/>\n\t<meta name=\"twitter:data1\" content=\"4 minutes\" \/>\n<script type=\"application\/ld+json\" class=\"yoast-schema-graph\">{\"@context\":\"https:\\\/\\\/schema.org\",\"@graph\":[{\"@type\":\"WebPage\",\"@id\":\"https:\\\/\\\/gotrack.pl\\\/en\\\/software\\\/\",\"url\":\"https:\\\/\\\/gotrack.pl\\\/en\\\/software\\\/\",\"name\":\"Software - GOtrack\",\"isPartOf\":{\"@id\":\"https:\\\/\\\/gotrack.pl\\\/#website\"},\"primaryImageOfPage\":{\"@id\":\"https:\\\/\\\/gotrack.pl\\\/en\\\/software\\\/#primaryimage\"},\"image\":{\"@id\":\"https:\\\/\\\/gotrack.pl\\\/en\\\/software\\\/#primaryimage\"},\"thumbnailUrl\":\"https:\\\/\\\/gotrack.pl\\\/wp-content\\\/uploads\\\/2024\\\/10\\\/software-baner-podstrona-GOtrack-Farm-MANAGER.png\",\"datePublished\":\"2022-10-03T11:29:40+00:00\",\"dateModified\":\"2025-01-07T18:02:47+00:00\",\"description\":\"GOtrack Farm MANAGER vehicle management manager. GOtrack App mobile device application. GOtrack configuration service tool.\",\"breadcrumb\":{\"@id\":\"https:\\\/\\\/gotrack.pl\\\/en\\\/software\\\/#breadcrumb\"},\"inLanguage\":\"en-US\",\"potentialAction\":[{\"@type\":\"ReadAction\",\"target\":[\"https:\\\/\\\/gotrack.pl\\\/en\\\/software\\\/\"]}]},{\"@type\":\"ImageObject\",\"inLanguage\":\"en-US\",\"@id\":\"https:\\\/\\\/gotrack.pl\\\/en\\\/software\\\/#primaryimage\",\"url\":\"https:\\\/\\\/gotrack.pl\\\/wp-content\\\/uploads\\\/2024\\\/10\\\/software-baner-podstrona-GOtrack-Farm-MANAGER.png\",\"contentUrl\":\"https:\\\/\\\/gotrack.pl\\\/wp-content\\\/uploads\\\/2024\\\/10\\\/software-baner-podstrona-GOtrack-Farm-MANAGER.png\"},{\"@type\":\"BreadcrumbList\",\"@id\":\"https:\\\/\\\/gotrack.pl\\\/en\\\/software\\\/#breadcrumb\",\"itemListElement\":[{\"@type\":\"ListItem\",\"position\":1,\"name\":\"Strona g\u0142\u00f3wna\",\"item\":\"https:\\\/\\\/gotrack.pl\\\/en\\\/\"},{\"@type\":\"ListItem\",\"position\":2,\"name\":\"Software\"}]},{\"@type\":\"WebSite\",\"@id\":\"https:\\\/\\\/gotrack.pl\\\/#website\",\"url\":\"https:\\\/\\\/gotrack.pl\\\/\",\"name\":\"GOtrack\",\"description\":\"Producent system\u00f3w umo\u017cliwiaj\u0105cych precyzyjne, zdalne sterowanie maszynami, ci\u0105gnikami i urz\u0105dzeniami sadowniczymi.\",\"publisher\":{\"@id\":\"https:\\\/\\\/gotrack.pl\\\/#organization\"},\"potentialAction\":[{\"@type\":\"SearchAction\",\"target\":{\"@type\":\"EntryPoint\",\"urlTemplate\":\"https:\\\/\\\/gotrack.pl\\\/?s={search_term_string}\"},\"query-input\":{\"@type\":\"PropertyValueSpecification\",\"valueRequired\":true,\"valueName\":\"search_term_string\"}}],\"inLanguage\":\"en-US\"},{\"@type\":\"Organization\",\"@id\":\"https:\\\/\\\/gotrack.pl\\\/#organization\",\"name\":\"GOtrack\",\"url\":\"https:\\\/\\\/gotrack.pl\\\/\",\"logo\":{\"@type\":\"ImageObject\",\"inLanguage\":\"en-US\",\"@id\":\"https:\\\/\\\/gotrack.pl\\\/#\\\/schema\\\/logo\\\/image\\\/\",\"url\":\"https:\\\/\\\/gotrack.pl\\\/wp-content\\\/uploads\\\/2022\\\/11\\\/logo-gotrack.jpg\",\"contentUrl\":\"https:\\\/\\\/gotrack.pl\\\/wp-content\\\/uploads\\\/2022\\\/11\\\/logo-gotrack.jpg\",\"width\":206,\"height\":58,\"caption\":\"GOtrack\"},\"image\":{\"@id\":\"https:\\\/\\\/gotrack.pl\\\/#\\\/schema\\\/logo\\\/image\\\/\"},\"sameAs\":[\"https:\\\/\\\/www.facebook.com\\\/gotrackgps\\\/\",\"https:\\\/\\\/www.youtube.com\\\/user\\\/gotrackpl\"]}]}<\/script>\n<!-- \/ Yoast SEO plugin. -->","yoast_head_json":{"title":"Software - GOtrack","description":"GOtrack Farm MANAGER vehicle management manager. GOtrack App mobile device application. GOtrack configuration service tool.","robots":{"index":"index","follow":"follow","max-snippet":"max-snippet:-1","max-image-preview":"max-image-preview:large","max-video-preview":"max-video-preview:-1"},"canonical":"https:\/\/gotrack.pl\/en\/software\/","og_locale":"en_US","og_type":"article","og_title":"Software - GOtrack","og_description":"GOtrack Farm MANAGER vehicle management manager. GOtrack App mobile device application. GOtrack configuration service tool.","og_url":"https:\/\/gotrack.pl\/en\/software\/","og_site_name":"GOtrack","article_publisher":"https:\/\/www.facebook.com\/gotrackgps\/","article_modified_time":"2025-01-07T18:02:47+00:00","og_image":[{"width":714,"height":667,"url":"https:\/\/gotrack.pl\/wp-content\/uploads\/2024\/10\/software-baner-podstrona-GOtrack-Farm-MANAGER.png","type":"image\/png"}],"twitter_card":"summary_large_image","twitter_misc":{"Est. reading time":"4 minutes"},"schema":{"@context":"https:\/\/schema.org","@graph":[{"@type":"WebPage","@id":"https:\/\/gotrack.pl\/en\/software\/","url":"https:\/\/gotrack.pl\/en\/software\/","name":"Software - GOtrack","isPartOf":{"@id":"https:\/\/gotrack.pl\/#website"},"primaryImageOfPage":{"@id":"https:\/\/gotrack.pl\/en\/software\/#primaryimage"},"image":{"@id":"https:\/\/gotrack.pl\/en\/software\/#primaryimage"},"thumbnailUrl":"https:\/\/gotrack.pl\/wp-content\/uploads\/2024\/10\/software-baner-podstrona-GOtrack-Farm-MANAGER.png","datePublished":"2022-10-03T11:29:40+00:00","dateModified":"2025-01-07T18:02:47+00:00","description":"GOtrack Farm MANAGER vehicle management manager. GOtrack App mobile device application. GOtrack configuration service tool.","breadcrumb":{"@id":"https:\/\/gotrack.pl\/en\/software\/#breadcrumb"},"inLanguage":"en-US","potentialAction":[{"@type":"ReadAction","target":["https:\/\/gotrack.pl\/en\/software\/"]}]},{"@type":"ImageObject","inLanguage":"en-US","@id":"https:\/\/gotrack.pl\/en\/software\/#primaryimage","url":"https:\/\/gotrack.pl\/wp-content\/uploads\/2024\/10\/software-baner-podstrona-GOtrack-Farm-MANAGER.png","contentUrl":"https:\/\/gotrack.pl\/wp-content\/uploads\/2024\/10\/software-baner-podstrona-GOtrack-Farm-MANAGER.png"},{"@type":"BreadcrumbList","@id":"https:\/\/gotrack.pl\/en\/software\/#breadcrumb","itemListElement":[{"@type":"ListItem","position":1,"name":"Strona g\u0142\u00f3wna","item":"https:\/\/gotrack.pl\/en\/"},{"@type":"ListItem","position":2,"name":"Software"}]},{"@type":"WebSite","@id":"https:\/\/gotrack.pl\/#website","url":"https:\/\/gotrack.pl\/","name":"GOtrack","description":"Producent system\u00f3w umo\u017cliwiaj\u0105cych precyzyjne, zdalne sterowanie maszynami, ci\u0105gnikami i urz\u0105dzeniami sadowniczymi.","publisher":{"@id":"https:\/\/gotrack.pl\/#organization"},"potentialAction":[{"@type":"SearchAction","target":{"@type":"EntryPoint","urlTemplate":"https:\/\/gotrack.pl\/?s={search_term_string}"},"query-input":{"@type":"PropertyValueSpecification","valueRequired":true,"valueName":"search_term_string"}}],"inLanguage":"en-US"},{"@type":"Organization","@id":"https:\/\/gotrack.pl\/#organization","name":"GOtrack","url":"https:\/\/gotrack.pl\/","logo":{"@type":"ImageObject","inLanguage":"en-US","@id":"https:\/\/gotrack.pl\/#\/schema\/logo\/image\/","url":"https:\/\/gotrack.pl\/wp-content\/uploads\/2022\/11\/logo-gotrack.jpg","contentUrl":"https:\/\/gotrack.pl\/wp-content\/uploads\/2022\/11\/logo-gotrack.jpg","width":206,"height":58,"caption":"GOtrack"},"image":{"@id":"https:\/\/gotrack.pl\/#\/schema\/logo\/image\/"},"sameAs":["https:\/\/www.facebook.com\/gotrackgps\/","https:\/\/www.youtube.com\/user\/gotrackpl"]}]}},"pbg_featured_image_src":{"full":false,"thumbnail":false,"medium":false,"medium_large":false,"large":false,"1536x1536":false,"2048x2048":false,"home-bottom":false},"pbg_author_info":{"display_name":"admin","author_link":"https:\/\/gotrack.pl\/en\/author\/admin\/","author_img":"<img alt='admin' src='https:\/\/secure.gravatar.com\/avatar\/1eedd1b09d6474dacfe14ff0f4581d744ac9c2c9a9a8af1b47f6f8180d3e7951?s=128&#038;d=mm&#038;r=g' srcset='https:\/\/secure.gravatar.com\/avatar\/1eedd1b09d6474dacfe14ff0f4581d744ac9c2c9a9a8af1b47f6f8180d3e7951?s=256&#038;d=mm&#038;r=g 2x' class='avatar avatar-128 photo' height='128' width='128' loading='lazy' decoding='async'\/>"},"pbg_comment_info":" No Comments","pbg_excerpt":"GOtrack Farm MANAGER Vehicle Implement Management System This tool was created with large-area users in mind. The application is designed for remote monitoring and management of many Auto DRIVE autonomous vehicles and e-Spray PRO and e-Spray GSM precision spraying systems with GPS Assist. Agronomists and managerial staff managing work in large farms gain a good&hellip;","_links":{"self":[{"href":"https:\/\/gotrack.pl\/en\/wp-json\/wp\/v2\/pages\/14825","targetHints":{"allow":["GET"]}}],"collection":[{"href":"https:\/\/gotrack.pl\/en\/wp-json\/wp\/v2\/pages"}],"about":[{"href":"https:\/\/gotrack.pl\/en\/wp-json\/wp\/v2\/types\/page"}],"author":[{"embeddable":true,"href":"https:\/\/gotrack.pl\/en\/wp-json\/wp\/v2\/users\/1"}],"replies":[{"embeddable":true,"href":"https:\/\/gotrack.pl\/en\/wp-json\/wp\/v2\/comments?post=14825"}],"version-history":[{"count":13,"href":"https:\/\/gotrack.pl\/en\/wp-json\/wp\/v2\/pages\/14825\/revisions"}],"predecessor-version":[{"id":24941,"href":"https:\/\/gotrack.pl\/en\/wp-json\/wp\/v2\/pages\/14825\/revisions\/24941"}],"wp:attachment":[{"href":"https:\/\/gotrack.pl\/en\/wp-json\/wp\/v2\/media?parent=14825"}],"curies":[{"name":"wp","href":"https:\/\/api.w.org\/{rel}","templated":true}]}}