    {"id":23366,"date":"2024-10-20T10:39:16","date_gmt":"2024-10-20T08:39:16","guid":{"rendered":"https:\/\/gotrack.pl\/gps-assist\/"},"modified":"2024-10-31T14:38:46","modified_gmt":"2024-10-31T13:38:46","slug":"gps-assist","status":"publish","type":"page","link":"https:\/\/gotrack.pl\/de\/gps-assist\/","title":{"rendered":"GPS Assist Module"},"content":{"rendered":"\n<div style=\"height:25px\" aria-hidden=\"true\" class=\"wp-block-spacer\"><\/div>\n\n\n\n<div class=\"wp-block-columns are-vertically-aligned-center container is-layout-flex wp-container-core-columns-is-layout-9d6595d7 wp-block-columns-is-layout-flex\">\n<div class=\"wp-block-column is-vertically-aligned-center is-layout-flow wp-block-column-is-layout-flow\"><style>\n\n\n<\/style>\n<div class=\"d-flex align-items-center justify-content-between py-3\">\n\n\n    <div class=\"arrow-h2 d-flex align-items-center\">\n        <div>\n            <img loading=\"lazy\" decoding=\"async\" width=\"130\" height=\"121\" src=\"https:\/\/gotrack.pl\/wp-content\/uploads\/2024\/10\/arrow-gotrack-primary.svg\" class=\"attachment-thumbnail size-thumbnail\" alt=\"\" \/>        <\/div>\n\n        <div class=\"ps-3\">\n            <div class=\"h2 mb-0 pb-0 fw-bold color-title-body\" style=\"line-height: 35px\">\n                GPS Assist Module                <br>            <\/div>\n        <\/div>\n    <\/div>\n\n<!--    <div class=\"section-logo-line\">-->\n<!--    <\/div>-->\n\n<!--    <div class=\"logo-section\">-->\n<!--        --><!---->\n<!--    <\/div>-->\n\n\n\n<\/div>\n\n\n<div style=\"height:25px\" aria-hidden=\"true\" class=\"wp-block-spacer\"><\/div>\n\n\n\n<p><strong>Die Grundfunktion des GPS-Assist-Moduls ist die Navigation und die automatische Aktivierung von Ventilsektionen beim Spritzen von Obstplantagen und Plantagen.<\/strong><\/p>\n\n\n\n<p>GPS Assist wird verwendet, um die Ventilsektionen der Feldspritze entsprechend der vom Benutzer aufgezeichneten Route automatisch ein- und auszuschalten. Als Teil der Navigation aktiviert das System die M\u00f6glichkeit, eine Karte der gefahrenen und noch zu unternehmenden Fahrten im Computer der Feldspritze zu zeichnen.<\/p>\n\n\n\n<p>Dank dieser Vorrichtung muss der Traktorfahrer die Aktivierung der Ventilsektionen w\u00e4hrend der Behandlung nicht manuell steuern, es geschieht automatisch mit einer Genauigkeit von 2 cm. Zus\u00e4tzlich zeigt das Computerdisplay in der Kabine eine Karte der Plantage mit markierten Reihen, die bespr\u00fcht wurden und denen, die zur weiteren Behandlung verbleiben.<\/p>\n\n\n\n<p>Das System gew\u00e4hrleistet die Sicherheit der Behandlung und eliminiert die M\u00f6glichkeit eines Bedienerfehlers, wenn er mehrmals in dieselben Reihen einf\u00e4hrt. In diesem Fall werden Behandlungen nicht in denselben Durchg\u00e4ngen dupliziert.<\/p>\n\n\n\n<p>Diese L\u00f6sung dient als Erweiterung der Funktionen von e-Spray GSM-Computern und ist in der Ausstattung von e-Spray PRO-Computern enthalten.<\/p>\n\n\n\n<p>Benutzer, die eine Flotte oder einzelne Spritzger\u00e4te verwalten, haben Zugriff auf die \u00dcberwachung des Standorts und der Betriebsparameter \u00fcber die GOtrack App.<\/p>\n\n\n\n<p>GPS-RTK-Korrekturen sind f\u00fcr den korrekten Betrieb des Moduls erforderlich. Sie k\u00f6nnen per Abonnement oder durch den Kauf Ihrer eigenen RTK-Basis bezogen werden.<\/p>\n\n\n\n<p>Users managing a fleet or individual sprayers have access to monitoring the location and operating parameters via the GOtrack App.<\/p>\n\n\n\n<p>GPS RTK corrections are required for the correct operation of the module. They can be obtained by subscription or by purchasing your own RTK Base.<\/p>\n<\/div>\n\n\n\n<div class=\"wp-block-column is-vertically-aligned-center is-layout-flow wp-block-column-is-layout-flow\">\n<figure class=\"wp-block-image size-full\"><img loading=\"lazy\" decoding=\"async\" width=\"714\" height=\"667\" src=\"https:\/\/gotrack.pl\/wp-content\/uploads\/2024\/10\/GPS-ASSIST-baner.png\" alt=\"\" class=\"wp-image-23801\" srcset=\"https:\/\/gotrack.pl\/wp-content\/uploads\/2024\/10\/GPS-ASSIST-baner.png 714w, https:\/\/gotrack.pl\/wp-content\/uploads\/2024\/10\/GPS-ASSIST-baner-300x280.png 300w\" sizes=\"auto, (max-width: 714px) 100vw, 714px\" \/><\/figure>\n<\/div>\n<\/div>\n\n\n\n<div class=\"wp-block-group has-background\" style=\"background-color:#fafafa\"><div class=\"wp-block-group__inner-container is-layout-constrained wp-block-group-is-layout-constrained\">\n<div style=\"height:50px\" aria-hidden=\"true\" class=\"wp-block-spacer\"><\/div>\n\n\n\n<div class=\"wp-block-columns container is-layout-flex wp-container-core-columns-is-layout-9d6595d7 wp-block-columns-is-layout-flex\">\n<div class=\"wp-block-column is-layout-flow wp-block-column-is-layout-flow\">\n<h3 class=\"wp-block-heading\"><strong>e-Spray-Computer<\/strong><\/h3>\n\n\n\n<div style=\"height:25px\" aria-hidden=\"true\" class=\"wp-block-spacer\"><\/div>\n\n\n\n<ul class=\"wp-block-list\">\n<li>Erh\u00f6hung der Pr\u00e4zision von Spritzvorg\u00e4ngen<\/li>\n\n\n\n<li>Einsparungen bei angewandten Pflanzenschutzmitteln<\/li>\n\n\n\n<li>Systematisierung von Pl\u00e4nen und Routen in Reihen<\/li>\n\n\n\n<li>komfortable grafische Navigation beim Fahren zwischen den Reihen<\/li>\n\n\n\n<li>Reduzierung von Benutzerfehlern<\/li>\n\n\n\n<li>Fern\u00fcberwachung der Behandlung mittels mobiler GOtrack App<\/li>\n\n\n\n<li>Zugriff auf den VIMS-Flottenverwaltungsmanager (optional nach dem Kauf eines zus\u00e4tzlichen Abonnements)<\/li>\n<\/ul>\n<\/div>\n\n\n\n<div class=\"wp-block-column is-layout-flow wp-block-column-is-layout-flow\">\n<h3 class=\"wp-block-heading\"><strong>Technische Daten:<\/strong><\/h3>\n\n\n\n<div style=\"height:25px\" aria-hidden=\"true\" class=\"wp-block-spacer\"><\/div>\n\n\n\n<ul class=\"wp-block-list\">\n<li>Kompatibilit\u00e4t mit e-Spray GSM-Computern<\/li>\n\n\n\n<li>M\u00f6glichkeit der Erweiterung von e-Spray-Computern nach dem Upgrade der Version auf e-Spray GSM<\/li>\n\n\n\n<li>Funktion, die in der Standardausstattung des e-Spray PRO-Computers enthalten ist<\/li>\n\n\n\n<li>das Ger\u00e4t beinhaltet ein GPS-Empf\u00e4nger, der auf dem Dach des Traktors montiert wird und ein elektronisches Modul, das in die Hauptplatine des e-Spray-GSM-Computers eingebaut wird<\/li>\n\n\n\n<li>12VDC Stromversorgung<\/li>\n\n\n\n<li>F\u00fcr einen ordnungsgem\u00e4\u00dfen Betrieb ist es erforderlich, RTK-Korrekturen in Form eines Abonnements oder einer eigenen RTK-Basisstation zu erwerben<\/li>\n<\/ul>\n<\/div>\n<\/div>\n\n\n\n<div style=\"height:50px\" aria-hidden=\"true\" class=\"wp-block-spacer\"><\/div>\n<\/div><\/div>\n\n\n\n<div style=\"height:50px\" aria-hidden=\"true\" class=\"wp-block-spacer\"><\/div>\n\n\n\n<div class=\"wp-block-columns container is-layout-flex wp-container-core-columns-is-layout-9d6595d7 wp-block-columns-is-layout-flex\">\n<div class=\"wp-block-column is-layout-flow wp-block-column-is-layout-flow\"><style>\n\n\n<\/style>\n<div class=\"d-flex align-items-center justify-content-between py-3\">\n\n\n    <div class=\"arrow-h2 d-flex align-items-center\">\n        <div>\n            <img loading=\"lazy\" decoding=\"async\" width=\"130\" height=\"121\" src=\"https:\/\/gotrack.pl\/wp-content\/uploads\/2024\/10\/arrow-gotrack-primary.svg\" class=\"attachment-thumbnail size-thumbnail\" alt=\"\" \/>        <\/div>\n\n        <div class=\"ps-3\">\n            <div class=\"h2 mb-0 pb-0 fw-bold color-title-body\" style=\"line-height: 35px\">\n                Dokumente zum Herunterladen                <br>            <\/div>\n        <\/div>\n    <\/div>\n\n<!--    <div class=\"section-logo-line\">-->\n<!--    <\/div>-->\n\n<!--    <div class=\"logo-section\">-->\n<!--        --><!---->\n<!--    <\/div>-->\n\n\n\n<\/div><\/div>\n<\/div>\n","protected":false},"excerpt":{"rendered":"<p>Die Grundfunktion des GPS-Assist-Moduls ist die Navigation und die automatische Aktivierung von Ventilsektionen beim Spritzen von Obstplantagen und Plantagen. GPS Assist wird verwendet, um die Ventilsektionen der Feldspritze entsprechend der vom Benutzer aufgezeichneten Route automatisch ein- und auszuschalten. Als Teil der Navigation aktiviert das System die M\u00f6glichkeit, eine Karte der gefahrenen und noch zu unternehmenden [&hellip;]<\/p>\n","protected":false},"author":1,"featured_media":0,"parent":0,"menu_order":0,"comment_status":"closed","ping_status":"closed","template":"szablon-module.php","meta":{"_acf_changed":false,"footnotes":""},"class_list":["post-23366","page","type-page","status-publish","hentry"],"acf":[],"yoast_head":"<!-- This site is optimized with the Yoast SEO plugin v26.6 - https:\/\/yoast.com\/wordpress\/plugins\/seo\/ -->\n<title>GPS Assist Module - GOtrack<\/title>\n<meta name=\"robots\" content=\"index, follow, max-snippet:-1, max-image-preview:large, max-video-preview:-1\" \/>\n<link rel=\"canonical\" href=\"https:\/\/n2024.mr-wolf.pl\/de\/gps-assist\/\" \/>\n<meta property=\"og:locale\" content=\"de_DE\" \/>\n<meta property=\"og:type\" content=\"article\" \/>\n<meta property=\"og:title\" content=\"GPS Assist Module - GOtrack\" \/>\n<meta property=\"og:description\" content=\"Die Grundfunktion des GPS-Assist-Moduls ist die Navigation und die automatische Aktivierung von Ventilsektionen beim Spritzen von Obstplantagen und Plantagen. GPS Assist wird verwendet, um die Ventilsektionen der Feldspritze entsprechend der vom Benutzer aufgezeichneten Route automatisch ein- und auszuschalten. Als Teil der Navigation aktiviert das System die M\u00f6glichkeit, eine Karte der gefahrenen und noch zu unternehmenden [&hellip;]\" \/>\n<meta property=\"og:url\" content=\"https:\/\/n2024.mr-wolf.pl\/de\/gps-assist\/\" \/>\n<meta property=\"og:site_name\" content=\"GOtrack\" \/>\n<meta property=\"article:publisher\" content=\"https:\/\/www.facebook.com\/gotrackgps\/\" \/>\n<meta property=\"article:modified_time\" content=\"2024-10-31T13:38:46+00:00\" \/>\n<meta property=\"og:image\" content=\"https:\/\/n2024.mr-wolf.pl\/wp-content\/uploads\/2024\/10\/GPS-ASSIST-baner.png\" \/>\n<meta name=\"twitter:card\" content=\"summary_large_image\" \/>\n<meta name=\"twitter:label1\" content=\"Gesch\u00e4tzte Lesezeit\" \/>\n\t<meta name=\"twitter:data1\" content=\"3\u00a0Minuten\" \/>\n<script type=\"application\/ld+json\" class=\"yoast-schema-graph\">{\"@context\":\"https:\/\/schema.org\",\"@graph\":[{\"@type\":\"WebPage\",\"@id\":\"https:\/\/n2024.mr-wolf.pl\/de\/gps-assist\/\",\"url\":\"https:\/\/n2024.mr-wolf.pl\/de\/gps-assist\/\",\"name\":\"GPS Assist Module - GOtrack\",\"isPartOf\":{\"@id\":\"https:\/\/gotrack.pl\/#website\"},\"primaryImageOfPage\":{\"@id\":\"https:\/\/n2024.mr-wolf.pl\/de\/gps-assist\/#primaryimage\"},\"image\":{\"@id\":\"https:\/\/n2024.mr-wolf.pl\/de\/gps-assist\/#primaryimage\"},\"thumbnailUrl\":\"https:\/\/gotrack.pl\/wp-content\/uploads\/2024\/10\/GPS-ASSIST-baner.png\",\"datePublished\":\"2024-10-20T08:39:16+00:00\",\"dateModified\":\"2024-10-31T13:38:46+00:00\",\"breadcrumb\":{\"@id\":\"https:\/\/n2024.mr-wolf.pl\/de\/gps-assist\/#breadcrumb\"},\"inLanguage\":\"de\",\"potentialAction\":[{\"@type\":\"ReadAction\",\"target\":[\"https:\/\/n2024.mr-wolf.pl\/de\/gps-assist\/\"]}]},{\"@type\":\"ImageObject\",\"inLanguage\":\"de\",\"@id\":\"https:\/\/n2024.mr-wolf.pl\/de\/gps-assist\/#primaryimage\",\"url\":\"https:\/\/gotrack.pl\/wp-content\/uploads\/2024\/10\/GPS-ASSIST-baner.png\",\"contentUrl\":\"https:\/\/gotrack.pl\/wp-content\/uploads\/2024\/10\/GPS-ASSIST-baner.png\"},{\"@type\":\"BreadcrumbList\",\"@id\":\"https:\/\/n2024.mr-wolf.pl\/de\/gps-assist\/#breadcrumb\",\"itemListElement\":[{\"@type\":\"ListItem\",\"position\":1,\"name\":\"Strona g\u0142\u00f3wna\",\"item\":\"https:\/\/gotrack.pl\/de\/\"},{\"@type\":\"ListItem\",\"position\":2,\"name\":\"GPS Assist Module\"}]},{\"@type\":\"WebSite\",\"@id\":\"https:\/\/gotrack.pl\/#website\",\"url\":\"https:\/\/gotrack.pl\/\",\"name\":\"GOtrack\",\"description\":\"Producent system\u00f3w umo\u017cliwiaj\u0105cych precyzyjne, zdalne sterowanie maszynami, ci\u0105gnikami i urz\u0105dzeniami sadowniczymi.\",\"publisher\":{\"@id\":\"https:\/\/gotrack.pl\/#organization\"},\"potentialAction\":[{\"@type\":\"SearchAction\",\"target\":{\"@type\":\"EntryPoint\",\"urlTemplate\":\"https:\/\/gotrack.pl\/?s={search_term_string}\"},\"query-input\":{\"@type\":\"PropertyValueSpecification\",\"valueRequired\":true,\"valueName\":\"search_term_string\"}}],\"inLanguage\":\"de\"},{\"@type\":\"Organization\",\"@id\":\"https:\/\/gotrack.pl\/#organization\",\"name\":\"GOtrack\",\"url\":\"https:\/\/gotrack.pl\/\",\"logo\":{\"@type\":\"ImageObject\",\"inLanguage\":\"de\",\"@id\":\"https:\/\/gotrack.pl\/#\/schema\/logo\/image\/\",\"url\":\"https:\/\/gotrack.pl\/wp-content\/uploads\/2022\/11\/logo-gotrack.jpg\",\"contentUrl\":\"https:\/\/gotrack.pl\/wp-content\/uploads\/2022\/11\/logo-gotrack.jpg\",\"width\":206,\"height\":58,\"caption\":\"GOtrack\"},\"image\":{\"@id\":\"https:\/\/gotrack.pl\/#\/schema\/logo\/image\/\"},\"sameAs\":[\"https:\/\/www.facebook.com\/gotrackgps\/\",\"https:\/\/www.youtube.com\/user\/gotrackpl\"]}]}<\/script>\n<!-- \/ Yoast SEO plugin. -->","yoast_head_json":{"title":"GPS Assist Module - GOtrack","robots":{"index":"index","follow":"follow","max-snippet":"max-snippet:-1","max-image-preview":"max-image-preview:large","max-video-preview":"max-video-preview:-1"},"canonical":"https:\/\/n2024.mr-wolf.pl\/de\/gps-assist\/","og_locale":"de_DE","og_type":"article","og_title":"GPS Assist Module - GOtrack","og_description":"Die Grundfunktion des GPS-Assist-Moduls ist die Navigation und die automatische Aktivierung von Ventilsektionen beim Spritzen von Obstplantagen und Plantagen. GPS Assist wird verwendet, um die Ventilsektionen der Feldspritze entsprechend der vom Benutzer aufgezeichneten Route automatisch ein- und auszuschalten. Als Teil der Navigation aktiviert das System die M\u00f6glichkeit, eine Karte der gefahrenen und noch zu unternehmenden [&hellip;]","og_url":"https:\/\/n2024.mr-wolf.pl\/de\/gps-assist\/","og_site_name":"GOtrack","article_publisher":"https:\/\/www.facebook.com\/gotrackgps\/","article_modified_time":"2024-10-31T13:38:46+00:00","og_image":[{"url":"https:\/\/n2024.mr-wolf.pl\/wp-content\/uploads\/2024\/10\/GPS-ASSIST-baner.png","type":"","width":"","height":""}],"twitter_card":"summary_large_image","twitter_misc":{"Gesch\u00e4tzte Lesezeit":"3\u00a0Minuten"},"schema":{"@context":"https:\/\/schema.org","@graph":[{"@type":"WebPage","@id":"https:\/\/n2024.mr-wolf.pl\/de\/gps-assist\/","url":"https:\/\/n2024.mr-wolf.pl\/de\/gps-assist\/","name":"GPS Assist Module - GOtrack","isPartOf":{"@id":"https:\/\/gotrack.pl\/#website"},"primaryImageOfPage":{"@id":"https:\/\/n2024.mr-wolf.pl\/de\/gps-assist\/#primaryimage"},"image":{"@id":"https:\/\/n2024.mr-wolf.pl\/de\/gps-assist\/#primaryimage"},"thumbnailUrl":"https:\/\/gotrack.pl\/wp-content\/uploads\/2024\/10\/GPS-ASSIST-baner.png","datePublished":"2024-10-20T08:39:16+00:00","dateModified":"2024-10-31T13:38:46+00:00","breadcrumb":{"@id":"https:\/\/n2024.mr-wolf.pl\/de\/gps-assist\/#breadcrumb"},"inLanguage":"de","potentialAction":[{"@type":"ReadAction","target":["https:\/\/n2024.mr-wolf.pl\/de\/gps-assist\/"]}]},{"@type":"ImageObject","inLanguage":"de","@id":"https:\/\/n2024.mr-wolf.pl\/de\/gps-assist\/#primaryimage","url":"https:\/\/gotrack.pl\/wp-content\/uploads\/2024\/10\/GPS-ASSIST-baner.png","contentUrl":"https:\/\/gotrack.pl\/wp-content\/uploads\/2024\/10\/GPS-ASSIST-baner.png"},{"@type":"BreadcrumbList","@id":"https:\/\/n2024.mr-wolf.pl\/de\/gps-assist\/#breadcrumb","itemListElement":[{"@type":"ListItem","position":1,"name":"Strona g\u0142\u00f3wna","item":"https:\/\/gotrack.pl\/de\/"},{"@type":"ListItem","position":2,"name":"GPS Assist Module"}]},{"@type":"WebSite","@id":"https:\/\/gotrack.pl\/#website","url":"https:\/\/gotrack.pl\/","name":"GOtrack","description":"Producent system\u00f3w umo\u017cliwiaj\u0105cych precyzyjne, zdalne sterowanie maszynami, ci\u0105gnikami i urz\u0105dzeniami sadowniczymi.","publisher":{"@id":"https:\/\/gotrack.pl\/#organization"},"potentialAction":[{"@type":"SearchAction","target":{"@type":"EntryPoint","urlTemplate":"https:\/\/gotrack.pl\/?s={search_term_string}"},"query-input":{"@type":"PropertyValueSpecification","valueRequired":true,"valueName":"search_term_string"}}],"inLanguage":"de"},{"@type":"Organization","@id":"https:\/\/gotrack.pl\/#organization","name":"GOtrack","url":"https:\/\/gotrack.pl\/","logo":{"@type":"ImageObject","inLanguage":"de","@id":"https:\/\/gotrack.pl\/#\/schema\/logo\/image\/","url":"https:\/\/gotrack.pl\/wp-content\/uploads\/2022\/11\/logo-gotrack.jpg","contentUrl":"https:\/\/gotrack.pl\/wp-content\/uploads\/2022\/11\/logo-gotrack.jpg","width":206,"height":58,"caption":"GOtrack"},"image":{"@id":"https:\/\/gotrack.pl\/#\/schema\/logo\/image\/"},"sameAs":["https:\/\/www.facebook.com\/gotrackgps\/","https:\/\/www.youtube.com\/user\/gotrackpl"]}]}},"pbg_featured_image_src":{"full":false,"thumbnail":false,"medium":false,"medium_large":false,"large":false,"1536x1536":false,"2048x2048":false,"qr-code-photo":false,"home-bottom":false},"pbg_author_info":{"display_name":"admin","author_link":"https:\/\/gotrack.pl\/de\/author\/admin\/","author_img":"<img alt='admin' src='https:\/\/secure.gravatar.com\/avatar\/1eedd1b09d6474dacfe14ff0f4581d744ac9c2c9a9a8af1b47f6f8180d3e7951?s=128&#038;d=mm&#038;r=g' srcset='https:\/\/secure.gravatar.com\/avatar\/1eedd1b09d6474dacfe14ff0f4581d744ac9c2c9a9a8af1b47f6f8180d3e7951?s=256&#038;d=mm&#038;r=g 2x' class='avatar avatar-128 photo' height='128' width='128' loading='lazy' decoding='async'\/>"},"pbg_comment_info":" No Comments","pbg_excerpt":"Die Grundfunktion des GPS-Assist-Moduls ist die Navigation und die automatische Aktivierung von Ventilsektionen beim Spritzen von Obstplantagen und Plantagen. GPS Assist wird verwendet, um die Ventilsektionen der Feldspritze entsprechend der vom Benutzer aufgezeichneten Route automatisch ein- und auszuschalten. Als Teil der Navigation aktiviert das System die M\u00f6glichkeit, eine Karte der gefahrenen und noch zu unternehmenden&hellip;","_links":{"self":[{"href":"https:\/\/gotrack.pl\/de\/wp-json\/wp\/v2\/pages\/23366","targetHints":{"allow":["GET"]}}],"collection":[{"href":"https:\/\/gotrack.pl\/de\/wp-json\/wp\/v2\/pages"}],"about":[{"href":"https:\/\/gotrack.pl\/de\/wp-json\/wp\/v2\/types\/page"}],"author":[{"embeddable":true,"href":"https:\/\/gotrack.pl\/de\/wp-json\/wp\/v2\/users\/1"}],"replies":[{"embeddable":true,"href":"https:\/\/gotrack.pl\/de\/wp-json\/wp\/v2\/comments?post=23366"}],"version-history":[{"count":6,"href":"https:\/\/gotrack.pl\/de\/wp-json\/wp\/v2\/pages\/23366\/revisions"}],"predecessor-version":[{"id":25316,"href":"https:\/\/gotrack.pl\/de\/wp-json\/wp\/v2\/pages\/23366\/revisions\/25316"}],"wp:attachment":[{"href":"https:\/\/gotrack.pl\/de\/wp-json\/wp\/v2\/media?parent=23366"}],"curies":[{"name":"wp","href":"https:\/\/api.w.org\/{rel}","templated":true}]}}