    {"id":23360,"date":"2024-10-20T10:45:18","date_gmt":"2024-10-20T08:45:18","guid":{"rendered":"https:\/\/gotrack.pl\/modul-air-control\/"},"modified":"2024-11-04T11:20:34","modified_gmt":"2024-11-04T10:20:34","slug":"modul-air-control","status":"publish","type":"page","link":"https:\/\/gotrack.pl\/de\/modul-air-control\/","title":{"rendered":"Air Control Luftsteuerungen"},"content":{"rendered":"\n<div style=\"height:25px\" aria-hidden=\"true\" class=\"wp-block-spacer\"><\/div>\n\n\n\n<div class=\"wp-block-columns are-vertically-aligned-center container is-layout-flex wp-container-core-columns-is-layout-9d6595d7 wp-block-columns-is-layout-flex\">\n<div class=\"wp-block-column is-vertically-aligned-center is-layout-flow wp-block-column-is-layout-flow\"><style>\n\n\n<\/style>\n<div class=\"d-flex align-items-center justify-content-between py-3\">\n\n\n    <div class=\"arrow-h2 d-flex align-items-center\">\n        <div>\n            <img loading=\"lazy\" decoding=\"async\" width=\"130\" height=\"121\" src=\"https:\/\/gotrack.pl\/wp-content\/uploads\/2024\/10\/arrow-gotrack-primary.svg\" class=\"attachment-thumbnail size-thumbnail\" alt=\"\" \/>        <\/div>\n\n        <div class=\"ps-3\">\n            <div class=\"h2 mb-0 pb-0 fw-bold color-title-body\" style=\"line-height: 35px\">\n                Air Control module                <br>            <\/div>\n        <\/div>\n    <\/div>\n\n<!--    <div class=\"section-logo-line\">-->\n<!--    <\/div>-->\n\n<!--    <div class=\"logo-section\">-->\n<!--        --><!---->\n<!--    <\/div>-->\n\n\n\n<\/div>\n\n\n<div style=\"height:25px\" aria-hidden=\"true\" class=\"wp-block-spacer\"><\/div>\n\n\n\n<p><strong>Die Hauptfunktion des Air Control-Moduls besteht darin, das Abdriften von Spritztropfen \u00fcber die f\u00fcr die Anwendung vorgesehenen Pflanzen und B\u00e4ume hinaus zu reduzieren.<\/strong><\/p>\n\n\n\n<p>Der aus der Gebl\u00e4ses\u00e4ule der Spritze ausstr\u00f6mende Luft- und Pflanzenschutzmittelnebel soll die gesch\u00fctzten Pflanzen punktgenau treffen. Tats\u00e4chlich ist die Richtung und Geschwindigkeit dieser Mischung stark von lokal auftretenden Windb\u00f6en abh\u00e4ngig. Infolgedessen gibt es eine \u201eDrift\u201c des Spritzens auf unerw\u00fcnschte Bereiche der Plantage.<\/p>\n\n\n\n<p>Das Air Control-Ger\u00e4t verwaltet den Betrieb der Seitenblenden der L\u00fcfters\u00e4ulen. Der Benutzer hat die M\u00f6glichkeit, die Blenden auf der ausgew\u00e4hlten Seite der S\u00e4ule zu \u00f6ffnen oder zu schlie\u00dfen, abh\u00e4ngig von den lokalen Driftwinden.<\/p>\n\n\n\n<p>Air Control ist ein Modul, das die Funktionalit\u00e4t aller GOtrack e-Spray-Computer erweitert.<\/p>\n<\/div>\n\n\n\n<div class=\"wp-block-column is-vertically-aligned-center is-layout-flow wp-block-column-is-layout-flow\">\n<figure class=\"wp-block-image size-full\"><img loading=\"lazy\" decoding=\"async\" width=\"714\" height=\"667\" src=\"https:\/\/gotrack.pl\/wp-content\/uploads\/2024\/11\/Air-Control-DE.png\" alt=\"\" class=\"wp-image-25586\" srcset=\"https:\/\/gotrack.pl\/wp-content\/uploads\/2024\/11\/Air-Control-DE.png 714w, https:\/\/gotrack.pl\/wp-content\/uploads\/2024\/11\/Air-Control-DE-300x280.png 300w\" sizes=\"auto, (max-width: 714px) 100vw, 714px\" \/><\/figure>\n<\/div>\n<\/div>\n\n\n\n<div class=\"wp-block-group has-background\" style=\"background-color:#fafafa\"><div class=\"wp-block-group__inner-container is-layout-constrained wp-block-group-is-layout-constrained\">\n<div style=\"height:50px\" aria-hidden=\"true\" class=\"wp-block-spacer\"><\/div>\n\n\n\n<div class=\"wp-block-columns container is-layout-flex wp-container-core-columns-is-layout-9d6595d7 wp-block-columns-is-layout-flex\">\n<div class=\"wp-block-column is-layout-flow wp-block-column-is-layout-flow\">\n<h3 class=\"wp-block-heading\"><strong>Vorteile der Verwendung<\/strong><\/h3>\n\n\n\n<div style=\"height:25px\" aria-hidden=\"true\" class=\"wp-block-spacer\"><\/div>\n\n\n\n<ul class=\"wp-block-list\">\n<li>Reduktion des Abdrifts des Sprays au\u00dferhalb die ausgewiesenen \u201eAnti-Drift\u201c-Zonen<\/li>\n\n\n\n<li>Einsparungen bei der aufgebrachten Spritzmenge<\/li>\n\n\n\n<li>hohe Pr\u00e4zision bei der Anwendung von Pflanzenschutzmitteln<\/li>\n\n\n\n<li>positiver Einfluss auf den Umweltschutz<\/li>\n\n\n\n<li>M\u00f6glichkeit, einen Bericht \u00fcber den Verlauf der Behandlungen zu erhalten, verf\u00fcgbar f\u00fcr e-Spray PRO<\/li>\n<\/ul>\n<\/div>\n\n\n\n<div class=\"wp-block-column is-layout-flow wp-block-column-is-layout-flow\">\n<h3 class=\"wp-block-heading\"><strong>Technische Daten:<\/strong><\/h3>\n\n\n\n<div style=\"height:25px\" aria-hidden=\"true\" class=\"wp-block-spacer\"><\/div>\n\n\n\n<ul class=\"wp-block-list\">\n<li>12VDC Stromversorgung<\/li>\n\n\n\n<li>digitale Kommunikation \u00fcber CAN-BUS<\/li>\n\n\n\n<li>entwickelt f\u00fcr die Integration mit allen GOtrack- Spritzcomputern<\/li>\n\n\n\n<li>Steuerung von 1 oder 2 Blendenantrieben<\/li>\n\n\n\n<li>manuelle Steuerung durch den Benutzer<\/li>\n\n\n\n<li>M\u00f6glichkeit der Integration mit dem Wetterstationsdienst, um die Steuerung der Blenden zu automatisieren<\/li>\n\n\n\n<li>Anlage f\u00fcr Spritzger\u00e4te, die mit Gebl\u00e4ses\u00e4ulen mit einstellbaren \u00d6ffnungen ausgestattet sind<\/li>\n<\/ul>\n<\/div>\n<\/div>\n\n\n\n<div style=\"height:50px\" aria-hidden=\"true\" class=\"wp-block-spacer\"><\/div>\n<\/div><\/div>\n\n\n\n<div style=\"height:50px\" aria-hidden=\"true\" class=\"wp-block-spacer\"><\/div>\n\n\n\n<div class=\"wp-block-columns container is-layout-flex wp-container-core-columns-is-layout-9d6595d7 wp-block-columns-is-layout-flex\">\n<div class=\"wp-block-column is-layout-flow wp-block-column-is-layout-flow\"><style>\n\n\n<\/style>\n<div class=\"d-flex align-items-center justify-content-between py-3\">\n\n\n    <div class=\"arrow-h2 d-flex align-items-center\">\n        <div>\n            <img loading=\"lazy\" decoding=\"async\" width=\"130\" height=\"121\" src=\"https:\/\/gotrack.pl\/wp-content\/uploads\/2024\/10\/arrow-gotrack-primary.svg\" class=\"attachment-thumbnail size-thumbnail\" alt=\"\" \/>        <\/div>\n\n        <div class=\"ps-3\">\n            <div class=\"h2 mb-0 pb-0 fw-bold color-title-body\" style=\"line-height: 35px\">\n                Dokumente zum Herunterladen                <br>            <\/div>\n        <\/div>\n    <\/div>\n\n<!--    <div class=\"section-logo-line\">-->\n<!--    <\/div>-->\n\n<!--    <div class=\"logo-section\">-->\n<!--        --><!---->\n<!--    <\/div>-->\n\n\n\n<\/div><\/div>\n<\/div>\n","protected":false},"excerpt":{"rendered":"<p>Die Hauptfunktion des Air Control-Moduls besteht darin, das Abdriften von Spritztropfen \u00fcber die f\u00fcr die Anwendung vorgesehenen Pflanzen und B\u00e4ume hinaus zu reduzieren. Der aus der Gebl\u00e4ses\u00e4ule der Spritze ausstr\u00f6mende Luft- und Pflanzenschutzmittelnebel soll die gesch\u00fctzten Pflanzen punktgenau treffen. Tats\u00e4chlich ist die Richtung und Geschwindigkeit dieser Mischung stark von lokal auftretenden Windb\u00f6en abh\u00e4ngig. Infolgedessen gibt [&hellip;]<\/p>\n","protected":false},"author":1,"featured_media":0,"parent":0,"menu_order":0,"comment_status":"closed","ping_status":"closed","template":"szablon-module.php","meta":{"_acf_changed":false,"footnotes":""},"class_list":["post-23360","page","type-page","status-publish","hentry"],"acf":[],"yoast_head":"<!-- This site is optimized with the Yoast SEO plugin v26.6 - https:\/\/yoast.com\/wordpress\/plugins\/seo\/ -->\n<title>Air Control Luftsteuerungen - GOtrack<\/title>\n<meta name=\"robots\" content=\"index, follow, max-snippet:-1, max-image-preview:large, max-video-preview:-1\" \/>\n<link rel=\"canonical\" href=\"https:\/\/n2024.mr-wolf.pl\/de\/modul-air-control\/\" \/>\n<meta property=\"og:locale\" content=\"de_DE\" \/>\n<meta property=\"og:type\" content=\"article\" \/>\n<meta property=\"og:title\" content=\"Air Control Luftsteuerungen - GOtrack\" \/>\n<meta property=\"og:description\" content=\"Die Hauptfunktion des Air Control-Moduls besteht darin, das Abdriften von Spritztropfen \u00fcber die f\u00fcr die Anwendung vorgesehenen Pflanzen und B\u00e4ume hinaus zu reduzieren. Der aus der Gebl\u00e4ses\u00e4ule der Spritze ausstr\u00f6mende Luft- und Pflanzenschutzmittelnebel soll die gesch\u00fctzten Pflanzen punktgenau treffen. Tats\u00e4chlich ist die Richtung und Geschwindigkeit dieser Mischung stark von lokal auftretenden Windb\u00f6en abh\u00e4ngig. Infolgedessen gibt [&hellip;]\" \/>\n<meta property=\"og:url\" content=\"https:\/\/n2024.mr-wolf.pl\/de\/modul-air-control\/\" \/>\n<meta property=\"og:site_name\" content=\"GOtrack\" \/>\n<meta property=\"article:publisher\" content=\"https:\/\/www.facebook.com\/gotrackgps\/\" \/>\n<meta property=\"article:modified_time\" content=\"2024-11-04T10:20:34+00:00\" \/>\n<meta property=\"og:image\" content=\"https:\/\/n2024.mr-wolf.pl\/wp-content\/uploads\/2024\/11\/Air-Control-DE.png\" \/>\n<meta name=\"twitter:card\" content=\"summary_large_image\" \/>\n<meta name=\"twitter:label1\" content=\"Gesch\u00e4tzte Lesezeit\" \/>\n\t<meta name=\"twitter:data1\" content=\"2\u00a0Minuten\" \/>\n<script type=\"application\/ld+json\" class=\"yoast-schema-graph\">{\"@context\":\"https:\/\/schema.org\",\"@graph\":[{\"@type\":\"WebPage\",\"@id\":\"https:\/\/n2024.mr-wolf.pl\/de\/modul-air-control\/\",\"url\":\"https:\/\/n2024.mr-wolf.pl\/de\/modul-air-control\/\",\"name\":\"Air Control Luftsteuerungen - GOtrack\",\"isPartOf\":{\"@id\":\"https:\/\/gotrack.pl\/#website\"},\"primaryImageOfPage\":{\"@id\":\"https:\/\/n2024.mr-wolf.pl\/de\/modul-air-control\/#primaryimage\"},\"image\":{\"@id\":\"https:\/\/n2024.mr-wolf.pl\/de\/modul-air-control\/#primaryimage\"},\"thumbnailUrl\":\"https:\/\/gotrack.pl\/wp-content\/uploads\/2024\/11\/Air-Control-DE.png\",\"datePublished\":\"2024-10-20T08:45:18+00:00\",\"dateModified\":\"2024-11-04T10:20:34+00:00\",\"breadcrumb\":{\"@id\":\"https:\/\/n2024.mr-wolf.pl\/de\/modul-air-control\/#breadcrumb\"},\"inLanguage\":\"de\",\"potentialAction\":[{\"@type\":\"ReadAction\",\"target\":[\"https:\/\/n2024.mr-wolf.pl\/de\/modul-air-control\/\"]}]},{\"@type\":\"ImageObject\",\"inLanguage\":\"de\",\"@id\":\"https:\/\/n2024.mr-wolf.pl\/de\/modul-air-control\/#primaryimage\",\"url\":\"https:\/\/gotrack.pl\/wp-content\/uploads\/2024\/11\/Air-Control-DE.png\",\"contentUrl\":\"https:\/\/gotrack.pl\/wp-content\/uploads\/2024\/11\/Air-Control-DE.png\"},{\"@type\":\"BreadcrumbList\",\"@id\":\"https:\/\/n2024.mr-wolf.pl\/de\/modul-air-control\/#breadcrumb\",\"itemListElement\":[{\"@type\":\"ListItem\",\"position\":1,\"name\":\"Strona g\u0142\u00f3wna\",\"item\":\"https:\/\/gotrack.pl\/de\/\"},{\"@type\":\"ListItem\",\"position\":2,\"name\":\"Air Control Luftsteuerungen\"}]},{\"@type\":\"WebSite\",\"@id\":\"https:\/\/gotrack.pl\/#website\",\"url\":\"https:\/\/gotrack.pl\/\",\"name\":\"GOtrack\",\"description\":\"Producent system\u00f3w umo\u017cliwiaj\u0105cych precyzyjne, zdalne sterowanie maszynami, ci\u0105gnikami i urz\u0105dzeniami sadowniczymi.\",\"publisher\":{\"@id\":\"https:\/\/gotrack.pl\/#organization\"},\"potentialAction\":[{\"@type\":\"SearchAction\",\"target\":{\"@type\":\"EntryPoint\",\"urlTemplate\":\"https:\/\/gotrack.pl\/?s={search_term_string}\"},\"query-input\":{\"@type\":\"PropertyValueSpecification\",\"valueRequired\":true,\"valueName\":\"search_term_string\"}}],\"inLanguage\":\"de\"},{\"@type\":\"Organization\",\"@id\":\"https:\/\/gotrack.pl\/#organization\",\"name\":\"GOtrack\",\"url\":\"https:\/\/gotrack.pl\/\",\"logo\":{\"@type\":\"ImageObject\",\"inLanguage\":\"de\",\"@id\":\"https:\/\/gotrack.pl\/#\/schema\/logo\/image\/\",\"url\":\"https:\/\/gotrack.pl\/wp-content\/uploads\/2022\/11\/logo-gotrack.jpg\",\"contentUrl\":\"https:\/\/gotrack.pl\/wp-content\/uploads\/2022\/11\/logo-gotrack.jpg\",\"width\":206,\"height\":58,\"caption\":\"GOtrack\"},\"image\":{\"@id\":\"https:\/\/gotrack.pl\/#\/schema\/logo\/image\/\"},\"sameAs\":[\"https:\/\/www.facebook.com\/gotrackgps\/\",\"https:\/\/www.youtube.com\/user\/gotrackpl\"]}]}<\/script>\n<!-- \/ Yoast SEO plugin. -->","yoast_head_json":{"title":"Air Control Luftsteuerungen - GOtrack","robots":{"index":"index","follow":"follow","max-snippet":"max-snippet:-1","max-image-preview":"max-image-preview:large","max-video-preview":"max-video-preview:-1"},"canonical":"https:\/\/n2024.mr-wolf.pl\/de\/modul-air-control\/","og_locale":"de_DE","og_type":"article","og_title":"Air Control Luftsteuerungen - GOtrack","og_description":"Die Hauptfunktion des Air Control-Moduls besteht darin, das Abdriften von Spritztropfen \u00fcber die f\u00fcr die Anwendung vorgesehenen Pflanzen und B\u00e4ume hinaus zu reduzieren. Der aus der Gebl\u00e4ses\u00e4ule der Spritze ausstr\u00f6mende Luft- und Pflanzenschutzmittelnebel soll die gesch\u00fctzten Pflanzen punktgenau treffen. Tats\u00e4chlich ist die Richtung und Geschwindigkeit dieser Mischung stark von lokal auftretenden Windb\u00f6en abh\u00e4ngig. Infolgedessen gibt [&hellip;]","og_url":"https:\/\/n2024.mr-wolf.pl\/de\/modul-air-control\/","og_site_name":"GOtrack","article_publisher":"https:\/\/www.facebook.com\/gotrackgps\/","article_modified_time":"2024-11-04T10:20:34+00:00","og_image":[{"url":"https:\/\/n2024.mr-wolf.pl\/wp-content\/uploads\/2024\/11\/Air-Control-DE.png","type":"","width":"","height":""}],"twitter_card":"summary_large_image","twitter_misc":{"Gesch\u00e4tzte Lesezeit":"2\u00a0Minuten"},"schema":{"@context":"https:\/\/schema.org","@graph":[{"@type":"WebPage","@id":"https:\/\/n2024.mr-wolf.pl\/de\/modul-air-control\/","url":"https:\/\/n2024.mr-wolf.pl\/de\/modul-air-control\/","name":"Air Control Luftsteuerungen - GOtrack","isPartOf":{"@id":"https:\/\/gotrack.pl\/#website"},"primaryImageOfPage":{"@id":"https:\/\/n2024.mr-wolf.pl\/de\/modul-air-control\/#primaryimage"},"image":{"@id":"https:\/\/n2024.mr-wolf.pl\/de\/modul-air-control\/#primaryimage"},"thumbnailUrl":"https:\/\/gotrack.pl\/wp-content\/uploads\/2024\/11\/Air-Control-DE.png","datePublished":"2024-10-20T08:45:18+00:00","dateModified":"2024-11-04T10:20:34+00:00","breadcrumb":{"@id":"https:\/\/n2024.mr-wolf.pl\/de\/modul-air-control\/#breadcrumb"},"inLanguage":"de","potentialAction":[{"@type":"ReadAction","target":["https:\/\/n2024.mr-wolf.pl\/de\/modul-air-control\/"]}]},{"@type":"ImageObject","inLanguage":"de","@id":"https:\/\/n2024.mr-wolf.pl\/de\/modul-air-control\/#primaryimage","url":"https:\/\/gotrack.pl\/wp-content\/uploads\/2024\/11\/Air-Control-DE.png","contentUrl":"https:\/\/gotrack.pl\/wp-content\/uploads\/2024\/11\/Air-Control-DE.png"},{"@type":"BreadcrumbList","@id":"https:\/\/n2024.mr-wolf.pl\/de\/modul-air-control\/#breadcrumb","itemListElement":[{"@type":"ListItem","position":1,"name":"Strona g\u0142\u00f3wna","item":"https:\/\/gotrack.pl\/de\/"},{"@type":"ListItem","position":2,"name":"Air Control Luftsteuerungen"}]},{"@type":"WebSite","@id":"https:\/\/gotrack.pl\/#website","url":"https:\/\/gotrack.pl\/","name":"GOtrack","description":"Producent system\u00f3w umo\u017cliwiaj\u0105cych precyzyjne, zdalne sterowanie maszynami, ci\u0105gnikami i urz\u0105dzeniami sadowniczymi.","publisher":{"@id":"https:\/\/gotrack.pl\/#organization"},"potentialAction":[{"@type":"SearchAction","target":{"@type":"EntryPoint","urlTemplate":"https:\/\/gotrack.pl\/?s={search_term_string}"},"query-input":{"@type":"PropertyValueSpecification","valueRequired":true,"valueName":"search_term_string"}}],"inLanguage":"de"},{"@type":"Organization","@id":"https:\/\/gotrack.pl\/#organization","name":"GOtrack","url":"https:\/\/gotrack.pl\/","logo":{"@type":"ImageObject","inLanguage":"de","@id":"https:\/\/gotrack.pl\/#\/schema\/logo\/image\/","url":"https:\/\/gotrack.pl\/wp-content\/uploads\/2022\/11\/logo-gotrack.jpg","contentUrl":"https:\/\/gotrack.pl\/wp-content\/uploads\/2022\/11\/logo-gotrack.jpg","width":206,"height":58,"caption":"GOtrack"},"image":{"@id":"https:\/\/gotrack.pl\/#\/schema\/logo\/image\/"},"sameAs":["https:\/\/www.facebook.com\/gotrackgps\/","https:\/\/www.youtube.com\/user\/gotrackpl"]}]}},"pbg_featured_image_src":{"full":false,"thumbnail":false,"medium":false,"medium_large":false,"large":false,"1536x1536":false,"2048x2048":false,"qr-code-photo":false,"home-bottom":false},"pbg_author_info":{"display_name":"admin","author_link":"https:\/\/gotrack.pl\/de\/author\/admin\/","author_img":"<img alt='admin' src='https:\/\/secure.gravatar.com\/avatar\/1eedd1b09d6474dacfe14ff0f4581d744ac9c2c9a9a8af1b47f6f8180d3e7951?s=128&#038;d=mm&#038;r=g' srcset='https:\/\/secure.gravatar.com\/avatar\/1eedd1b09d6474dacfe14ff0f4581d744ac9c2c9a9a8af1b47f6f8180d3e7951?s=256&#038;d=mm&#038;r=g 2x' class='avatar avatar-128 photo' height='128' width='128' loading='lazy' decoding='async'\/>"},"pbg_comment_info":" No Comments","pbg_excerpt":"Die Hauptfunktion des Air Control-Moduls besteht darin, das Abdriften von Spritztropfen \u00fcber die f\u00fcr die Anwendung vorgesehenen Pflanzen und B\u00e4ume hinaus zu reduzieren. Der aus der Gebl\u00e4ses\u00e4ule der Spritze ausstr\u00f6mende Luft- und Pflanzenschutzmittelnebel soll die gesch\u00fctzten Pflanzen punktgenau treffen. Tats\u00e4chlich ist die Richtung und Geschwindigkeit dieser Mischung stark von lokal auftretenden Windb\u00f6en abh\u00e4ngig. Infolgedessen gibt&hellip;","_links":{"self":[{"href":"https:\/\/gotrack.pl\/de\/wp-json\/wp\/v2\/pages\/23360","targetHints":{"allow":["GET"]}}],"collection":[{"href":"https:\/\/gotrack.pl\/de\/wp-json\/wp\/v2\/pages"}],"about":[{"href":"https:\/\/gotrack.pl\/de\/wp-json\/wp\/v2\/types\/page"}],"author":[{"embeddable":true,"href":"https:\/\/gotrack.pl\/de\/wp-json\/wp\/v2\/users\/1"}],"replies":[{"embeddable":true,"href":"https:\/\/gotrack.pl\/de\/wp-json\/wp\/v2\/comments?post=23360"}],"version-history":[{"count":8,"href":"https:\/\/gotrack.pl\/de\/wp-json\/wp\/v2\/pages\/23360\/revisions"}],"predecessor-version":[{"id":25598,"href":"https:\/\/gotrack.pl\/de\/wp-json\/wp\/v2\/pages\/23360\/revisions\/25598"}],"wp:attachment":[{"href":"https:\/\/gotrack.pl\/de\/wp-json\/wp\/v2\/media?parent=23360"}],"curies":[{"name":"wp","href":"https:\/\/api.w.org\/{rel}","templated":true}]}}