    {"id":23357,"date":"2024-10-20T10:26:00","date_gmt":"2024-10-20T08:26:00","guid":{"rendered":"https:\/\/gotrack.pl\/baza-rtk-en\/"},"modified":"2024-10-28T14:24:39","modified_gmt":"2024-10-28T13:24:39","slug":"baza-rtk-en","status":"publish","type":"page","link":"https:\/\/gotrack.pl\/de\/baza-rtk-en\/","title":{"rendered":"RTK Basisstation"},"content":{"rendered":"\n<div style=\"height:25px\" aria-hidden=\"true\" class=\"wp-block-spacer\"><\/div>\n\n\n\n<div class=\"wp-block-columns are-vertically-aligned-center container is-layout-flex wp-container-core-columns-is-layout-9d6595d7 wp-block-columns-is-layout-flex\">\n<div class=\"wp-block-column is-vertically-aligned-center is-layout-flow wp-block-column-is-layout-flow\"><style>\n\n\n<\/style>\n<div class=\"d-flex align-items-center justify-content-between py-3\">\n\n\n    <div class=\"arrow-h2 d-flex align-items-center\">\n        <div>\n            <img loading=\"lazy\" decoding=\"async\" width=\"130\" height=\"121\" src=\"https:\/\/gotrack.pl\/wp-content\/uploads\/2024\/10\/arrow-gotrack-primary.svg\" class=\"attachment-thumbnail size-thumbnail\" alt=\"\" \/>        <\/div>\n\n        <div class=\"ps-3\">\n            <div class=\"h2 mb-0 pb-0 fw-bold color-title-body\" style=\"line-height: 35px\">\n                RTK-Basisstation                <br>            <\/div>\n        <\/div>\n    <\/div>\n\n<!--    <div class=\"section-logo-line\">-->\n<!--    <\/div>-->\n\n<!--    <div class=\"logo-section\">-->\n<!--        --><!---->\n<!--    <\/div>-->\n\n\n\n<\/div>\n\n\n<div style=\"height:25px\" aria-hidden=\"true\" class=\"wp-block-spacer\"><\/div>\n\n\n\n<p><strong>RTK-Korrekturen-Referenzstation zum Generieren von Geolokalisierungs- Korrekturen f\u00fcr Benutzer von GOtrack-Ger\u00e4ten und mehr.<\/strong><\/p>\n\n\n\n<p>Sie wurde f\u00fcr die Arbeit mit Navigationsger\u00e4ten entwickelt, die eine hohe Pr\u00e4zision erfordern.<\/p>\n\n\n\n<p>RTK Lokalisierungskorrekturen werden mit einer Genauigkeit von bis zu 2 cm generiert. Mit einer eigenen Basisstation entgehen Sie einem regelm\u00e4\u00dfigen Erwerb von Korrekturen in Form eines Abonnements<\/p>\n<\/div>\n\n\n\n<div class=\"wp-block-column is-vertically-aligned-center is-layout-flow wp-block-column-is-layout-flow\">\n<figure class=\"wp-block-image size-full\"><img loading=\"lazy\" decoding=\"async\" width=\"714\" height=\"667\" src=\"https:\/\/gotrack.pl\/wp-content\/uploads\/2024\/10\/RTK-baner.png\" alt=\"\" class=\"wp-image-23606\" srcset=\"https:\/\/gotrack.pl\/wp-content\/uploads\/2024\/10\/RTK-baner.png 714w, https:\/\/gotrack.pl\/wp-content\/uploads\/2024\/10\/RTK-baner-300x280.png 300w\" sizes=\"auto, (max-width: 714px) 100vw, 714px\" \/><\/figure>\n<\/div>\n<\/div>\n\n\n\n<div class=\"wp-block-group has-background\" style=\"background-color:#fafafa\"><div class=\"wp-block-group__inner-container is-layout-constrained wp-block-group-is-layout-constrained\">\n<div style=\"height:50px\" aria-hidden=\"true\" class=\"wp-block-spacer\"><\/div>\n\n\n\n<div class=\"wp-block-columns container is-layout-flex wp-container-core-columns-is-layout-9d6595d7 wp-block-columns-is-layout-flex\">\n<div class=\"wp-block-column is-layout-flow wp-block-column-is-layout-flow\">\n<h3 class=\"wp-block-heading\"><strong>Vorteile der Nutzung<\/strong><\/h3>\n\n\n\n<div style=\"height:25px\" aria-hidden=\"true\" class=\"wp-block-spacer\"><\/div>\n\n\n\n<ul class=\"wp-block-list\">\n<li>Nutzung des Ger\u00e4ts ohne zus\u00e4tzliche Abonnementgeb\u00fchren<\/li>\n\n\n\n<li>Unterst\u00fctzung autonomer und pr\u00e4ziser Navigationssysteme<\/li>\n\n\n\n<li>GOtrack Auto DRIVE-Bedienung<\/li>\n\n\n\n<li>e-Spray GPS Assist-Bedienung<\/li>\n\n\n\n<li>e-Spray PRO-Bedienung<\/li>\n\n\n\n<li>Montage auf Ihrem eigenen Hof<\/li>\n\n\n\n<li>Reichweite in einem Umkreis von bis zu 35 km<\/li>\n\n\n\n<li>Genauigkeit bis zu 2 cm, abh\u00e4ngig von der Qualit\u00e4t des GSM-Signals am Empfangsger\u00e4t<\/li>\n\n\n\n<li>Internetverbindung \u00fcber Wi-Fi, LAN oder GSM-Netz<\/li>\n<\/ul>\n<\/div>\n\n\n\n<div class=\"wp-block-column is-layout-flow wp-block-column-is-layout-flow\">\n<h3 class=\"wp-block-heading\"><strong>Technische Daten<\/strong><\/h3>\n\n\n\n<div style=\"height:25px\" aria-hidden=\"true\" class=\"wp-block-spacer\"><\/div>\n\n\n\n<ul class=\"wp-block-list\">\n<li>M\u00f6glichkeit, kostenlos bis zu zwei Benutzer der Korrekturen mit einer Basisstation zu verbinden<\/li>\n\n\n\n<li>RTCM 3.3 Revisionsstandard<\/li>\n\n\n\n<li>Liste der verf\u00fcgbaren RTCM-Nachrichten: 1005, 1074, 1077, 1084, 1087, 1094, 1097, 1124, 1127,<\/li>\n\n\n\n<li>MSM4, MSM7<\/li>\n\n\n\n<li>LTE-Modem-Betriebsb\u00e4nder: B1\/B3\/B7\/B8\/B20\/B28<\/li>\n\n\n\n<li>WCDMA: B1\/B8<\/li>\n\n\n\n<li>GSM\/EDGE: B3\/B8<\/li>\n\n\n\n<li>Stromversorgung \u00fcber Ethernet-PoE-Kabel<\/li>\n\n\n\n<li>Versorgungsspannung 48V<\/li>\n\n\n\n<li>Stromverbrauch: 0,5A<\/li>\n\n\n\n<li>PoE-Standard: PoE IEEE 802.3af\/at<\/li>\n<\/ul>\n<\/div>\n<\/div>\n\n\n\n<div style=\"height:50px\" aria-hidden=\"true\" class=\"wp-block-spacer\"><\/div>\n<\/div><\/div>\n\n\n\n<div style=\"height:50px\" aria-hidden=\"true\" class=\"wp-block-spacer\"><\/div>\n\n\n\n<div class=\"wp-block-columns container is-layout-flex wp-container-core-columns-is-layout-9d6595d7 wp-block-columns-is-layout-flex\">\n<div class=\"wp-block-column is-layout-flow wp-block-column-is-layout-flow\"><style>\n\n\n<\/style>\n<div class=\"d-flex align-items-center justify-content-between py-3\">\n\n\n    <div class=\"arrow-h2 d-flex align-items-center\">\n        <div>\n            <img loading=\"lazy\" decoding=\"async\" width=\"130\" height=\"121\" src=\"https:\/\/gotrack.pl\/wp-content\/uploads\/2024\/10\/arrow-gotrack-primary.svg\" class=\"attachment-thumbnail size-thumbnail\" alt=\"\" \/>        <\/div>\n\n        <div class=\"ps-3\">\n            <div class=\"h2 mb-0 pb-0 fw-bold color-title-body\" style=\"line-height: 35px\">\n                Dokumente zum Herunterladen                <br>            <\/div>\n        <\/div>\n    <\/div>\n\n<!--    <div class=\"section-logo-line\">-->\n<!--    <\/div>-->\n\n<!--    <div class=\"logo-section\">-->\n<!--        --><!---->\n<!--    <\/div>-->\n\n\n\n<\/div><\/div>\n<\/div>\n","protected":false},"excerpt":{"rendered":"<p>RTK-Korrekturen-Referenzstation zum Generieren von Geolokalisierungs- Korrekturen f\u00fcr Benutzer von GOtrack-Ger\u00e4ten und mehr. Sie wurde f\u00fcr die Arbeit mit Navigationsger\u00e4ten entwickelt, die eine hohe Pr\u00e4zision erfordern. RTK Lokalisierungskorrekturen werden mit einer Genauigkeit von bis zu 2 cm generiert. Mit einer eigenen Basisstation entgehen Sie einem regelm\u00e4\u00dfigen Erwerb von Korrekturen in Form eines Abonnements Vorteile der Nutzung [&hellip;]<\/p>\n","protected":false},"author":1,"featured_media":0,"parent":0,"menu_order":0,"comment_status":"closed","ping_status":"closed","template":"szablon-module.php","meta":{"_acf_changed":false,"footnotes":""},"class_list":["post-23357","page","type-page","status-publish","hentry"],"acf":[],"yoast_head":"<!-- This site is optimized with the Yoast SEO plugin v26.6 - https:\/\/yoast.com\/wordpress\/plugins\/seo\/ -->\n<title>RTK Basisstation - GOtrack<\/title>\n<meta name=\"robots\" content=\"index, follow, max-snippet:-1, max-image-preview:large, max-video-preview:-1\" \/>\n<link rel=\"canonical\" href=\"https:\/\/n2024.mr-wolf.pl\/de\/baza-rtk-en\/\" \/>\n<meta property=\"og:locale\" content=\"de_DE\" \/>\n<meta property=\"og:type\" content=\"article\" \/>\n<meta property=\"og:title\" content=\"RTK Basisstation - GOtrack\" \/>\n<meta property=\"og:description\" content=\"RTK-Korrekturen-Referenzstation zum Generieren von Geolokalisierungs- Korrekturen f\u00fcr Benutzer von GOtrack-Ger\u00e4ten und mehr. Sie wurde f\u00fcr die Arbeit mit Navigationsger\u00e4ten entwickelt, die eine hohe Pr\u00e4zision erfordern. RTK Lokalisierungskorrekturen werden mit einer Genauigkeit von bis zu 2 cm generiert. Mit einer eigenen Basisstation entgehen Sie einem regelm\u00e4\u00dfigen Erwerb von Korrekturen in Form eines Abonnements Vorteile der Nutzung [&hellip;]\" \/>\n<meta property=\"og:url\" content=\"https:\/\/n2024.mr-wolf.pl\/de\/baza-rtk-en\/\" \/>\n<meta property=\"og:site_name\" content=\"GOtrack\" \/>\n<meta property=\"article:publisher\" content=\"https:\/\/www.facebook.com\/gotrackgps\/\" \/>\n<meta property=\"article:modified_time\" content=\"2024-10-28T13:24:39+00:00\" \/>\n<meta property=\"og:image\" content=\"https:\/\/n2024.mr-wolf.pl\/wp-content\/uploads\/2024\/10\/RTK-baner.png\" \/>\n<meta name=\"twitter:card\" content=\"summary_large_image\" \/>\n<meta name=\"twitter:label1\" content=\"Gesch\u00e4tzte Lesezeit\" \/>\n\t<meta name=\"twitter:data1\" content=\"2\u00a0Minuten\" \/>\n<script type=\"application\/ld+json\" class=\"yoast-schema-graph\">{\"@context\":\"https:\/\/schema.org\",\"@graph\":[{\"@type\":\"WebPage\",\"@id\":\"https:\/\/n2024.mr-wolf.pl\/de\/baza-rtk-en\/\",\"url\":\"https:\/\/n2024.mr-wolf.pl\/de\/baza-rtk-en\/\",\"name\":\"RTK Basisstation - GOtrack\",\"isPartOf\":{\"@id\":\"https:\/\/gotrack.pl\/#website\"},\"primaryImageOfPage\":{\"@id\":\"https:\/\/n2024.mr-wolf.pl\/de\/baza-rtk-en\/#primaryimage\"},\"image\":{\"@id\":\"https:\/\/n2024.mr-wolf.pl\/de\/baza-rtk-en\/#primaryimage\"},\"thumbnailUrl\":\"https:\/\/gotrack.pl\/wp-content\/uploads\/2024\/10\/RTK-baner.png\",\"datePublished\":\"2024-10-20T08:26:00+00:00\",\"dateModified\":\"2024-10-28T13:24:39+00:00\",\"breadcrumb\":{\"@id\":\"https:\/\/n2024.mr-wolf.pl\/de\/baza-rtk-en\/#breadcrumb\"},\"inLanguage\":\"de\",\"potentialAction\":[{\"@type\":\"ReadAction\",\"target\":[\"https:\/\/n2024.mr-wolf.pl\/de\/baza-rtk-en\/\"]}]},{\"@type\":\"ImageObject\",\"inLanguage\":\"de\",\"@id\":\"https:\/\/n2024.mr-wolf.pl\/de\/baza-rtk-en\/#primaryimage\",\"url\":\"https:\/\/gotrack.pl\/wp-content\/uploads\/2024\/10\/RTK-baner.png\",\"contentUrl\":\"https:\/\/gotrack.pl\/wp-content\/uploads\/2024\/10\/RTK-baner.png\"},{\"@type\":\"BreadcrumbList\",\"@id\":\"https:\/\/n2024.mr-wolf.pl\/de\/baza-rtk-en\/#breadcrumb\",\"itemListElement\":[{\"@type\":\"ListItem\",\"position\":1,\"name\":\"Strona g\u0142\u00f3wna\",\"item\":\"https:\/\/gotrack.pl\/de\/\"},{\"@type\":\"ListItem\",\"position\":2,\"name\":\"RTK Basisstation\"}]},{\"@type\":\"WebSite\",\"@id\":\"https:\/\/gotrack.pl\/#website\",\"url\":\"https:\/\/gotrack.pl\/\",\"name\":\"GOtrack\",\"description\":\"Producent system\u00f3w umo\u017cliwiaj\u0105cych precyzyjne, zdalne sterowanie maszynami, ci\u0105gnikami i urz\u0105dzeniami sadowniczymi.\",\"publisher\":{\"@id\":\"https:\/\/gotrack.pl\/#organization\"},\"potentialAction\":[{\"@type\":\"SearchAction\",\"target\":{\"@type\":\"EntryPoint\",\"urlTemplate\":\"https:\/\/gotrack.pl\/?s={search_term_string}\"},\"query-input\":{\"@type\":\"PropertyValueSpecification\",\"valueRequired\":true,\"valueName\":\"search_term_string\"}}],\"inLanguage\":\"de\"},{\"@type\":\"Organization\",\"@id\":\"https:\/\/gotrack.pl\/#organization\",\"name\":\"GOtrack\",\"url\":\"https:\/\/gotrack.pl\/\",\"logo\":{\"@type\":\"ImageObject\",\"inLanguage\":\"de\",\"@id\":\"https:\/\/gotrack.pl\/#\/schema\/logo\/image\/\",\"url\":\"https:\/\/gotrack.pl\/wp-content\/uploads\/2022\/11\/logo-gotrack.jpg\",\"contentUrl\":\"https:\/\/gotrack.pl\/wp-content\/uploads\/2022\/11\/logo-gotrack.jpg\",\"width\":206,\"height\":58,\"caption\":\"GOtrack\"},\"image\":{\"@id\":\"https:\/\/gotrack.pl\/#\/schema\/logo\/image\/\"},\"sameAs\":[\"https:\/\/www.facebook.com\/gotrackgps\/\",\"https:\/\/www.youtube.com\/user\/gotrackpl\"]}]}<\/script>\n<!-- \/ Yoast SEO plugin. -->","yoast_head_json":{"title":"RTK Basisstation - GOtrack","robots":{"index":"index","follow":"follow","max-snippet":"max-snippet:-1","max-image-preview":"max-image-preview:large","max-video-preview":"max-video-preview:-1"},"canonical":"https:\/\/n2024.mr-wolf.pl\/de\/baza-rtk-en\/","og_locale":"de_DE","og_type":"article","og_title":"RTK Basisstation - GOtrack","og_description":"RTK-Korrekturen-Referenzstation zum Generieren von Geolokalisierungs- Korrekturen f\u00fcr Benutzer von GOtrack-Ger\u00e4ten und mehr. Sie wurde f\u00fcr die Arbeit mit Navigationsger\u00e4ten entwickelt, die eine hohe Pr\u00e4zision erfordern. RTK Lokalisierungskorrekturen werden mit einer Genauigkeit von bis zu 2 cm generiert. Mit einer eigenen Basisstation entgehen Sie einem regelm\u00e4\u00dfigen Erwerb von Korrekturen in Form eines Abonnements Vorteile der Nutzung [&hellip;]","og_url":"https:\/\/n2024.mr-wolf.pl\/de\/baza-rtk-en\/","og_site_name":"GOtrack","article_publisher":"https:\/\/www.facebook.com\/gotrackgps\/","article_modified_time":"2024-10-28T13:24:39+00:00","og_image":[{"url":"https:\/\/n2024.mr-wolf.pl\/wp-content\/uploads\/2024\/10\/RTK-baner.png","type":"","width":"","height":""}],"twitter_card":"summary_large_image","twitter_misc":{"Gesch\u00e4tzte Lesezeit":"2\u00a0Minuten"},"schema":{"@context":"https:\/\/schema.org","@graph":[{"@type":"WebPage","@id":"https:\/\/n2024.mr-wolf.pl\/de\/baza-rtk-en\/","url":"https:\/\/n2024.mr-wolf.pl\/de\/baza-rtk-en\/","name":"RTK Basisstation - GOtrack","isPartOf":{"@id":"https:\/\/gotrack.pl\/#website"},"primaryImageOfPage":{"@id":"https:\/\/n2024.mr-wolf.pl\/de\/baza-rtk-en\/#primaryimage"},"image":{"@id":"https:\/\/n2024.mr-wolf.pl\/de\/baza-rtk-en\/#primaryimage"},"thumbnailUrl":"https:\/\/gotrack.pl\/wp-content\/uploads\/2024\/10\/RTK-baner.png","datePublished":"2024-10-20T08:26:00+00:00","dateModified":"2024-10-28T13:24:39+00:00","breadcrumb":{"@id":"https:\/\/n2024.mr-wolf.pl\/de\/baza-rtk-en\/#breadcrumb"},"inLanguage":"de","potentialAction":[{"@type":"ReadAction","target":["https:\/\/n2024.mr-wolf.pl\/de\/baza-rtk-en\/"]}]},{"@type":"ImageObject","inLanguage":"de","@id":"https:\/\/n2024.mr-wolf.pl\/de\/baza-rtk-en\/#primaryimage","url":"https:\/\/gotrack.pl\/wp-content\/uploads\/2024\/10\/RTK-baner.png","contentUrl":"https:\/\/gotrack.pl\/wp-content\/uploads\/2024\/10\/RTK-baner.png"},{"@type":"BreadcrumbList","@id":"https:\/\/n2024.mr-wolf.pl\/de\/baza-rtk-en\/#breadcrumb","itemListElement":[{"@type":"ListItem","position":1,"name":"Strona g\u0142\u00f3wna","item":"https:\/\/gotrack.pl\/de\/"},{"@type":"ListItem","position":2,"name":"RTK Basisstation"}]},{"@type":"WebSite","@id":"https:\/\/gotrack.pl\/#website","url":"https:\/\/gotrack.pl\/","name":"GOtrack","description":"Producent system\u00f3w umo\u017cliwiaj\u0105cych precyzyjne, zdalne sterowanie maszynami, ci\u0105gnikami i urz\u0105dzeniami sadowniczymi.","publisher":{"@id":"https:\/\/gotrack.pl\/#organization"},"potentialAction":[{"@type":"SearchAction","target":{"@type":"EntryPoint","urlTemplate":"https:\/\/gotrack.pl\/?s={search_term_string}"},"query-input":{"@type":"PropertyValueSpecification","valueRequired":true,"valueName":"search_term_string"}}],"inLanguage":"de"},{"@type":"Organization","@id":"https:\/\/gotrack.pl\/#organization","name":"GOtrack","url":"https:\/\/gotrack.pl\/","logo":{"@type":"ImageObject","inLanguage":"de","@id":"https:\/\/gotrack.pl\/#\/schema\/logo\/image\/","url":"https:\/\/gotrack.pl\/wp-content\/uploads\/2022\/11\/logo-gotrack.jpg","contentUrl":"https:\/\/gotrack.pl\/wp-content\/uploads\/2022\/11\/logo-gotrack.jpg","width":206,"height":58,"caption":"GOtrack"},"image":{"@id":"https:\/\/gotrack.pl\/#\/schema\/logo\/image\/"},"sameAs":["https:\/\/www.facebook.com\/gotrackgps\/","https:\/\/www.youtube.com\/user\/gotrackpl"]}]}},"pbg_featured_image_src":{"full":false,"thumbnail":false,"medium":false,"medium_large":false,"large":false,"1536x1536":false,"2048x2048":false,"qr-code-photo":false,"home-bottom":false},"pbg_author_info":{"display_name":"admin","author_link":"https:\/\/gotrack.pl\/de\/author\/admin\/","author_img":"<img alt='admin' src='https:\/\/secure.gravatar.com\/avatar\/1eedd1b09d6474dacfe14ff0f4581d744ac9c2c9a9a8af1b47f6f8180d3e7951?s=128&#038;d=mm&#038;r=g' srcset='https:\/\/secure.gravatar.com\/avatar\/1eedd1b09d6474dacfe14ff0f4581d744ac9c2c9a9a8af1b47f6f8180d3e7951?s=256&#038;d=mm&#038;r=g 2x' class='avatar avatar-128 photo' height='128' width='128' loading='lazy' decoding='async'\/>"},"pbg_comment_info":" No Comments","pbg_excerpt":"RTK-Korrekturen-Referenzstation zum Generieren von Geolokalisierungs- Korrekturen f\u00fcr Benutzer von GOtrack-Ger\u00e4ten und mehr. Sie wurde f\u00fcr die Arbeit mit Navigationsger\u00e4ten entwickelt, die eine hohe Pr\u00e4zision erfordern. RTK Lokalisierungskorrekturen werden mit einer Genauigkeit von bis zu 2 cm generiert. Mit einer eigenen Basisstation entgehen Sie einem regelm\u00e4\u00dfigen Erwerb von Korrekturen in Form eines Abonnements Vorteile der Nutzung&hellip;","_links":{"self":[{"href":"https:\/\/gotrack.pl\/de\/wp-json\/wp\/v2\/pages\/23357","targetHints":{"allow":["GET"]}}],"collection":[{"href":"https:\/\/gotrack.pl\/de\/wp-json\/wp\/v2\/pages"}],"about":[{"href":"https:\/\/gotrack.pl\/de\/wp-json\/wp\/v2\/types\/page"}],"author":[{"embeddable":true,"href":"https:\/\/gotrack.pl\/de\/wp-json\/wp\/v2\/users\/1"}],"replies":[{"embeddable":true,"href":"https:\/\/gotrack.pl\/de\/wp-json\/wp\/v2\/comments?post=23357"}],"version-history":[{"count":6,"href":"https:\/\/gotrack.pl\/de\/wp-json\/wp\/v2\/pages\/23357\/revisions"}],"predecessor-version":[{"id":24899,"href":"https:\/\/gotrack.pl\/de\/wp-json\/wp\/v2\/pages\/23357\/revisions\/24899"}],"wp:attachment":[{"href":"https:\/\/gotrack.pl\/de\/wp-json\/wp\/v2\/media?parent=23357"}],"curies":[{"name":"wp","href":"https:\/\/api.w.org\/{rel}","templated":true}]}}