    {"id":23348,"date":"2024-10-20T10:34:21","date_gmt":"2024-10-20T08:34:21","guid":{"rendered":"https:\/\/gotrack.pl\/odc-kamera\/"},"modified":"2024-10-28T14:24:35","modified_gmt":"2024-10-28T13:24:35","slug":"odc-kamera","status":"publish","type":"page","link":"https:\/\/gotrack.pl\/de\/odc-kamera\/","title":{"rendered":"ODC Kamera"},"content":{"rendered":"\n<div style=\"height:25px\" aria-hidden=\"true\" class=\"wp-block-spacer\"><\/div>\n\n\n\n<div class=\"wp-block-columns are-vertically-aligned-center container is-layout-flex wp-container-core-columns-is-layout-9d6595d7 wp-block-columns-is-layout-flex\">\n<div class=\"wp-block-column is-vertically-aligned-center is-layout-flow wp-block-column-is-layout-flow\"><style>\n\n\n<\/style>\n<div class=\"d-flex align-items-center justify-content-between py-3\">\n\n\n    <div class=\"arrow-h2 d-flex align-items-center\">\n        <div>\n            <img loading=\"lazy\" decoding=\"async\" width=\"130\" height=\"121\" src=\"https:\/\/gotrack.pl\/wp-content\/uploads\/2024\/10\/arrow-gotrack-primary.svg\" class=\"attachment-thumbnail size-thumbnail\" alt=\"\" \/>        <\/div>\n\n        <div class=\"ps-3\">\n            <div class=\"h2 mb-0 pb-0 fw-bold color-title-body\" style=\"line-height: 35px\">\n                ODC-Kamera                <br>            <\/div>\n        <\/div>\n    <\/div>\n\n<!--    <div class=\"section-logo-line\">-->\n<!--    <\/div>-->\n\n<!--    <div class=\"logo-section\">-->\n<!--        --><!---->\n<!--    <\/div>-->\n\n\n\n<\/div>\n\n\n<div style=\"height:25px\" aria-hidden=\"true\" class=\"wp-block-spacer\"><\/div>\n\n\n\n<p><strong>Das ODC System f\u00fcr Hinderniserkennung erm\u00f6glicht es, Hindernisse in der N\u00e4he eines fahrenden Fahrzeugs aufzufinden und wiederzuerkennen.<\/strong><\/p>\n\n\n\n<p>Das Ger\u00e4t benutzt ein mehrstufiges Spektrum der Raum- und Objekterkennung. Speziell vorbereitete Algorithmen mit k\u00fcnstlicher Intelligenz erkennen und identifizieren effektiv die Art und Position von Objekten, z. B. Menschen, Tieren, B\u00e4umen, Fahrzeugen, Z\u00e4unen. Die ODC-Kamera kann als Zusatzmodul in den autonomen Fahrsystemen GOtrack Auto DRIVE eingesetzt werden.<\/p>\n<\/div>\n\n\n\n<div class=\"wp-block-column is-vertically-aligned-center is-layout-flow wp-block-column-is-layout-flow\">\n<figure class=\"wp-block-image size-full\"><img loading=\"lazy\" decoding=\"async\" width=\"714\" height=\"667\" src=\"https:\/\/gotrack.pl\/wp-content\/uploads\/2024\/10\/ODC-baner-produktowy.png\" alt=\"\" class=\"wp-image-23582\" srcset=\"https:\/\/gotrack.pl\/wp-content\/uploads\/2024\/10\/ODC-baner-produktowy.png 714w, https:\/\/gotrack.pl\/wp-content\/uploads\/2024\/10\/ODC-baner-produktowy-300x280.png 300w\" sizes=\"auto, (max-width: 714px) 100vw, 714px\" \/><\/figure>\n<\/div>\n<\/div>\n\n\n\n<div class=\"wp-block-group has-background\" style=\"background-color:#fafafa\"><div class=\"wp-block-group__inner-container is-layout-constrained wp-block-group-is-layout-constrained\">\n<div style=\"height:50px\" aria-hidden=\"true\" class=\"wp-block-spacer\"><\/div>\n\n\n\n<div class=\"wp-block-columns container is-layout-flex wp-container-core-columns-is-layout-9d6595d7 wp-block-columns-is-layout-flex\">\n<div class=\"wp-block-column is-layout-flow wp-block-column-is-layout-flow\">\n<h3 class=\"wp-block-heading\"><strong>Vorteile der Nutzung<\/strong><\/h3>\n\n\n\n<div style=\"height:25px\" aria-hidden=\"true\" class=\"wp-block-spacer\"><\/div>\n\n\n\n<ul class=\"wp-block-list\">\n<li>Erh\u00f6hung der Arbeitssicherheit von Menschen und autonomen Fahrzeugen<\/li>\n\n\n\n<li>F\u00e4higkeit, als separates Ger\u00e4t zu arbeiten<\/li>\n\n\n\n<li>Integrierbarkeit mit anderen Produkten aus dem Markt<\/li>\n\n\n\n<li>Bedienung des zus\u00e4tzlichen Sicherheitssystems in Auto DRIVE<\/li>\n\n\n\n<li>Bedienung des zus\u00e4tzlichen Sicherheitssystems in Line ASSIST PRO<\/li>\n<\/ul>\n<\/div>\n\n\n\n<div class=\"wp-block-column is-layout-flow wp-block-column-is-layout-flow\">\n<h3 class=\"wp-block-heading\"><strong>Technische Daten<\/strong><div class=\"wp-block-column is-vertically-aligned-center is-layout-flow wp-block-column-is-layout-flow\" style=\"box-sizing: border-box; margin-right: 0px; margin-left: 0px; width: 589.203px; flex-basis: 0px; font-family: Roboto, sans-serif; font-size: 15.8px; font-weight: 400; white-space: normal; background-color: rgb(255, 255, 255);\"><\/div><\/h3>\n\n\n\n<div style=\"height:25px\" aria-hidden=\"true\" class=\"wp-block-spacer\"><\/div>\n\n\n\n<ul class=\"wp-block-list\">\n<li>12-V-Stromversorgung von der Traktorbatterie<\/li>\n\n\n\n<li>CAN BUS-Kommunikation<\/li>\n\n\n\n<li>ununterbrochener Betrieb Tag und Nacht<\/li>\n\n\n\n<li>solides Aluminiumgeh\u00e4use<\/li>\n\n\n\n<li>Echtzeit-Bilderzeugung und Anzeigef\u00e4higkeit<\/li>\n<\/ul>\n<\/div>\n<\/div>\n\n\n\n<div style=\"height:50px\" aria-hidden=\"true\" class=\"wp-block-spacer\"><\/div>\n<\/div><\/div>\n\n\n\n<div style=\"height:50px\" aria-hidden=\"true\" class=\"wp-block-spacer\"><\/div>\n\n\n\n<div class=\"wp-block-columns container is-layout-flex wp-container-core-columns-is-layout-9d6595d7 wp-block-columns-is-layout-flex\">\n<div class=\"wp-block-column is-layout-flow wp-block-column-is-layout-flow\"><style>\n\n\n<\/style>\n<div class=\"d-flex align-items-center justify-content-between py-3\">\n\n\n    <div class=\"arrow-h2 d-flex align-items-center\">\n        <div>\n            <img loading=\"lazy\" decoding=\"async\" width=\"130\" height=\"121\" src=\"https:\/\/gotrack.pl\/wp-content\/uploads\/2024\/10\/arrow-gotrack-primary.svg\" class=\"attachment-thumbnail size-thumbnail\" alt=\"\" \/>        <\/div>\n\n        <div class=\"ps-3\">\n            <div class=\"h2 mb-0 pb-0 fw-bold color-title-body\" style=\"line-height: 35px\">\n                Dokumente zum Herunterladen                <br>            <\/div>\n        <\/div>\n    <\/div>\n\n<!--    <div class=\"section-logo-line\">-->\n<!--    <\/div>-->\n\n<!--    <div class=\"logo-section\">-->\n<!--        --><!---->\n<!--    <\/div>-->\n\n\n\n<\/div><\/div>\n<\/div>\n","protected":false},"excerpt":{"rendered":"<p>Das ODC System f\u00fcr Hinderniserkennung erm\u00f6glicht es, Hindernisse in der N\u00e4he eines fahrenden Fahrzeugs aufzufinden und wiederzuerkennen. Das Ger\u00e4t benutzt ein mehrstufiges Spektrum der Raum- und Objekterkennung. Speziell vorbereitete Algorithmen mit k\u00fcnstlicher Intelligenz erkennen und identifizieren effektiv die Art und Position von Objekten, z. B. Menschen, Tieren, B\u00e4umen, Fahrzeugen, Z\u00e4unen. Die ODC-Kamera kann als Zusatzmodul [&hellip;]<\/p>\n","protected":false},"author":1,"featured_media":0,"parent":0,"menu_order":0,"comment_status":"closed","ping_status":"closed","template":"szablon-module.php","meta":{"_acf_changed":false,"footnotes":""},"class_list":["post-23348","page","type-page","status-publish","hentry"],"acf":[],"yoast_head":"<!-- This site is optimized with the Yoast SEO plugin v26.6 - https:\/\/yoast.com\/wordpress\/plugins\/seo\/ -->\n<title>ODC Kamera - GOtrack<\/title>\n<meta name=\"robots\" content=\"index, follow, max-snippet:-1, max-image-preview:large, max-video-preview:-1\" \/>\n<link rel=\"canonical\" href=\"https:\/\/n2024.mr-wolf.pl\/de\/odc-kamera\/\" \/>\n<meta property=\"og:locale\" content=\"de_DE\" \/>\n<meta property=\"og:type\" content=\"article\" \/>\n<meta property=\"og:title\" content=\"ODC Kamera - GOtrack\" \/>\n<meta property=\"og:description\" content=\"Das ODC System f\u00fcr Hinderniserkennung erm\u00f6glicht es, Hindernisse in der N\u00e4he eines fahrenden Fahrzeugs aufzufinden und wiederzuerkennen. Das Ger\u00e4t benutzt ein mehrstufiges Spektrum der Raum- und Objekterkennung. Speziell vorbereitete Algorithmen mit k\u00fcnstlicher Intelligenz erkennen und identifizieren effektiv die Art und Position von Objekten, z. B. Menschen, Tieren, B\u00e4umen, Fahrzeugen, Z\u00e4unen. Die ODC-Kamera kann als Zusatzmodul [&hellip;]\" \/>\n<meta property=\"og:url\" content=\"https:\/\/n2024.mr-wolf.pl\/de\/odc-kamera\/\" \/>\n<meta property=\"og:site_name\" content=\"GOtrack\" \/>\n<meta property=\"article:publisher\" content=\"https:\/\/www.facebook.com\/gotrackgps\/\" \/>\n<meta property=\"article:modified_time\" content=\"2024-10-28T13:24:35+00:00\" \/>\n<meta property=\"og:image\" content=\"https:\/\/n2024.mr-wolf.pl\/wp-content\/uploads\/2024\/10\/ODC-baner-produktowy.png\" \/>\n<meta name=\"twitter:card\" content=\"summary_large_image\" \/>\n<meta name=\"twitter:label1\" content=\"Gesch\u00e4tzte Lesezeit\" \/>\n\t<meta name=\"twitter:data1\" content=\"1\u00a0Minute\" \/>\n<script type=\"application\/ld+json\" class=\"yoast-schema-graph\">{\"@context\":\"https:\/\/schema.org\",\"@graph\":[{\"@type\":\"WebPage\",\"@id\":\"https:\/\/n2024.mr-wolf.pl\/de\/odc-kamera\/\",\"url\":\"https:\/\/n2024.mr-wolf.pl\/de\/odc-kamera\/\",\"name\":\"ODC Kamera - GOtrack\",\"isPartOf\":{\"@id\":\"https:\/\/gotrack.pl\/#website\"},\"primaryImageOfPage\":{\"@id\":\"https:\/\/n2024.mr-wolf.pl\/de\/odc-kamera\/#primaryimage\"},\"image\":{\"@id\":\"https:\/\/n2024.mr-wolf.pl\/de\/odc-kamera\/#primaryimage\"},\"thumbnailUrl\":\"https:\/\/gotrack.pl\/wp-content\/uploads\/2024\/10\/ODC-baner-produktowy.png\",\"datePublished\":\"2024-10-20T08:34:21+00:00\",\"dateModified\":\"2024-10-28T13:24:35+00:00\",\"breadcrumb\":{\"@id\":\"https:\/\/n2024.mr-wolf.pl\/de\/odc-kamera\/#breadcrumb\"},\"inLanguage\":\"de\",\"potentialAction\":[{\"@type\":\"ReadAction\",\"target\":[\"https:\/\/n2024.mr-wolf.pl\/de\/odc-kamera\/\"]}]},{\"@type\":\"ImageObject\",\"inLanguage\":\"de\",\"@id\":\"https:\/\/n2024.mr-wolf.pl\/de\/odc-kamera\/#primaryimage\",\"url\":\"https:\/\/gotrack.pl\/wp-content\/uploads\/2024\/10\/ODC-baner-produktowy.png\",\"contentUrl\":\"https:\/\/gotrack.pl\/wp-content\/uploads\/2024\/10\/ODC-baner-produktowy.png\"},{\"@type\":\"BreadcrumbList\",\"@id\":\"https:\/\/n2024.mr-wolf.pl\/de\/odc-kamera\/#breadcrumb\",\"itemListElement\":[{\"@type\":\"ListItem\",\"position\":1,\"name\":\"Strona g\u0142\u00f3wna\",\"item\":\"https:\/\/gotrack.pl\/de\/\"},{\"@type\":\"ListItem\",\"position\":2,\"name\":\"ODC Kamera\"}]},{\"@type\":\"WebSite\",\"@id\":\"https:\/\/gotrack.pl\/#website\",\"url\":\"https:\/\/gotrack.pl\/\",\"name\":\"GOtrack\",\"description\":\"Producent system\u00f3w umo\u017cliwiaj\u0105cych precyzyjne, zdalne sterowanie maszynami, ci\u0105gnikami i urz\u0105dzeniami sadowniczymi.\",\"publisher\":{\"@id\":\"https:\/\/gotrack.pl\/#organization\"},\"potentialAction\":[{\"@type\":\"SearchAction\",\"target\":{\"@type\":\"EntryPoint\",\"urlTemplate\":\"https:\/\/gotrack.pl\/?s={search_term_string}\"},\"query-input\":{\"@type\":\"PropertyValueSpecification\",\"valueRequired\":true,\"valueName\":\"search_term_string\"}}],\"inLanguage\":\"de\"},{\"@type\":\"Organization\",\"@id\":\"https:\/\/gotrack.pl\/#organization\",\"name\":\"GOtrack\",\"url\":\"https:\/\/gotrack.pl\/\",\"logo\":{\"@type\":\"ImageObject\",\"inLanguage\":\"de\",\"@id\":\"https:\/\/gotrack.pl\/#\/schema\/logo\/image\/\",\"url\":\"https:\/\/gotrack.pl\/wp-content\/uploads\/2022\/11\/logo-gotrack.jpg\",\"contentUrl\":\"https:\/\/gotrack.pl\/wp-content\/uploads\/2022\/11\/logo-gotrack.jpg\",\"width\":206,\"height\":58,\"caption\":\"GOtrack\"},\"image\":{\"@id\":\"https:\/\/gotrack.pl\/#\/schema\/logo\/image\/\"},\"sameAs\":[\"https:\/\/www.facebook.com\/gotrackgps\/\",\"https:\/\/www.youtube.com\/user\/gotrackpl\"]}]}<\/script>\n<!-- \/ Yoast SEO plugin. -->","yoast_head_json":{"title":"ODC Kamera - GOtrack","robots":{"index":"index","follow":"follow","max-snippet":"max-snippet:-1","max-image-preview":"max-image-preview:large","max-video-preview":"max-video-preview:-1"},"canonical":"https:\/\/n2024.mr-wolf.pl\/de\/odc-kamera\/","og_locale":"de_DE","og_type":"article","og_title":"ODC Kamera - GOtrack","og_description":"Das ODC System f\u00fcr Hinderniserkennung erm\u00f6glicht es, Hindernisse in der N\u00e4he eines fahrenden Fahrzeugs aufzufinden und wiederzuerkennen. Das Ger\u00e4t benutzt ein mehrstufiges Spektrum der Raum- und Objekterkennung. Speziell vorbereitete Algorithmen mit k\u00fcnstlicher Intelligenz erkennen und identifizieren effektiv die Art und Position von Objekten, z. B. Menschen, Tieren, B\u00e4umen, Fahrzeugen, Z\u00e4unen. Die ODC-Kamera kann als Zusatzmodul [&hellip;]","og_url":"https:\/\/n2024.mr-wolf.pl\/de\/odc-kamera\/","og_site_name":"GOtrack","article_publisher":"https:\/\/www.facebook.com\/gotrackgps\/","article_modified_time":"2024-10-28T13:24:35+00:00","og_image":[{"url":"https:\/\/n2024.mr-wolf.pl\/wp-content\/uploads\/2024\/10\/ODC-baner-produktowy.png","type":"","width":"","height":""}],"twitter_card":"summary_large_image","twitter_misc":{"Gesch\u00e4tzte Lesezeit":"1\u00a0Minute"},"schema":{"@context":"https:\/\/schema.org","@graph":[{"@type":"WebPage","@id":"https:\/\/n2024.mr-wolf.pl\/de\/odc-kamera\/","url":"https:\/\/n2024.mr-wolf.pl\/de\/odc-kamera\/","name":"ODC Kamera - GOtrack","isPartOf":{"@id":"https:\/\/gotrack.pl\/#website"},"primaryImageOfPage":{"@id":"https:\/\/n2024.mr-wolf.pl\/de\/odc-kamera\/#primaryimage"},"image":{"@id":"https:\/\/n2024.mr-wolf.pl\/de\/odc-kamera\/#primaryimage"},"thumbnailUrl":"https:\/\/gotrack.pl\/wp-content\/uploads\/2024\/10\/ODC-baner-produktowy.png","datePublished":"2024-10-20T08:34:21+00:00","dateModified":"2024-10-28T13:24:35+00:00","breadcrumb":{"@id":"https:\/\/n2024.mr-wolf.pl\/de\/odc-kamera\/#breadcrumb"},"inLanguage":"de","potentialAction":[{"@type":"ReadAction","target":["https:\/\/n2024.mr-wolf.pl\/de\/odc-kamera\/"]}]},{"@type":"ImageObject","inLanguage":"de","@id":"https:\/\/n2024.mr-wolf.pl\/de\/odc-kamera\/#primaryimage","url":"https:\/\/gotrack.pl\/wp-content\/uploads\/2024\/10\/ODC-baner-produktowy.png","contentUrl":"https:\/\/gotrack.pl\/wp-content\/uploads\/2024\/10\/ODC-baner-produktowy.png"},{"@type":"BreadcrumbList","@id":"https:\/\/n2024.mr-wolf.pl\/de\/odc-kamera\/#breadcrumb","itemListElement":[{"@type":"ListItem","position":1,"name":"Strona g\u0142\u00f3wna","item":"https:\/\/gotrack.pl\/de\/"},{"@type":"ListItem","position":2,"name":"ODC Kamera"}]},{"@type":"WebSite","@id":"https:\/\/gotrack.pl\/#website","url":"https:\/\/gotrack.pl\/","name":"GOtrack","description":"Producent system\u00f3w umo\u017cliwiaj\u0105cych precyzyjne, zdalne sterowanie maszynami, ci\u0105gnikami i urz\u0105dzeniami sadowniczymi.","publisher":{"@id":"https:\/\/gotrack.pl\/#organization"},"potentialAction":[{"@type":"SearchAction","target":{"@type":"EntryPoint","urlTemplate":"https:\/\/gotrack.pl\/?s={search_term_string}"},"query-input":{"@type":"PropertyValueSpecification","valueRequired":true,"valueName":"search_term_string"}}],"inLanguage":"de"},{"@type":"Organization","@id":"https:\/\/gotrack.pl\/#organization","name":"GOtrack","url":"https:\/\/gotrack.pl\/","logo":{"@type":"ImageObject","inLanguage":"de","@id":"https:\/\/gotrack.pl\/#\/schema\/logo\/image\/","url":"https:\/\/gotrack.pl\/wp-content\/uploads\/2022\/11\/logo-gotrack.jpg","contentUrl":"https:\/\/gotrack.pl\/wp-content\/uploads\/2022\/11\/logo-gotrack.jpg","width":206,"height":58,"caption":"GOtrack"},"image":{"@id":"https:\/\/gotrack.pl\/#\/schema\/logo\/image\/"},"sameAs":["https:\/\/www.facebook.com\/gotrackgps\/","https:\/\/www.youtube.com\/user\/gotrackpl"]}]}},"pbg_featured_image_src":{"full":false,"thumbnail":false,"medium":false,"medium_large":false,"large":false,"1536x1536":false,"2048x2048":false,"qr-code-photo":false,"home-bottom":false},"pbg_author_info":{"display_name":"admin","author_link":"https:\/\/gotrack.pl\/de\/author\/admin\/","author_img":"<img alt='admin' src='https:\/\/secure.gravatar.com\/avatar\/1eedd1b09d6474dacfe14ff0f4581d744ac9c2c9a9a8af1b47f6f8180d3e7951?s=128&#038;d=mm&#038;r=g' srcset='https:\/\/secure.gravatar.com\/avatar\/1eedd1b09d6474dacfe14ff0f4581d744ac9c2c9a9a8af1b47f6f8180d3e7951?s=256&#038;d=mm&#038;r=g 2x' class='avatar avatar-128 photo' height='128' width='128' loading='lazy' decoding='async'\/>"},"pbg_comment_info":" No Comments","pbg_excerpt":"Das ODC System f\u00fcr Hinderniserkennung erm\u00f6glicht es, Hindernisse in der N\u00e4he eines fahrenden Fahrzeugs aufzufinden und wiederzuerkennen. Das Ger\u00e4t benutzt ein mehrstufiges Spektrum der Raum- und Objekterkennung. Speziell vorbereitete Algorithmen mit k\u00fcnstlicher Intelligenz erkennen und identifizieren effektiv die Art und Position von Objekten, z. B. Menschen, Tieren, B\u00e4umen, Fahrzeugen, Z\u00e4unen. Die ODC-Kamera kann als Zusatzmodul&hellip;","_links":{"self":[{"href":"https:\/\/gotrack.pl\/de\/wp-json\/wp\/v2\/pages\/23348","targetHints":{"allow":["GET"]}}],"collection":[{"href":"https:\/\/gotrack.pl\/de\/wp-json\/wp\/v2\/pages"}],"about":[{"href":"https:\/\/gotrack.pl\/de\/wp-json\/wp\/v2\/types\/page"}],"author":[{"embeddable":true,"href":"https:\/\/gotrack.pl\/de\/wp-json\/wp\/v2\/users\/1"}],"replies":[{"embeddable":true,"href":"https:\/\/gotrack.pl\/de\/wp-json\/wp\/v2\/comments?post=23348"}],"version-history":[{"count":7,"href":"https:\/\/gotrack.pl\/de\/wp-json\/wp\/v2\/pages\/23348\/revisions"}],"predecessor-version":[{"id":24896,"href":"https:\/\/gotrack.pl\/de\/wp-json\/wp\/v2\/pages\/23348\/revisions\/24896"}],"wp:attachment":[{"href":"https:\/\/gotrack.pl\/de\/wp-json\/wp\/v2\/media?parent=23348"}],"curies":[{"name":"wp","href":"https:\/\/api.w.org\/{rel}","templated":true}]}}