    {"id":23204,"date":"2024-10-09T05:19:53","date_gmt":"2024-10-09T03:19:53","guid":{"rendered":"https:\/\/gotrack.pl\/zasady-bezpieczenstwa\/"},"modified":"2024-10-21T09:31:48","modified_gmt":"2024-10-21T07:31:48","slug":"zasady-bezpieczenstwa","status":"publish","type":"page","link":"https:\/\/gotrack.pl\/de\/zasady-bezpieczenstwa\/","title":{"rendered":"Sicherheitsregeln"},"content":{"rendered":"\n<div class=\"wp-block-columns container is-layout-flex wp-container-core-columns-is-layout-9d6595d7 wp-block-columns-is-layout-flex\">\n<div class=\"wp-block-column is-layout-flow wp-block-column-is-layout-flow\"><style>\n\n\n<\/style>\n<div class=\"d-flex align-items-center justify-content-between py-3\">\n\n\n    <div class=\"arrow-h2 d-flex align-items-center\">\n        <div>\n            <img loading=\"lazy\" decoding=\"async\" width=\"130\" height=\"121\" src=\"https:\/\/gotrack.pl\/wp-content\/uploads\/2024\/10\/arrow-gotrack-primary.svg\" class=\"attachment-thumbnail size-thumbnail\" alt=\"\" \/>        <\/div>\n\n        <div class=\"ps-3\">\n            <div class=\"h2 mb-0 pb-0 fw-bold color-title-body\" style=\"line-height: 35px\">\n                Sicherheitsregeln                <br>            <\/div>\n        <\/div>\n    <\/div>\n\n<!--    <div class=\"section-logo-line\">-->\n<!--    <\/div>-->\n\n<!--    <div class=\"logo-section\">-->\n<!--        --><!---->\n<!--    <\/div>-->\n\n\n\n<\/div><\/div>\n<\/div>\n\n\n\n<div class=\"wp-block-columns container is-layout-flex wp-container-core-columns-is-layout-9d6595d7 wp-block-columns-is-layout-flex\">\n<div class=\"wp-block-column is-layout-flow wp-block-column-is-layout-flow\"><\/div>\n\n\n\n<div class=\"wp-block-column is-layout-flow wp-block-column-is-layout-flow\" style=\"flex-basis:60%\">\n<div class=\"alert alert-warning d-flex align-items-top\" role=\"alert\">\n<i class=\"fa fa-info-circle\" aria-hidden=\"true\"><\/i>\n\n  <div class=\"ps-2\">\nWenn Sie auf dieser Seite gelandet sind, bedeutet das, dass Sie wahrscheinlich auf unser Warnschild gesto\u00dfen sind, das den Zutritt zu dem so gekennzeichneten Bereich verbietet.\n  <\/div>\n<\/div>\n\n\n\n<figure class=\"wp-block-image size-full\"><img loading=\"lazy\" decoding=\"async\" width=\"759\" height=\"330\" src=\"https:\/\/gotrack.pl\/wp-content\/uploads\/2024\/10\/safety-en-1.jpg\" alt=\"\" class=\"wp-image-23228\" srcset=\"https:\/\/gotrack.pl\/wp-content\/uploads\/2024\/10\/safety-en-1.jpg 759w, https:\/\/gotrack.pl\/wp-content\/uploads\/2024\/10\/safety-en-1-300x130.jpg 300w\" sizes=\"auto, (max-width: 759px) 100vw, 759px\" \/><\/figure>\n\n\n\n<p>Wir m\u00f6chten Sie dar\u00fcber informieren, dass im markierten Bereich derzeit Arbeiten mit unbemannten autonomen GOtrack-Traktoren durchgef\u00fchrt werden oder durchgef\u00fchrt werden.<\/p>\n\n\n\n<p>Der Aufenthalt in dem Bereich, in dem autonome GOtrack-Fahrzeuge betrieben werden, ist Au\u00dfenstehenden, die nicht direkte Nutzer des GOtrack-Systems sind, nicht gestattet.<\/p>\n\n\n\n<p>Verlassen Sie diesen Ort sicher und finden Sie eine andere Route, die Ihnen die Fortsetzung Ihrer<\/p>\n\n\n\n<div class=\"d-flex mb-3\">\n<div class=\"pe-2\"><i class=\"fa fa-info-circle\" aria-hidden=\"true\" style=\"color:#1761ab\"><\/i><\/div>\n<div class=\"fw-bold\">Reise erm\u00f6glicht. Erinnern! Betreten Sie auf keinen Fall den markierten Bereich!<\/div>\n<\/div>\n\n\n\n<p>Sollten Sie sich jedoch trotz der Warnungen dazu entschlie\u00dfen, den gekennzeichneten Bereich zu betreten, besteht die Gefahr, dass Sie Ihre Gesundheit oder Ihr Leben verlieren, f\u00fcr die Sie pers\u00f6nlich verantwortlich sind, da Sie gegen das Betretungsverbot versto\u00dfen haben.<\/p>\n\n\n\n<div class=\"d-flex mb-3\">\n<div class=\"pe-2\"><i class=\"fa fa-info-circle\" aria-hidden=\"true\" style=\"color:#1761ab\"><\/i><\/div>\n<div class=\"fw-bold\">Wir glauben an Ihre gut durchdachten Entscheidungen!<\/div>\n<\/div>\n\n\n\n<p>Wenn Sie mehr wissen m\u00f6chten, kontaktieren Sie uns bitte. GOtrack-Team.<\/p>\n\n\n\n<p class=\"has-text-align-center\"><strong>Hier k\u00f6nnen Sie eine Sammlung von Informationen zur sicheren Verwendung des GOtrack Auto DRIVE-Systems herunterladen.<\/strong><\/p>\n\n\n\n<div class=\"text-center\">\n<i class=\"fa fa-angle-double-down\" aria-hidden=\"true\" style=\"color:#1761ab;font-size:64px\"><\/i>\n<\/div>\n<\/div>\n\n\n\n<div class=\"wp-block-column is-layout-flow wp-block-column-is-layout-flow\"><\/div>\n<\/div>\n","protected":false},"excerpt":{"rendered":"<p>Wenn Sie auf dieser Seite gelandet sind, bedeutet das, dass Sie wahrscheinlich auf unser Warnschild gesto\u00dfen sind, das den Zutritt zu dem so gekennzeichneten Bereich verbietet. Wir m\u00f6chten Sie dar\u00fcber informieren, dass im markierten Bereich derzeit Arbeiten mit unbemannten autonomen GOtrack-Traktoren durchgef\u00fchrt werden oder durchgef\u00fchrt werden. Der Aufenthalt in dem Bereich, in dem autonome GOtrack-Fahrzeuge [&hellip;]<\/p>\n","protected":false},"author":1,"featured_media":0,"parent":0,"menu_order":0,"comment_status":"closed","ping_status":"closed","template":"szablon-do-pobrania.php","meta":{"_acf_changed":false,"footnotes":""},"class_list":["post-23204","page","type-page","status-publish","hentry"],"acf":[],"yoast_head":"<!-- This site is optimized with the Yoast SEO plugin v26.6 - https:\/\/yoast.com\/wordpress\/plugins\/seo\/ -->\n<title>Sicherheitsregeln - GOtrack<\/title>\n<meta name=\"robots\" content=\"index, follow, max-snippet:-1, max-image-preview:large, max-video-preview:-1\" \/>\n<link rel=\"canonical\" href=\"https:\/\/n2024.mr-wolf.pl\/de\/zasady-bezpieczenstwa\/\" \/>\n<meta property=\"og:locale\" content=\"de_DE\" \/>\n<meta property=\"og:type\" content=\"article\" \/>\n<meta property=\"og:title\" content=\"Sicherheitsregeln - GOtrack\" \/>\n<meta property=\"og:description\" content=\"Wenn Sie auf dieser Seite gelandet sind, bedeutet das, dass Sie wahrscheinlich auf unser Warnschild gesto\u00dfen sind, das den Zutritt zu dem so gekennzeichneten Bereich verbietet. Wir m\u00f6chten Sie dar\u00fcber informieren, dass im markierten Bereich derzeit Arbeiten mit unbemannten autonomen GOtrack-Traktoren durchgef\u00fchrt werden oder durchgef\u00fchrt werden. Der Aufenthalt in dem Bereich, in dem autonome GOtrack-Fahrzeuge [&hellip;]\" \/>\n<meta property=\"og:url\" content=\"https:\/\/n2024.mr-wolf.pl\/de\/zasady-bezpieczenstwa\/\" \/>\n<meta property=\"og:site_name\" content=\"GOtrack\" \/>\n<meta property=\"article:publisher\" content=\"https:\/\/www.facebook.com\/gotrackgps\/\" \/>\n<meta property=\"article:modified_time\" content=\"2024-10-21T07:31:48+00:00\" \/>\n<meta property=\"og:image\" content=\"https:\/\/n2024.mr-wolf.pl\/wp-content\/uploads\/2024\/10\/safety-en-1.jpg\" \/>\n<meta name=\"twitter:card\" content=\"summary_large_image\" \/>\n<meta name=\"twitter:label1\" content=\"Gesch\u00e4tzte Lesezeit\" \/>\n\t<meta name=\"twitter:data1\" content=\"2\u00a0Minuten\" \/>\n<script type=\"application\/ld+json\" class=\"yoast-schema-graph\">{\"@context\":\"https:\/\/schema.org\",\"@graph\":[{\"@type\":\"WebPage\",\"@id\":\"https:\/\/n2024.mr-wolf.pl\/de\/zasady-bezpieczenstwa\/\",\"url\":\"https:\/\/n2024.mr-wolf.pl\/de\/zasady-bezpieczenstwa\/\",\"name\":\"Sicherheitsregeln - GOtrack\",\"isPartOf\":{\"@id\":\"https:\/\/gotrack.pl\/#website\"},\"primaryImageOfPage\":{\"@id\":\"https:\/\/n2024.mr-wolf.pl\/de\/zasady-bezpieczenstwa\/#primaryimage\"},\"image\":{\"@id\":\"https:\/\/n2024.mr-wolf.pl\/de\/zasady-bezpieczenstwa\/#primaryimage\"},\"thumbnailUrl\":\"https:\/\/gotrack.pl\/wp-content\/uploads\/2024\/10\/safety-en-1.jpg\",\"datePublished\":\"2024-10-09T03:19:53+00:00\",\"dateModified\":\"2024-10-21T07:31:48+00:00\",\"breadcrumb\":{\"@id\":\"https:\/\/n2024.mr-wolf.pl\/de\/zasady-bezpieczenstwa\/#breadcrumb\"},\"inLanguage\":\"de\",\"potentialAction\":[{\"@type\":\"ReadAction\",\"target\":[\"https:\/\/n2024.mr-wolf.pl\/de\/zasady-bezpieczenstwa\/\"]}]},{\"@type\":\"ImageObject\",\"inLanguage\":\"de\",\"@id\":\"https:\/\/n2024.mr-wolf.pl\/de\/zasady-bezpieczenstwa\/#primaryimage\",\"url\":\"https:\/\/gotrack.pl\/wp-content\/uploads\/2024\/10\/safety-en-1.jpg\",\"contentUrl\":\"https:\/\/gotrack.pl\/wp-content\/uploads\/2024\/10\/safety-en-1.jpg\"},{\"@type\":\"BreadcrumbList\",\"@id\":\"https:\/\/n2024.mr-wolf.pl\/de\/zasady-bezpieczenstwa\/#breadcrumb\",\"itemListElement\":[{\"@type\":\"ListItem\",\"position\":1,\"name\":\"Strona g\u0142\u00f3wna\",\"item\":\"https:\/\/gotrack.pl\/de\/\"},{\"@type\":\"ListItem\",\"position\":2,\"name\":\"Sicherheitsregeln\"}]},{\"@type\":\"WebSite\",\"@id\":\"https:\/\/gotrack.pl\/#website\",\"url\":\"https:\/\/gotrack.pl\/\",\"name\":\"GOtrack\",\"description\":\"Producent system\u00f3w umo\u017cliwiaj\u0105cych precyzyjne, zdalne sterowanie maszynami, ci\u0105gnikami i urz\u0105dzeniami sadowniczymi.\",\"publisher\":{\"@id\":\"https:\/\/gotrack.pl\/#organization\"},\"potentialAction\":[{\"@type\":\"SearchAction\",\"target\":{\"@type\":\"EntryPoint\",\"urlTemplate\":\"https:\/\/gotrack.pl\/?s={search_term_string}\"},\"query-input\":{\"@type\":\"PropertyValueSpecification\",\"valueRequired\":true,\"valueName\":\"search_term_string\"}}],\"inLanguage\":\"de\"},{\"@type\":\"Organization\",\"@id\":\"https:\/\/gotrack.pl\/#organization\",\"name\":\"GOtrack\",\"url\":\"https:\/\/gotrack.pl\/\",\"logo\":{\"@type\":\"ImageObject\",\"inLanguage\":\"de\",\"@id\":\"https:\/\/gotrack.pl\/#\/schema\/logo\/image\/\",\"url\":\"https:\/\/gotrack.pl\/wp-content\/uploads\/2022\/11\/logo-gotrack.jpg\",\"contentUrl\":\"https:\/\/gotrack.pl\/wp-content\/uploads\/2022\/11\/logo-gotrack.jpg\",\"width\":206,\"height\":58,\"caption\":\"GOtrack\"},\"image\":{\"@id\":\"https:\/\/gotrack.pl\/#\/schema\/logo\/image\/\"},\"sameAs\":[\"https:\/\/www.facebook.com\/gotrackgps\/\",\"https:\/\/www.youtube.com\/user\/gotrackpl\"]}]}<\/script>\n<!-- \/ Yoast SEO plugin. -->","yoast_head_json":{"title":"Sicherheitsregeln - GOtrack","robots":{"index":"index","follow":"follow","max-snippet":"max-snippet:-1","max-image-preview":"max-image-preview:large","max-video-preview":"max-video-preview:-1"},"canonical":"https:\/\/n2024.mr-wolf.pl\/de\/zasady-bezpieczenstwa\/","og_locale":"de_DE","og_type":"article","og_title":"Sicherheitsregeln - GOtrack","og_description":"Wenn Sie auf dieser Seite gelandet sind, bedeutet das, dass Sie wahrscheinlich auf unser Warnschild gesto\u00dfen sind, das den Zutritt zu dem so gekennzeichneten Bereich verbietet. Wir m\u00f6chten Sie dar\u00fcber informieren, dass im markierten Bereich derzeit Arbeiten mit unbemannten autonomen GOtrack-Traktoren durchgef\u00fchrt werden oder durchgef\u00fchrt werden. Der Aufenthalt in dem Bereich, in dem autonome GOtrack-Fahrzeuge [&hellip;]","og_url":"https:\/\/n2024.mr-wolf.pl\/de\/zasady-bezpieczenstwa\/","og_site_name":"GOtrack","article_publisher":"https:\/\/www.facebook.com\/gotrackgps\/","article_modified_time":"2024-10-21T07:31:48+00:00","og_image":[{"url":"https:\/\/n2024.mr-wolf.pl\/wp-content\/uploads\/2024\/10\/safety-en-1.jpg","type":"","width":"","height":""}],"twitter_card":"summary_large_image","twitter_misc":{"Gesch\u00e4tzte Lesezeit":"2\u00a0Minuten"},"schema":{"@context":"https:\/\/schema.org","@graph":[{"@type":"WebPage","@id":"https:\/\/n2024.mr-wolf.pl\/de\/zasady-bezpieczenstwa\/","url":"https:\/\/n2024.mr-wolf.pl\/de\/zasady-bezpieczenstwa\/","name":"Sicherheitsregeln - GOtrack","isPartOf":{"@id":"https:\/\/gotrack.pl\/#website"},"primaryImageOfPage":{"@id":"https:\/\/n2024.mr-wolf.pl\/de\/zasady-bezpieczenstwa\/#primaryimage"},"image":{"@id":"https:\/\/n2024.mr-wolf.pl\/de\/zasady-bezpieczenstwa\/#primaryimage"},"thumbnailUrl":"https:\/\/gotrack.pl\/wp-content\/uploads\/2024\/10\/safety-en-1.jpg","datePublished":"2024-10-09T03:19:53+00:00","dateModified":"2024-10-21T07:31:48+00:00","breadcrumb":{"@id":"https:\/\/n2024.mr-wolf.pl\/de\/zasady-bezpieczenstwa\/#breadcrumb"},"inLanguage":"de","potentialAction":[{"@type":"ReadAction","target":["https:\/\/n2024.mr-wolf.pl\/de\/zasady-bezpieczenstwa\/"]}]},{"@type":"ImageObject","inLanguage":"de","@id":"https:\/\/n2024.mr-wolf.pl\/de\/zasady-bezpieczenstwa\/#primaryimage","url":"https:\/\/gotrack.pl\/wp-content\/uploads\/2024\/10\/safety-en-1.jpg","contentUrl":"https:\/\/gotrack.pl\/wp-content\/uploads\/2024\/10\/safety-en-1.jpg"},{"@type":"BreadcrumbList","@id":"https:\/\/n2024.mr-wolf.pl\/de\/zasady-bezpieczenstwa\/#breadcrumb","itemListElement":[{"@type":"ListItem","position":1,"name":"Strona g\u0142\u00f3wna","item":"https:\/\/gotrack.pl\/de\/"},{"@type":"ListItem","position":2,"name":"Sicherheitsregeln"}]},{"@type":"WebSite","@id":"https:\/\/gotrack.pl\/#website","url":"https:\/\/gotrack.pl\/","name":"GOtrack","description":"Producent system\u00f3w umo\u017cliwiaj\u0105cych precyzyjne, zdalne sterowanie maszynami, ci\u0105gnikami i urz\u0105dzeniami sadowniczymi.","publisher":{"@id":"https:\/\/gotrack.pl\/#organization"},"potentialAction":[{"@type":"SearchAction","target":{"@type":"EntryPoint","urlTemplate":"https:\/\/gotrack.pl\/?s={search_term_string}"},"query-input":{"@type":"PropertyValueSpecification","valueRequired":true,"valueName":"search_term_string"}}],"inLanguage":"de"},{"@type":"Organization","@id":"https:\/\/gotrack.pl\/#organization","name":"GOtrack","url":"https:\/\/gotrack.pl\/","logo":{"@type":"ImageObject","inLanguage":"de","@id":"https:\/\/gotrack.pl\/#\/schema\/logo\/image\/","url":"https:\/\/gotrack.pl\/wp-content\/uploads\/2022\/11\/logo-gotrack.jpg","contentUrl":"https:\/\/gotrack.pl\/wp-content\/uploads\/2022\/11\/logo-gotrack.jpg","width":206,"height":58,"caption":"GOtrack"},"image":{"@id":"https:\/\/gotrack.pl\/#\/schema\/logo\/image\/"},"sameAs":["https:\/\/www.facebook.com\/gotrackgps\/","https:\/\/www.youtube.com\/user\/gotrackpl"]}]}},"pbg_featured_image_src":{"full":false,"thumbnail":false,"medium":false,"medium_large":false,"large":false,"1536x1536":false,"2048x2048":false,"qr-code-photo":false,"home-bottom":false},"pbg_author_info":{"display_name":"admin","author_link":"https:\/\/gotrack.pl\/de\/author\/admin\/","author_img":"<img alt='admin' src='https:\/\/secure.gravatar.com\/avatar\/1eedd1b09d6474dacfe14ff0f4581d744ac9c2c9a9a8af1b47f6f8180d3e7951?s=128&#038;d=mm&#038;r=g' srcset='https:\/\/secure.gravatar.com\/avatar\/1eedd1b09d6474dacfe14ff0f4581d744ac9c2c9a9a8af1b47f6f8180d3e7951?s=256&#038;d=mm&#038;r=g 2x' class='avatar avatar-128 photo' height='128' width='128' loading='lazy' decoding='async'\/>"},"pbg_comment_info":" No Comments","pbg_excerpt":"Wenn Sie auf dieser Seite gelandet sind, bedeutet das, dass Sie wahrscheinlich auf unser Warnschild gesto\u00dfen sind, das den Zutritt zu dem so gekennzeichneten Bereich verbietet. Wir m\u00f6chten Sie dar\u00fcber informieren, dass im markierten Bereich derzeit Arbeiten mit unbemannten autonomen GOtrack-Traktoren durchgef\u00fchrt werden oder durchgef\u00fchrt werden. Der Aufenthalt in dem Bereich, in dem autonome GOtrack-Fahrzeuge&hellip;","_links":{"self":[{"href":"https:\/\/gotrack.pl\/de\/wp-json\/wp\/v2\/pages\/23204","targetHints":{"allow":["GET"]}}],"collection":[{"href":"https:\/\/gotrack.pl\/de\/wp-json\/wp\/v2\/pages"}],"about":[{"href":"https:\/\/gotrack.pl\/de\/wp-json\/wp\/v2\/types\/page"}],"author":[{"embeddable":true,"href":"https:\/\/gotrack.pl\/de\/wp-json\/wp\/v2\/users\/1"}],"replies":[{"embeddable":true,"href":"https:\/\/gotrack.pl\/de\/wp-json\/wp\/v2\/comments?post=23204"}],"version-history":[{"count":2,"href":"https:\/\/gotrack.pl\/de\/wp-json\/wp\/v2\/pages\/23204\/revisions"}],"predecessor-version":[{"id":23237,"href":"https:\/\/gotrack.pl\/de\/wp-json\/wp\/v2\/pages\/23204\/revisions\/23237"}],"wp:attachment":[{"href":"https:\/\/gotrack.pl\/de\/wp-json\/wp\/v2\/media?parent=23204"}],"curies":[{"name":"wp","href":"https:\/\/api.w.org\/{rel}","templated":true}]}}