    {"id":18953,"date":"2023-02-09T09:00:07","date_gmt":"2023-02-09T08:00:07","guid":{"rendered":"https:\/\/gotrack.pl\/?page_id=18953"},"modified":"2025-01-07T19:10:43","modified_gmt":"2025-01-07T18:10:43","slug":"finden-sie-einen-handler","status":"publish","type":"page","link":"https:\/\/gotrack.pl\/de\/finden-sie-einen-handler\/","title":{"rendered":"Finden Sie einen H\u00e4ndler"},"content":{"rendered":"\n<div class=\"wp-block-columns container is-layout-flex wp-container-core-columns-is-layout-9d6595d7 wp-block-columns-is-layout-flex\">\n<div class=\"wp-block-column is-layout-flow wp-block-column-is-layout-flow\"><div  data-plugin=\"responsive-vector-maps\" data-ver=\"6.6.2\" class=\"map-container rvm-map-container\" id=\"world-map-18944\"  ><\/div><script type=\"text\/javascript\">( function($) { $(function(){var region_background = {\"BE\" : \"#09cfdb\",\"GR\" : \"#09cfdb\",\"HU\" : \"#09cfdb\",\"PL\" : \"#09cfdb\",\"ES\" : \"#09cfdb\",\"FR\" : \"#09cfdb\",\"NL\" : \"#09cfdb\",\"NZ\" : \"#09cfdb\",\"CA\" : \"#09cfdb\",\"CZ\" : \"#09cfdb\",\"DE\" : \"#09cfdb\",\"AT\" : \"#09cfdb\",\"US\" : \"#09cfdb\",\"IT\" : \"#09cfdb\",\"AU\" : \"#09cfdb\"};var region_popup = {};var map = new jvm.Map({    container: $(\"#world-map-18944\"),    map: \"world_merc_en\" , regionsSelectable: false, regionStyle: { initial: { fill: \"#0258cf\", \"fill-opacity\": 1, stroke: \"#ffffff\", \"stroke-width\": 0.5}, hover: { \"fill\": \"#0C4CA3\", \"fill-opacity\" : 1 }, selected: { fill: \"#FFFFFF\" }}, backgroundColor: \"#ffffff\", zoomButtons: true, zoomOnScroll: false, onRegionOver : function(event, code){region_over = true ;if( code ==  \"BE\" ) { document.body.style.cursor = \"pointer\" ; }if( code ==  \"GR\" ) { document.body.style.cursor = \"pointer\" ; }if( code ==  \"HU\" ) { document.body.style.cursor = \"pointer\" ; }if( code ==  \"PL\" ) { document.body.style.cursor = \"pointer\" ; }if( code ==  \"ES\" ) { document.body.style.cursor = \"pointer\" ; }if( code ==  \"FR\" ) { document.body.style.cursor = \"pointer\" ; }if( code ==  \"NL\" ) { document.body.style.cursor = \"pointer\" ; }if( code ==  \"NZ\" ) { document.body.style.cursor = \"pointer\" ; }if( code ==  \"CA\" ) { document.body.style.cursor = \"pointer\" ; }if( code ==  \"CZ\" ) { document.body.style.cursor = \"pointer\" ; }if( code ==  \"DE\" ) { document.body.style.cursor = \"pointer\" ; }if( code ==  \"AT\" ) { document.body.style.cursor = \"pointer\" ; }if( code ==  \"US\" ) { document.body.style.cursor = \"pointer\" ; }if( code ==  \"IT\" ) { document.body.style.cursor = \"pointer\" ; }if( code ==  \"AU\" ) { document.body.style.cursor = \"pointer\" ; }if( region_over ) { event.preventDefault(); } }, onRegionOut: function(element, code, region) { document.body.style.cursor = \"default\"; }, onRegionClick : function(event, code){if(code == \"BE\") { window.open(\"https:\/\/gotrack.pl\/de\/haendler-belgien\/\", \"_blank \" ) ; }if(code == \"GR\") { window.open(\"https:\/\/gotrack.pl\/de\/haendler-griechenland\/\", \"_blank \" ) ; }if(code == \"HU\") { window.open(\"https:\/\/gotrack.pl\/de\/haendler-ungarn\/\", \"_blank \" ) ; }if(code == \"PL\") { window.open(\"https:\/\/gotrack.pl\/de\/handler-polen\/\", \"_blank \" ) ; }if(code == \"ES\") { window.open(\"https:\/\/gotrack.pl\/de\/handler-spanien\/\", \"_blank \" ) ; }if(code == \"FR\") { window.open(\"https:\/\/gotrack.pl\/de\/haendler-frankreich\/\", \"_blank \" ) ; }if(code == \"NL\") { window.open(\"https:\/\/gotrack.pl\/de\/haendler-niederlande\/\", \"_blank \" ) ; }if(code == \"NZ\") { window.open(\"https:\/\/gotrack.pl\/de\/haendler-neuseeland\/\", \"_blank \" ) ; }if(code == \"CA\") { window.open(\"https:\/\/gotrack.pl\/de\/haendler-kanada\/\", \"_blank \" ) ; }if(code == \"CZ\") { window.open(\"https:\/\/gotrack.pl\/dealerzy-czechy\/\", \"_blank \" ) ; }if(code == \"DE\") { window.open(\"https:\/\/gotrack.pl\/de\/haendler-deutschland\/\", \"_blank \" ) ; }if(code == \"AT\") { window.open(\"https:\/\/gotrack.pl\/de\/haendler-oesterreich\/\", \"_blank \" ) ; }if(code == \"US\") { window.open(\"https:\/\/gotrack.pl\/de\/haendler-usa\/\", \"_blank \" ) ; }if(code == \"IT\") { window.open(\"https:\/\/gotrack.pl\/de\/handler-italien\/\", \"_blank \" ) ; }if(code == \"AU\") { window.open(\"https:\/\/gotrack.pl\/de\/haendler-australien\/\", \"_blank \" ) ; }}, series: { regions: [{ values: region_background, attribute: \"fill\" }]}, onMarkerClick: function(event, index) {if( markers[index].weburl ) { window.open( markers[index].weburl, \"http:\/\/_blank%20\" ) ; } }, markerStyle: {initial: { fill: \"#6FB4FF\", stroke: \"#000000\" }}});});})(jQuery);<\/script><script type=\"text\/javascript\">( function($) {var map_container_width = $( \"#world-map-18944\").width();var map_container_height = map_container_width \/ 1.5435268; $(\"#world-map-18944\").css( { \"height\" : map_container_height ,  \"max-height\" : map_container_height } );$( window ).resize( function() {var map_container_width = $( \"#world-map-18944\").width();var map_container_height = map_container_width \/ 1.5435268; $( \"#world-map-18944\").css( { \"height\" : map_container_height ,  \"max-height\" : map_container_height } );});})(jQuery);<\/script>\n<\/div>\n<\/div>\n\n\n\n<div class=\"wp-block-columns container is-layout-flex wp-container-core-columns-is-layout-9d6595d7 wp-block-columns-is-layout-flex\">\n<div class=\"wp-block-column is-layout-flow wp-block-column-is-layout-flow\">\n<div id=\"legenda\">\n    <div class=\"d-flex\">\n        <div style=\"background: #09cfdb;height: 20px;width: 20px;display: inline-block;margin-right: 4px;\"><\/div>\n        <div>H\u00e4ndler &#8211; Gotrack<\/div>\n    <\/div>\n<\/div>\n<\/div>\n<\/div>\n","protected":false},"excerpt":{"rendered":"<p>H\u00e4ndler &#8211; Gotrack<\/p>\n","protected":false},"author":1,"featured_media":0,"parent":0,"menu_order":0,"comment_status":"closed","ping_status":"closed","template":"","meta":{"_acf_changed":false,"footnotes":""},"class_list":["post-18953","page","type-page","status-publish","hentry"],"acf":[],"yoast_head":"<!-- This site is optimized with the Yoast SEO plugin v26.6 - https:\/\/yoast.com\/wordpress\/plugins\/seo\/ -->\n<title>Finden Sie einen H\u00e4ndler - GOtrack<\/title>\n<meta name=\"description\" content=\"Wir arbeiten mit H\u00e4ndlern in vielen L\u00e4ndern zusammen. Pr\u00fcfen Sie, ob Sie GOtrack-Produkte in Ihrer Region kaufen und installieren k\u00f6nnen.\" \/>\n<meta name=\"robots\" content=\"index, follow, max-snippet:-1, max-image-preview:large, max-video-preview:-1\" \/>\n<link rel=\"canonical\" href=\"https:\/\/gotrack.pl\/de\/finden-sie-einen-handler\/\" \/>\n<meta property=\"og:locale\" content=\"de_DE\" \/>\n<meta property=\"og:type\" content=\"article\" \/>\n<meta property=\"og:title\" content=\"Finden Sie einen H\u00e4ndler - GOtrack\" \/>\n<meta property=\"og:description\" content=\"Wir arbeiten mit H\u00e4ndlern in vielen L\u00e4ndern zusammen. Pr\u00fcfen Sie, ob Sie GOtrack-Produkte in Ihrer Region kaufen und installieren k\u00f6nnen.\" \/>\n<meta property=\"og:url\" content=\"https:\/\/gotrack.pl\/de\/finden-sie-einen-handler\/\" \/>\n<meta property=\"og:site_name\" content=\"GOtrack\" \/>\n<meta property=\"article:publisher\" content=\"https:\/\/www.facebook.com\/gotrackgps\/\" \/>\n<meta property=\"article:modified_time\" content=\"2025-01-07T18:10:43+00:00\" \/>\n<meta name=\"twitter:card\" content=\"summary_large_image\" \/>\n<meta name=\"twitter:label1\" content=\"Gesch\u00e4tzte Lesezeit\" \/>\n\t<meta name=\"twitter:data1\" content=\"1\u00a0Minute\" \/>\n<script type=\"application\/ld+json\" class=\"yoast-schema-graph\">{\"@context\":\"https:\/\/schema.org\",\"@graph\":[{\"@type\":\"WebPage\",\"@id\":\"https:\/\/gotrack.pl\/de\/finden-sie-einen-handler\/\",\"url\":\"https:\/\/gotrack.pl\/de\/finden-sie-einen-handler\/\",\"name\":\"Finden Sie einen H\u00e4ndler - GOtrack\",\"isPartOf\":{\"@id\":\"https:\/\/gotrack.pl\/#website\"},\"datePublished\":\"2023-02-09T08:00:07+00:00\",\"dateModified\":\"2025-01-07T18:10:43+00:00\",\"description\":\"Wir arbeiten mit H\u00e4ndlern in vielen L\u00e4ndern zusammen. Pr\u00fcfen Sie, ob Sie GOtrack-Produkte in Ihrer Region kaufen und installieren k\u00f6nnen.\",\"breadcrumb\":{\"@id\":\"https:\/\/gotrack.pl\/de\/finden-sie-einen-handler\/#breadcrumb\"},\"inLanguage\":\"de\",\"potentialAction\":[{\"@type\":\"ReadAction\",\"target\":[\"https:\/\/gotrack.pl\/de\/finden-sie-einen-handler\/\"]}]},{\"@type\":\"BreadcrumbList\",\"@id\":\"https:\/\/gotrack.pl\/de\/finden-sie-einen-handler\/#breadcrumb\",\"itemListElement\":[{\"@type\":\"ListItem\",\"position\":1,\"name\":\"Strona g\u0142\u00f3wna\",\"item\":\"https:\/\/gotrack.pl\/de\/\"},{\"@type\":\"ListItem\",\"position\":2,\"name\":\"Finden Sie einen H\u00e4ndler\"}]},{\"@type\":\"WebSite\",\"@id\":\"https:\/\/gotrack.pl\/#website\",\"url\":\"https:\/\/gotrack.pl\/\",\"name\":\"GOtrack\",\"description\":\"Producent system\u00f3w umo\u017cliwiaj\u0105cych precyzyjne, zdalne sterowanie maszynami, ci\u0105gnikami i urz\u0105dzeniami sadowniczymi.\",\"publisher\":{\"@id\":\"https:\/\/gotrack.pl\/#organization\"},\"potentialAction\":[{\"@type\":\"SearchAction\",\"target\":{\"@type\":\"EntryPoint\",\"urlTemplate\":\"https:\/\/gotrack.pl\/?s={search_term_string}\"},\"query-input\":{\"@type\":\"PropertyValueSpecification\",\"valueRequired\":true,\"valueName\":\"search_term_string\"}}],\"inLanguage\":\"de\"},{\"@type\":\"Organization\",\"@id\":\"https:\/\/gotrack.pl\/#organization\",\"name\":\"GOtrack\",\"url\":\"https:\/\/gotrack.pl\/\",\"logo\":{\"@type\":\"ImageObject\",\"inLanguage\":\"de\",\"@id\":\"https:\/\/gotrack.pl\/#\/schema\/logo\/image\/\",\"url\":\"https:\/\/gotrack.pl\/wp-content\/uploads\/2022\/11\/logo-gotrack.jpg\",\"contentUrl\":\"https:\/\/gotrack.pl\/wp-content\/uploads\/2022\/11\/logo-gotrack.jpg\",\"width\":206,\"height\":58,\"caption\":\"GOtrack\"},\"image\":{\"@id\":\"https:\/\/gotrack.pl\/#\/schema\/logo\/image\/\"},\"sameAs\":[\"https:\/\/www.facebook.com\/gotrackgps\/\",\"https:\/\/www.youtube.com\/user\/gotrackpl\"]}]}<\/script>\n<!-- \/ Yoast SEO plugin. -->","yoast_head_json":{"title":"Finden Sie einen H\u00e4ndler - GOtrack","description":"Wir arbeiten mit H\u00e4ndlern in vielen L\u00e4ndern zusammen. Pr\u00fcfen Sie, ob Sie GOtrack-Produkte in Ihrer Region kaufen und installieren k\u00f6nnen.","robots":{"index":"index","follow":"follow","max-snippet":"max-snippet:-1","max-image-preview":"max-image-preview:large","max-video-preview":"max-video-preview:-1"},"canonical":"https:\/\/gotrack.pl\/de\/finden-sie-einen-handler\/","og_locale":"de_DE","og_type":"article","og_title":"Finden Sie einen H\u00e4ndler - GOtrack","og_description":"Wir arbeiten mit H\u00e4ndlern in vielen L\u00e4ndern zusammen. Pr\u00fcfen Sie, ob Sie GOtrack-Produkte in Ihrer Region kaufen und installieren k\u00f6nnen.","og_url":"https:\/\/gotrack.pl\/de\/finden-sie-einen-handler\/","og_site_name":"GOtrack","article_publisher":"https:\/\/www.facebook.com\/gotrackgps\/","article_modified_time":"2025-01-07T18:10:43+00:00","twitter_card":"summary_large_image","twitter_misc":{"Gesch\u00e4tzte Lesezeit":"1\u00a0Minute"},"schema":{"@context":"https:\/\/schema.org","@graph":[{"@type":"WebPage","@id":"https:\/\/gotrack.pl\/de\/finden-sie-einen-handler\/","url":"https:\/\/gotrack.pl\/de\/finden-sie-einen-handler\/","name":"Finden Sie einen H\u00e4ndler - GOtrack","isPartOf":{"@id":"https:\/\/gotrack.pl\/#website"},"datePublished":"2023-02-09T08:00:07+00:00","dateModified":"2025-01-07T18:10:43+00:00","description":"Wir arbeiten mit H\u00e4ndlern in vielen L\u00e4ndern zusammen. Pr\u00fcfen Sie, ob Sie GOtrack-Produkte in Ihrer Region kaufen und installieren k\u00f6nnen.","breadcrumb":{"@id":"https:\/\/gotrack.pl\/de\/finden-sie-einen-handler\/#breadcrumb"},"inLanguage":"de","potentialAction":[{"@type":"ReadAction","target":["https:\/\/gotrack.pl\/de\/finden-sie-einen-handler\/"]}]},{"@type":"BreadcrumbList","@id":"https:\/\/gotrack.pl\/de\/finden-sie-einen-handler\/#breadcrumb","itemListElement":[{"@type":"ListItem","position":1,"name":"Strona g\u0142\u00f3wna","item":"https:\/\/gotrack.pl\/de\/"},{"@type":"ListItem","position":2,"name":"Finden Sie einen H\u00e4ndler"}]},{"@type":"WebSite","@id":"https:\/\/gotrack.pl\/#website","url":"https:\/\/gotrack.pl\/","name":"GOtrack","description":"Producent system\u00f3w umo\u017cliwiaj\u0105cych precyzyjne, zdalne sterowanie maszynami, ci\u0105gnikami i urz\u0105dzeniami sadowniczymi.","publisher":{"@id":"https:\/\/gotrack.pl\/#organization"},"potentialAction":[{"@type":"SearchAction","target":{"@type":"EntryPoint","urlTemplate":"https:\/\/gotrack.pl\/?s={search_term_string}"},"query-input":{"@type":"PropertyValueSpecification","valueRequired":true,"valueName":"search_term_string"}}],"inLanguage":"de"},{"@type":"Organization","@id":"https:\/\/gotrack.pl\/#organization","name":"GOtrack","url":"https:\/\/gotrack.pl\/","logo":{"@type":"ImageObject","inLanguage":"de","@id":"https:\/\/gotrack.pl\/#\/schema\/logo\/image\/","url":"https:\/\/gotrack.pl\/wp-content\/uploads\/2022\/11\/logo-gotrack.jpg","contentUrl":"https:\/\/gotrack.pl\/wp-content\/uploads\/2022\/11\/logo-gotrack.jpg","width":206,"height":58,"caption":"GOtrack"},"image":{"@id":"https:\/\/gotrack.pl\/#\/schema\/logo\/image\/"},"sameAs":["https:\/\/www.facebook.com\/gotrackgps\/","https:\/\/www.youtube.com\/user\/gotrackpl"]}]}},"pbg_featured_image_src":{"full":false,"thumbnail":false,"medium":false,"medium_large":false,"large":false,"1536x1536":false,"2048x2048":false,"qr-code-photo":false,"home-bottom":false},"pbg_author_info":{"display_name":"admin","author_link":"https:\/\/gotrack.pl\/de\/author\/admin\/","author_img":"<img alt='admin' src='https:\/\/secure.gravatar.com\/avatar\/1eedd1b09d6474dacfe14ff0f4581d744ac9c2c9a9a8af1b47f6f8180d3e7951?s=128&#038;d=mm&#038;r=g' srcset='https:\/\/secure.gravatar.com\/avatar\/1eedd1b09d6474dacfe14ff0f4581d744ac9c2c9a9a8af1b47f6f8180d3e7951?s=256&#038;d=mm&#038;r=g 2x' class='avatar avatar-128 photo' height='128' width='128' loading='lazy' decoding='async'\/>"},"pbg_comment_info":" No Comments","pbg_excerpt":"H\u00e4ndler &#8211; Gotrack","_links":{"self":[{"href":"https:\/\/gotrack.pl\/de\/wp-json\/wp\/v2\/pages\/18953","targetHints":{"allow":["GET"]}}],"collection":[{"href":"https:\/\/gotrack.pl\/de\/wp-json\/wp\/v2\/pages"}],"about":[{"href":"https:\/\/gotrack.pl\/de\/wp-json\/wp\/v2\/types\/page"}],"author":[{"embeddable":true,"href":"https:\/\/gotrack.pl\/de\/wp-json\/wp\/v2\/users\/1"}],"replies":[{"embeddable":true,"href":"https:\/\/gotrack.pl\/de\/wp-json\/wp\/v2\/comments?post=18953"}],"version-history":[{"count":5,"href":"https:\/\/gotrack.pl\/de\/wp-json\/wp\/v2\/pages\/18953\/revisions"}],"predecessor-version":[{"id":18971,"href":"https:\/\/gotrack.pl\/de\/wp-json\/wp\/v2\/pages\/18953\/revisions\/18971"}],"wp:attachment":[{"href":"https:\/\/gotrack.pl\/de\/wp-json\/wp\/v2\/media?parent=18953"}],"curies":[{"name":"wp","href":"https:\/\/api.w.org\/{rel}","templated":true}]}}