{"id":18929,"date":"2022-11-21T09:45:06","date_gmt":"2022-11-21T08:45:06","guid":{"rendered":"https:\/\/gotrack.pl\/dealers-poland\/"},"modified":"2025-12-09T09:59:46","modified_gmt":"2025-12-09T08:59:46","slug":"handler-polen","status":"publish","type":"page","link":"https:\/\/gotrack.pl\/de\/handler-polen\/","title":{"rendered":"H\u00e4ndler &#8211; Polen"},"content":{"rendered":"\n<div style=\"height:21px\" aria-hidden=\"true\" class=\"wp-block-spacer\"><\/div>\n\n\n\n<div class=\"wp-block-columns container is-layout-flex wp-container-core-columns-is-layout-9d6595d7 wp-block-columns-is-layout-flex\">\n<div class=\"wp-block-column is-vertically-aligned-center is-layout-flow wp-block-column-is-layout-flow\" style=\"flex-basis:100%\">\n<div class=\"wp-block-group w-75 mx-auto\"><div class=\"wp-block-group__inner-container is-layout-constrained wp-block-group-is-layout-constrained\"><div><div id=\"image-map-pro-ad9bbc3a-303a-4dd5-a801-d56f99a571da\"><\/div><\/div>\n<\/div><\/div>\n<\/div>\n<\/div>\n\n\n\n<div class=\"wp-block-columns container is-layout-flex wp-container-core-columns-is-layout-9d6595d7 wp-block-columns-is-layout-flex\">\n<div class=\"wp-block-column is-layout-flow wp-block-column-is-layout-flow\">\n<h3 class=\"wp-block-heading\"><strong>Legende<\/strong><\/h3>\n\n\n\n<hr class=\"wp-block-separator has-alpha-channel-opacity\"\/>\n\n\n\n<div id=\"legenda\">\n    <div class=\"d-flex\">\n        <div style=\"background: #09cfdb;height: 20px;width: 20px;display: inline-block;margin-right: 4px;\"><\/div>\n        <div>Gotrack H\u00e4ndler<\/div>\n    <\/div>\n<\/div>\n<\/div>\n<\/div>\n\n\n\n<div class=\"wp-block-columns container mt-3 is-layout-flex wp-container-core-columns-is-layout-9d6595d7 wp-block-columns-is-layout-flex\">\n<div class=\"wp-block-column is-layout-flow wp-block-column-is-layout-flow\">\n<h3 class=\"wp-block-heading\"><strong>Werksverteilung<\/strong><\/h3>\n<\/div>\n<\/div>\n\n\n\n<div class=\"wp-block-columns container is-layout-flex wp-container-core-columns-is-layout-9d6595d7 wp-block-columns-is-layout-flex\">\n<div class=\"wp-block-column border shadow p-3 is-layout-flow wp-block-column-is-layout-flow\">\n<p><strong>KR\u00d3LIK Wies\u0142aw Kr\u00f3lik<\/strong><br>ul. Gr\u00f3jecka 52, 05-660 Warka<br>Tel. +48&nbsp;506&nbsp;896 700<br>Email. firma@wieslawkrolik.pl<br><a href=\"http:\/\/www.wieslawkrolik.pl\">www.wieslawkrolik.pl<\/a><\/p>\n<\/div>\n\n\n\n<div class=\"wp-block-column border shadow p-3 is-layout-flow wp-block-column-is-layout-flow\">\n<p><strong>Lisicki Sp. z o.o.<\/strong><br>ul. Wa\u0142owska 2, 96-200 Rawa Mazowiecka<br>Tel. +48&nbsp;668&nbsp;032 785<br>Email. estepniewski@lisickirawa.pl<br><a href=\"http:\/\/www.fmrlisicki.pl\">www.fmrlisicki.pl<\/a><\/p>\n<\/div>\n\n\n\n<div class=\"wp-block-column border shadow p-3 is-layout-flow wp-block-column-is-layout-flow\">\n<p><strong>HUSAR \u0141ukasz Dominiak<\/strong><br>Zimnice ul. Piekarska 44, 96-323 Osuch\u00f3w<br>Tel. +48&nbsp;501&nbsp;169 258<br>Email. biuro@opryskiwaczhusar.pl<br><a href=\"http:\/\/www.opryskiwaczhusar.pl\">www.opryskiwaczhusar.pl<\/a><\/p>\n<\/div>\n<\/div>\n\n\n\n<div class=\"wp-block-columns container is-layout-flex wp-container-core-columns-is-layout-9d6595d7 wp-block-columns-is-layout-flex\">\n<div class=\"wp-block-column border shadow p-3 is-layout-flow wp-block-column-is-layout-flow\">\n<p><strong>DOMINIAK Pawe\u0142 Dominiak<\/strong><br>Zimnice ul. Ogrodowa 2, 96-323 Osuch\u00f3w<br>Tel.+48&nbsp;781&nbsp;978 139<br>Email. Pawel.dominiak@wp.pl<br><a href=\"http:\/\/www.dominiak.com.pl\">www.dominiak.com.pl<\/a><\/p>\n<\/div>\n\n\n\n<div class=\"wp-block-column p-3 is-layout-flow wp-block-column-is-layout-flow\"><\/div>\n\n\n\n<div class=\"wp-block-column p-3 is-layout-flow wp-block-column-is-layout-flow\"><\/div>\n<\/div>\n\n\n\n<div class=\"wp-block-columns container mt-3 is-layout-flex wp-container-core-columns-is-layout-9d6595d7 wp-block-columns-is-layout-flex\">\n<div class=\"wp-block-column is-layout-flow wp-block-column-is-layout-flow\">\n<h3 class=\"wp-block-heading\"><strong>Vertrieb und Service<\/strong><\/h3>\n<\/div>\n<\/div>\n\n\n\n<div class=\"wp-block-columns container is-layout-flex wp-container-core-columns-is-layout-9d6595d7 wp-block-columns-is-layout-flex\">\n<div class=\"wp-block-column border shadow p-3 is-layout-flow wp-block-column-is-layout-flow\">\n<p><strong>TECHSAD Waldemar Jakubisiak<br><\/strong>Zofi\u00f3wka 26, 05-620 B\u0142\u0119d\u00f3w<br>Tel. +48&nbsp;48&nbsp;668 0236<br>Email. jakubisiak@techsad.pl<br><a href=\"http:\/\/www.techsad.pl\">www.techsad.pl<\/a><\/p>\n<\/div>\n\n\n\n<div class=\"wp-block-column border shadow p-3 is-layout-flow wp-block-column-is-layout-flow\">\n<p><strong>ROL-GOS \u015aliwi\u0144scy<\/strong><br>Chwa\u0142ki 72, 27-600 Sandomierz<br>Tel. +48&nbsp;782&nbsp;907 428<br>Email. rolgos@op.pl<br><a href=\"http:\/\/www.rolgos.com\">www.rolgos.com<\/a><\/p>\n<\/div>\n\n\n\n<div class=\"wp-block-column border shadow p-3 is-layout-flow wp-block-column-is-layout-flow\">\n<p><strong>Agronom Sp. z o.o.&nbsp;<\/strong><br>Jasionka 102, 21-200 Parczew<br>Tel. +48 506 064 656<br>Email.&nbsp;<a href=\"mailto:m.sobiesiak@agronom.com.pl\">m.sobiesiak@agronom.com.pl<\/a><br><a href=\"http:\/\/www.rolgos.com\/\">www.agronom.com.pl<\/a><\/p>\n<\/div>\n<\/div>\n","protected":false},"excerpt":{"rendered":"<p>Legende Gotrack H\u00e4ndler Werksverteilung KR\u00d3LIK Wies\u0142aw Kr\u00f3likul. Gr\u00f3jecka 52, 05-660 WarkaTel. +48&nbsp;506&nbsp;896 700Email. firma@wieslawkrolik.plwww.wieslawkrolik.pl Lisicki Sp. z o.o.ul. Wa\u0142owska 2, 96-200 Rawa MazowieckaTel. +48&nbsp;668&nbsp;032 785Email. estepniewski@lisickirawa.plwww.fmrlisicki.pl HUSAR \u0141ukasz DominiakZimnice ul. Piekarska 44, 96-323 Osuch\u00f3wTel. +48&nbsp;501&nbsp;169 258Email. biuro@opryskiwaczhusar.plwww.opryskiwaczhusar.pl DOMINIAK Pawe\u0142 DominiakZimnice ul. Ogrodowa 2, 96-323 Osuch\u00f3wTel.+48&nbsp;781&nbsp;978 139Email. Pawel.dominiak@wp.plwww.dominiak.com.pl Vertrieb und Service TECHSAD Waldemar JakubisiakZofi\u00f3wka 26, 05-620 [&hellip;]<\/p>\n","protected":false},"author":1,"featured_media":0,"parent":0,"menu_order":0,"comment_status":"closed","ping_status":"closed","template":"","meta":{"_acf_changed":false,"footnotes":""},"class_list":["post-18929","page","type-page","status-publish","hentry"],"acf":[],"yoast_head":"<!-- This site is optimized with the Yoast SEO plugin v27.4 - https:\/\/yoast.com\/product\/yoast-seo-wordpress\/ -->\n<title>H\u00e4ndler - Polen - GOtrack<\/title>\n<meta name=\"robots\" content=\"index, follow, max-snippet:-1, max-image-preview:large, max-video-preview:-1\" \/>\n<link rel=\"canonical\" href=\"https:\/\/gotrack.pl\/de\/handler-polen\/\" \/>\n<meta property=\"og:locale\" content=\"de_DE\" \/>\n<meta property=\"og:type\" content=\"article\" \/>\n<meta property=\"og:title\" content=\"H\u00e4ndler - Polen - GOtrack\" \/>\n<meta property=\"og:description\" content=\"Legende Gotrack H\u00e4ndler Werksverteilung KR\u00d3LIK Wies\u0142aw Kr\u00f3likul. Gr\u00f3jecka 52, 05-660 WarkaTel. +48&nbsp;506&nbsp;896 700Email. firma@wieslawkrolik.plwww.wieslawkrolik.pl Lisicki Sp. z o.o.ul. Wa\u0142owska 2, 96-200 Rawa MazowieckaTel. +48&nbsp;668&nbsp;032 785Email. estepniewski@lisickirawa.plwww.fmrlisicki.pl HUSAR \u0141ukasz DominiakZimnice ul. Piekarska 44, 96-323 Osuch\u00f3wTel. +48&nbsp;501&nbsp;169 258Email. biuro@opryskiwaczhusar.plwww.opryskiwaczhusar.pl DOMINIAK Pawe\u0142 DominiakZimnice ul. Ogrodowa 2, 96-323 Osuch\u00f3wTel.+48&nbsp;781&nbsp;978 139Email. Pawel.dominiak@wp.plwww.dominiak.com.pl Vertrieb und Service TECHSAD Waldemar JakubisiakZofi\u00f3wka 26, 05-620 [&hellip;]\" \/>\n<meta property=\"og:url\" content=\"https:\/\/gotrack.pl\/de\/handler-polen\/\" \/>\n<meta property=\"og:site_name\" content=\"GOtrack\" \/>\n<meta property=\"article:publisher\" content=\"https:\/\/www.facebook.com\/gotrackgps\/\" \/>\n<meta property=\"article:modified_time\" content=\"2025-12-09T08:59:46+00:00\" \/>\n<meta name=\"twitter:card\" content=\"summary_large_image\" \/>\n<meta name=\"twitter:label1\" content=\"Gesch\u00e4tzte Lesezeit\" \/>\n\t<meta name=\"twitter:data1\" content=\"1\u00a0Minute\" \/>\n<script type=\"application\/ld+json\" class=\"yoast-schema-graph\">{\"@context\":\"https:\\\/\\\/schema.org\",\"@graph\":[{\"@type\":\"WebPage\",\"@id\":\"https:\\\/\\\/gotrack.pl\\\/de\\\/handler-polen\\\/\",\"url\":\"https:\\\/\\\/gotrack.pl\\\/de\\\/handler-polen\\\/\",\"name\":\"H\u00e4ndler - Polen - GOtrack\",\"isPartOf\":{\"@id\":\"https:\\\/\\\/gotrack.pl\\\/#website\"},\"datePublished\":\"2022-11-21T08:45:06+00:00\",\"dateModified\":\"2025-12-09T08:59:46+00:00\",\"breadcrumb\":{\"@id\":\"https:\\\/\\\/gotrack.pl\\\/de\\\/handler-polen\\\/#breadcrumb\"},\"inLanguage\":\"de\",\"potentialAction\":[{\"@type\":\"ReadAction\",\"target\":[\"https:\\\/\\\/gotrack.pl\\\/de\\\/handler-polen\\\/\"]}]},{\"@type\":\"BreadcrumbList\",\"@id\":\"https:\\\/\\\/gotrack.pl\\\/de\\\/handler-polen\\\/#breadcrumb\",\"itemListElement\":[{\"@type\":\"ListItem\",\"position\":1,\"name\":\"Strona g\u0142\u00f3wna\",\"item\":\"https:\\\/\\\/gotrack.pl\\\/de\\\/\"},{\"@type\":\"ListItem\",\"position\":2,\"name\":\"H\u00e4ndler &#8211; Polen\"}]},{\"@type\":\"WebSite\",\"@id\":\"https:\\\/\\\/gotrack.pl\\\/#website\",\"url\":\"https:\\\/\\\/gotrack.pl\\\/\",\"name\":\"GOtrack\",\"description\":\"Producent system\u00f3w umo\u017cliwiaj\u0105cych precyzyjne, zdalne sterowanie maszynami, ci\u0105gnikami i urz\u0105dzeniami sadowniczymi.\",\"publisher\":{\"@id\":\"https:\\\/\\\/gotrack.pl\\\/#organization\"},\"potentialAction\":[{\"@type\":\"SearchAction\",\"target\":{\"@type\":\"EntryPoint\",\"urlTemplate\":\"https:\\\/\\\/gotrack.pl\\\/?s={search_term_string}\"},\"query-input\":{\"@type\":\"PropertyValueSpecification\",\"valueRequired\":true,\"valueName\":\"search_term_string\"}}],\"inLanguage\":\"de\"},{\"@type\":\"Organization\",\"@id\":\"https:\\\/\\\/gotrack.pl\\\/#organization\",\"name\":\"GOtrack\",\"url\":\"https:\\\/\\\/gotrack.pl\\\/\",\"logo\":{\"@type\":\"ImageObject\",\"inLanguage\":\"de\",\"@id\":\"https:\\\/\\\/gotrack.pl\\\/#\\\/schema\\\/logo\\\/image\\\/\",\"url\":\"https:\\\/\\\/gotrack.pl\\\/wp-content\\\/uploads\\\/2022\\\/11\\\/logo-gotrack.jpg\",\"contentUrl\":\"https:\\\/\\\/gotrack.pl\\\/wp-content\\\/uploads\\\/2022\\\/11\\\/logo-gotrack.jpg\",\"width\":206,\"height\":58,\"caption\":\"GOtrack\"},\"image\":{\"@id\":\"https:\\\/\\\/gotrack.pl\\\/#\\\/schema\\\/logo\\\/image\\\/\"},\"sameAs\":[\"https:\\\/\\\/www.facebook.com\\\/gotrackgps\\\/\",\"https:\\\/\\\/www.youtube.com\\\/user\\\/gotrackpl\"]}]}<\/script>\n<!-- \/ Yoast SEO plugin. -->","yoast_head_json":{"title":"H\u00e4ndler - Polen - GOtrack","robots":{"index":"index","follow":"follow","max-snippet":"max-snippet:-1","max-image-preview":"max-image-preview:large","max-video-preview":"max-video-preview:-1"},"canonical":"https:\/\/gotrack.pl\/de\/handler-polen\/","og_locale":"de_DE","og_type":"article","og_title":"H\u00e4ndler - Polen - GOtrack","og_description":"Legende Gotrack H\u00e4ndler Werksverteilung KR\u00d3LIK Wies\u0142aw Kr\u00f3likul. Gr\u00f3jecka 52, 05-660 WarkaTel. +48&nbsp;506&nbsp;896 700Email. firma@wieslawkrolik.plwww.wieslawkrolik.pl Lisicki Sp. z o.o.ul. Wa\u0142owska 2, 96-200 Rawa MazowieckaTel. +48&nbsp;668&nbsp;032 785Email. estepniewski@lisickirawa.plwww.fmrlisicki.pl HUSAR \u0141ukasz DominiakZimnice ul. Piekarska 44, 96-323 Osuch\u00f3wTel. +48&nbsp;501&nbsp;169 258Email. biuro@opryskiwaczhusar.plwww.opryskiwaczhusar.pl DOMINIAK Pawe\u0142 DominiakZimnice ul. Ogrodowa 2, 96-323 Osuch\u00f3wTel.+48&nbsp;781&nbsp;978 139Email. Pawel.dominiak@wp.plwww.dominiak.com.pl Vertrieb und Service TECHSAD Waldemar JakubisiakZofi\u00f3wka 26, 05-620 [&hellip;]","og_url":"https:\/\/gotrack.pl\/de\/handler-polen\/","og_site_name":"GOtrack","article_publisher":"https:\/\/www.facebook.com\/gotrackgps\/","article_modified_time":"2025-12-09T08:59:46+00:00","twitter_card":"summary_large_image","twitter_misc":{"Gesch\u00e4tzte Lesezeit":"1\u00a0Minute"},"schema":{"@context":"https:\/\/schema.org","@graph":[{"@type":"WebPage","@id":"https:\/\/gotrack.pl\/de\/handler-polen\/","url":"https:\/\/gotrack.pl\/de\/handler-polen\/","name":"H\u00e4ndler - Polen - GOtrack","isPartOf":{"@id":"https:\/\/gotrack.pl\/#website"},"datePublished":"2022-11-21T08:45:06+00:00","dateModified":"2025-12-09T08:59:46+00:00","breadcrumb":{"@id":"https:\/\/gotrack.pl\/de\/handler-polen\/#breadcrumb"},"inLanguage":"de","potentialAction":[{"@type":"ReadAction","target":["https:\/\/gotrack.pl\/de\/handler-polen\/"]}]},{"@type":"BreadcrumbList","@id":"https:\/\/gotrack.pl\/de\/handler-polen\/#breadcrumb","itemListElement":[{"@type":"ListItem","position":1,"name":"Strona g\u0142\u00f3wna","item":"https:\/\/gotrack.pl\/de\/"},{"@type":"ListItem","position":2,"name":"H\u00e4ndler &#8211; Polen"}]},{"@type":"WebSite","@id":"https:\/\/gotrack.pl\/#website","url":"https:\/\/gotrack.pl\/","name":"GOtrack","description":"Producent system\u00f3w umo\u017cliwiaj\u0105cych precyzyjne, zdalne sterowanie maszynami, ci\u0105gnikami i urz\u0105dzeniami sadowniczymi.","publisher":{"@id":"https:\/\/gotrack.pl\/#organization"},"potentialAction":[{"@type":"SearchAction","target":{"@type":"EntryPoint","urlTemplate":"https:\/\/gotrack.pl\/?s={search_term_string}"},"query-input":{"@type":"PropertyValueSpecification","valueRequired":true,"valueName":"search_term_string"}}],"inLanguage":"de"},{"@type":"Organization","@id":"https:\/\/gotrack.pl\/#organization","name":"GOtrack","url":"https:\/\/gotrack.pl\/","logo":{"@type":"ImageObject","inLanguage":"de","@id":"https:\/\/gotrack.pl\/#\/schema\/logo\/image\/","url":"https:\/\/gotrack.pl\/wp-content\/uploads\/2022\/11\/logo-gotrack.jpg","contentUrl":"https:\/\/gotrack.pl\/wp-content\/uploads\/2022\/11\/logo-gotrack.jpg","width":206,"height":58,"caption":"GOtrack"},"image":{"@id":"https:\/\/gotrack.pl\/#\/schema\/logo\/image\/"},"sameAs":["https:\/\/www.facebook.com\/gotrackgps\/","https:\/\/www.youtube.com\/user\/gotrackpl"]}]}},"pbg_featured_image_src":{"full":false,"thumbnail":false,"medium":false,"medium_large":false,"large":false,"1536x1536":false,"2048x2048":false,"home-bottom":false},"pbg_author_info":{"display_name":"admin","author_link":"https:\/\/gotrack.pl\/de\/author\/admin\/","author_img":"<img alt='admin' src='https:\/\/secure.gravatar.com\/avatar\/1eedd1b09d6474dacfe14ff0f4581d744ac9c2c9a9a8af1b47f6f8180d3e7951?s=128&#038;d=mm&#038;r=g' srcset='https:\/\/secure.gravatar.com\/avatar\/1eedd1b09d6474dacfe14ff0f4581d744ac9c2c9a9a8af1b47f6f8180d3e7951?s=256&#038;d=mm&#038;r=g 2x' class='avatar avatar-128 photo' height='128' width='128' loading='lazy' decoding='async'\/>"},"pbg_comment_info":" No Comments","pbg_excerpt":"Legende Gotrack H\u00e4ndler Werksverteilung KR\u00d3LIK Wies\u0142aw Kr\u00f3likul. Gr\u00f3jecka 52, 05-660 WarkaTel. +48&nbsp;506&nbsp;896 700Email. firma@wieslawkrolik.plwww.wieslawkrolik.pl Lisicki Sp. z o.o.ul. Wa\u0142owska 2, 96-200 Rawa MazowieckaTel. +48&nbsp;668&nbsp;032 785Email. estepniewski@lisickirawa.plwww.fmrlisicki.pl HUSAR \u0141ukasz DominiakZimnice ul. Piekarska 44, 96-323 Osuch\u00f3wTel. +48&nbsp;501&nbsp;169 258Email. biuro@opryskiwaczhusar.plwww.opryskiwaczhusar.pl DOMINIAK Pawe\u0142 DominiakZimnice ul. Ogrodowa 2, 96-323 Osuch\u00f3wTel.+48&nbsp;781&nbsp;978 139Email. Pawel.dominiak@wp.plwww.dominiak.com.pl Vertrieb und Service TECHSAD Waldemar JakubisiakZofi\u00f3wka 26, 05-620&hellip;","_links":{"self":[{"href":"https:\/\/gotrack.pl\/de\/wp-json\/wp\/v2\/pages\/18929","targetHints":{"allow":["GET"]}}],"collection":[{"href":"https:\/\/gotrack.pl\/de\/wp-json\/wp\/v2\/pages"}],"about":[{"href":"https:\/\/gotrack.pl\/de\/wp-json\/wp\/v2\/types\/page"}],"author":[{"embeddable":true,"href":"https:\/\/gotrack.pl\/de\/wp-json\/wp\/v2\/users\/1"}],"replies":[{"embeddable":true,"href":"https:\/\/gotrack.pl\/de\/wp-json\/wp\/v2\/comments?post=18929"}],"version-history":[{"count":7,"href":"https:\/\/gotrack.pl\/de\/wp-json\/wp\/v2\/pages\/18929\/revisions"}],"predecessor-version":[{"id":27041,"href":"https:\/\/gotrack.pl\/de\/wp-json\/wp\/v2\/pages\/18929\/revisions\/27041"}],"wp:attachment":[{"href":"https:\/\/gotrack.pl\/de\/wp-json\/wp\/v2\/media?parent=18929"}],"curies":[{"name":"wp","href":"https:\/\/api.w.org\/{rel}","templated":true}]}}