    {"id":18863,"date":"2022-10-29T01:06:29","date_gmt":"2022-10-28T23:06:29","guid":{"rendered":"https:\/\/gotrack.pl\/dealers-germany\/"},"modified":"2025-12-09T10:22:48","modified_gmt":"2025-12-09T09:22:48","slug":"haendler-deutschland","status":"publish","type":"page","link":"https:\/\/gotrack.pl\/de\/haendler-deutschland\/","title":{"rendered":"H\u00e4ndler &#8211; Deutschland"},"content":{"rendered":"\n<div style=\"height:21px\" aria-hidden=\"true\" class=\"wp-block-spacer\"><\/div>\n\n\n\n<p><\/p>\n\n\n\n<div class=\"wp-block-columns container is-layout-flex wp-container-core-columns-is-layout-9d6595d7 wp-block-columns-is-layout-flex\">\n<div class=\"wp-block-column is-vertically-aligned-center is-layout-flow wp-block-column-is-layout-flow\" style=\"flex-basis:100%\">\n<div class=\"wp-block-group w-50 mx-auto\"><div class=\"wp-block-group__inner-container is-layout-constrained wp-block-group-is-layout-constrained\"><div><div id=\"image-map-pro-6f703992-e96a-4c07-bb66-9992854dd976\"><\/div><\/div>\n<\/div><\/div>\n<\/div>\n<\/div>\n\n\n\n<div class=\"wp-block-columns container is-layout-flex wp-container-core-columns-is-layout-9d6595d7 wp-block-columns-is-layout-flex\">\n<div class=\"wp-block-column is-layout-flow wp-block-column-is-layout-flow\">\n<h3 class=\"wp-block-heading\"><strong>Legende<\/strong><\/h3>\n\n\n\n<hr class=\"wp-block-separator has-alpha-channel-opacity\"\/>\n\n\n\n<div id=\"legenda\">\n    <div class=\"d-flex\">\n        <div style=\"background: #09cfdb;height: 20px;width: 20px;display: inline-block;margin-right: 4px;\"><\/div>\n        <div>Gotrack H\u00e4ndler<\/div>\n    <\/div>\n<\/div>\n<\/div>\n<\/div>\n\n\n\n<div class=\"wp-block-columns container mt-3 is-layout-flex wp-container-core-columns-is-layout-9d6595d7 wp-block-columns-is-layout-flex\">\n<div class=\"wp-block-column is-layout-flow wp-block-column-is-layout-flow\">\n<h3 class=\"wp-block-heading\"><strong>Vertrieb und Service<\/strong><\/h3>\n<\/div>\n<\/div>\n\n\n\n<div class=\"wp-block-columns container is-layout-flex wp-container-core-columns-is-layout-9d6595d7 wp-block-columns-is-layout-flex\">\n<div class=\"wp-block-column border shadow p-3 is-layout-flow wp-block-column-is-layout-flow\">\n<p><strong>BROCKMANN LANDTECHNIK<br><\/strong>Peter BrockmannOstfeld 14, 21635 Jork<br>Tel. +49&nbsp;416 260 000<br>Email. <a href=\"mailto:info@brockmann-landtechnik.de\">info@brockmann-landtechnik.de<\/a><br><a href=\"http:\/\/www.brockmann-landtechnik.de\">www.brockmann-landtechnik.de<\/a><\/p>\n<\/div>\n\n\n\n<div class=\"wp-block-column border shadow p-3 is-layout-flow wp-block-column-is-layout-flow\">\n<p><strong>OBSTBAUTECHNIK BODENSEE<br><\/strong>Stefan HaasSelmnau 8a, 88142 Wasserburg<br>Tel.  +49 175 1659 995<br>Email.  <a href=\"mailto:info@obstbautechnik-bodensee.de\">info@obstbautechnik-bodensee.de<\/a><br><a href=\"http:\/\/www.obstbautechnik-bodensee.de\">www.obstbautechnik-bodensee.de<\/a><\/p>\n<\/div>\n\n\n\n<div class=\"wp-block-column border shadow p-3 is-layout-flow wp-block-column-is-layout-flow\">\n<p><strong>AGRAVIS Technik Lenne-Lippe GmbH<br><\/strong>S\u00f6ren WitteHammer Str. 92, 59269 Beckum<br>Tel. +49&nbsp;172&nbsp;534 6869<br>Email. <a href=\"mailto:Soeren.witte@agravis.de\">Soeren.witte@agravis.de<\/a><br><a href=\"http:\/\/www.agravis-technik-lenne-lippe.de\">www.agravis-technik-lenne-lippe.de<\/a><\/p>\n<\/div>\n<\/div>\n\n\n\n<div class=\"wp-block-columns container is-layout-flex wp-container-core-columns-is-layout-9d6595d7 wp-block-columns-is-layout-flex\">\n<div class=\"wp-block-column border shadow p-3 is-layout-flow wp-block-column-is-layout-flow\">\n<p><strong>LAND- UND GARTENTECHNIK GEMMRICH<br><\/strong>G\u00fcnther GemmrichR\u00f6telstrasse 13, 74172 Neckarsulm<br>Tel. +49 7132 922 730<br>Email. <a href=\"mailto:info@gemmrich-landtechnik.de\">info@gemmrich-landtechnik.de<\/a><br>Web. &nbsp;&nbsp;&nbsp; <a href=\"http:\/\/www.gemmrich-landtechnik.de\">www.gemmrich-landtechnik.de<\/a><\/p>\n<\/div>\n\n\n\n<div class=\"wp-block-column p-3 is-layout-flow wp-block-column-is-layout-flow\"><\/div>\n\n\n\n<div class=\"wp-block-column p-3 is-layout-flow wp-block-column-is-layout-flow\"><\/div>\n<\/div>\n","protected":false},"excerpt":{"rendered":"<p>Legende Gotrack H\u00e4ndler Vertrieb und Service BROCKMANN LANDTECHNIKPeter BrockmannOstfeld 14, 21635 JorkTel. +49&nbsp;416 260 000Email. info@brockmann-landtechnik.dewww.brockmann-landtechnik.de OBSTBAUTECHNIK BODENSEEStefan HaasSelmnau 8a, 88142 WasserburgTel. +49 175 1659 995Email. info@obstbautechnik-bodensee.dewww.obstbautechnik-bodensee.de AGRAVIS Technik Lenne-Lippe GmbHS\u00f6ren WitteHammer Str. 92, 59269 BeckumTel. +49&nbsp;172&nbsp;534 6869Email. Soeren.witte@agravis.dewww.agravis-technik-lenne-lippe.de LAND- UND GARTENTECHNIK GEMMRICHG\u00fcnther GemmrichR\u00f6telstrasse 13, 74172 NeckarsulmTel. +49 7132 922 730Email. info@gemmrich-landtechnik.deWeb. &nbsp;&nbsp;&nbsp; www.gemmrich-landtechnik.de<\/p>\n","protected":false},"author":1,"featured_media":0,"parent":0,"menu_order":0,"comment_status":"closed","ping_status":"closed","template":"","meta":{"_acf_changed":false,"footnotes":""},"class_list":["post-18863","page","type-page","status-publish","hentry"],"acf":[],"yoast_head":"<!-- This site is optimized with the Yoast SEO plugin v26.6 - https:\/\/yoast.com\/wordpress\/plugins\/seo\/ -->\n<title>H\u00e4ndler - Deutschland - GOtrack<\/title>\n<meta name=\"robots\" content=\"index, follow, max-snippet:-1, max-image-preview:large, max-video-preview:-1\" \/>\n<link rel=\"canonical\" href=\"https:\/\/gotrack.pl\/de\/haendler-deutschland\/\" \/>\n<meta property=\"og:locale\" content=\"de_DE\" \/>\n<meta property=\"og:type\" content=\"article\" \/>\n<meta property=\"og:title\" content=\"H\u00e4ndler - Deutschland - GOtrack\" \/>\n<meta property=\"og:description\" content=\"Legende Gotrack H\u00e4ndler Vertrieb und Service BROCKMANN LANDTECHNIKPeter BrockmannOstfeld 14, 21635 JorkTel. +49&nbsp;416 260 000Email. info@brockmann-landtechnik.dewww.brockmann-landtechnik.de OBSTBAUTECHNIK BODENSEEStefan HaasSelmnau 8a, 88142 WasserburgTel. +49 175 1659 995Email. info@obstbautechnik-bodensee.dewww.obstbautechnik-bodensee.de AGRAVIS Technik Lenne-Lippe GmbHS\u00f6ren WitteHammer Str. 92, 59269 BeckumTel. +49&nbsp;172&nbsp;534 6869Email. Soeren.witte@agravis.dewww.agravis-technik-lenne-lippe.de LAND- UND GARTENTECHNIK GEMMRICHG\u00fcnther GemmrichR\u00f6telstrasse 13, 74172 NeckarsulmTel. +49 7132 922 730Email. info@gemmrich-landtechnik.deWeb. &nbsp;&nbsp;&nbsp; www.gemmrich-landtechnik.de\" \/>\n<meta property=\"og:url\" content=\"https:\/\/gotrack.pl\/de\/haendler-deutschland\/\" \/>\n<meta property=\"og:site_name\" content=\"GOtrack\" \/>\n<meta property=\"article:publisher\" content=\"https:\/\/www.facebook.com\/gotrackgps\/\" \/>\n<meta property=\"article:modified_time\" content=\"2025-12-09T09:22:48+00:00\" \/>\n<meta name=\"twitter:card\" content=\"summary_large_image\" \/>\n<meta name=\"twitter:label1\" content=\"Gesch\u00e4tzte Lesezeit\" \/>\n\t<meta name=\"twitter:data1\" content=\"1\u00a0Minute\" \/>\n<script type=\"application\/ld+json\" class=\"yoast-schema-graph\">{\"@context\":\"https:\/\/schema.org\",\"@graph\":[{\"@type\":\"WebPage\",\"@id\":\"https:\/\/gotrack.pl\/de\/haendler-deutschland\/\",\"url\":\"https:\/\/gotrack.pl\/de\/haendler-deutschland\/\",\"name\":\"H\u00e4ndler - Deutschland - GOtrack\",\"isPartOf\":{\"@id\":\"https:\/\/gotrack.pl\/#website\"},\"datePublished\":\"2022-10-28T23:06:29+00:00\",\"dateModified\":\"2025-12-09T09:22:48+00:00\",\"breadcrumb\":{\"@id\":\"https:\/\/gotrack.pl\/de\/haendler-deutschland\/#breadcrumb\"},\"inLanguage\":\"de\",\"potentialAction\":[{\"@type\":\"ReadAction\",\"target\":[\"https:\/\/gotrack.pl\/de\/haendler-deutschland\/\"]}]},{\"@type\":\"BreadcrumbList\",\"@id\":\"https:\/\/gotrack.pl\/de\/haendler-deutschland\/#breadcrumb\",\"itemListElement\":[{\"@type\":\"ListItem\",\"position\":1,\"name\":\"Strona g\u0142\u00f3wna\",\"item\":\"https:\/\/gotrack.pl\/de\/\"},{\"@type\":\"ListItem\",\"position\":2,\"name\":\"H\u00e4ndler &#8211; Deutschland\"}]},{\"@type\":\"WebSite\",\"@id\":\"https:\/\/gotrack.pl\/#website\",\"url\":\"https:\/\/gotrack.pl\/\",\"name\":\"GOtrack\",\"description\":\"Producent system\u00f3w umo\u017cliwiaj\u0105cych precyzyjne, zdalne sterowanie maszynami, ci\u0105gnikami i urz\u0105dzeniami sadowniczymi.\",\"publisher\":{\"@id\":\"https:\/\/gotrack.pl\/#organization\"},\"potentialAction\":[{\"@type\":\"SearchAction\",\"target\":{\"@type\":\"EntryPoint\",\"urlTemplate\":\"https:\/\/gotrack.pl\/?s={search_term_string}\"},\"query-input\":{\"@type\":\"PropertyValueSpecification\",\"valueRequired\":true,\"valueName\":\"search_term_string\"}}],\"inLanguage\":\"de\"},{\"@type\":\"Organization\",\"@id\":\"https:\/\/gotrack.pl\/#organization\",\"name\":\"GOtrack\",\"url\":\"https:\/\/gotrack.pl\/\",\"logo\":{\"@type\":\"ImageObject\",\"inLanguage\":\"de\",\"@id\":\"https:\/\/gotrack.pl\/#\/schema\/logo\/image\/\",\"url\":\"https:\/\/gotrack.pl\/wp-content\/uploads\/2022\/11\/logo-gotrack.jpg\",\"contentUrl\":\"https:\/\/gotrack.pl\/wp-content\/uploads\/2022\/11\/logo-gotrack.jpg\",\"width\":206,\"height\":58,\"caption\":\"GOtrack\"},\"image\":{\"@id\":\"https:\/\/gotrack.pl\/#\/schema\/logo\/image\/\"},\"sameAs\":[\"https:\/\/www.facebook.com\/gotrackgps\/\",\"https:\/\/www.youtube.com\/user\/gotrackpl\"]}]}<\/script>\n<!-- \/ Yoast SEO plugin. -->","yoast_head_json":{"title":"H\u00e4ndler - Deutschland - GOtrack","robots":{"index":"index","follow":"follow","max-snippet":"max-snippet:-1","max-image-preview":"max-image-preview:large","max-video-preview":"max-video-preview:-1"},"canonical":"https:\/\/gotrack.pl\/de\/haendler-deutschland\/","og_locale":"de_DE","og_type":"article","og_title":"H\u00e4ndler - Deutschland - GOtrack","og_description":"Legende Gotrack H\u00e4ndler Vertrieb und Service BROCKMANN LANDTECHNIKPeter BrockmannOstfeld 14, 21635 JorkTel. +49&nbsp;416 260 000Email. info@brockmann-landtechnik.dewww.brockmann-landtechnik.de OBSTBAUTECHNIK BODENSEEStefan HaasSelmnau 8a, 88142 WasserburgTel. +49 175 1659 995Email. info@obstbautechnik-bodensee.dewww.obstbautechnik-bodensee.de AGRAVIS Technik Lenne-Lippe GmbHS\u00f6ren WitteHammer Str. 92, 59269 BeckumTel. +49&nbsp;172&nbsp;534 6869Email. Soeren.witte@agravis.dewww.agravis-technik-lenne-lippe.de LAND- UND GARTENTECHNIK GEMMRICHG\u00fcnther GemmrichR\u00f6telstrasse 13, 74172 NeckarsulmTel. +49 7132 922 730Email. info@gemmrich-landtechnik.deWeb. &nbsp;&nbsp;&nbsp; www.gemmrich-landtechnik.de","og_url":"https:\/\/gotrack.pl\/de\/haendler-deutschland\/","og_site_name":"GOtrack","article_publisher":"https:\/\/www.facebook.com\/gotrackgps\/","article_modified_time":"2025-12-09T09:22:48+00:00","twitter_card":"summary_large_image","twitter_misc":{"Gesch\u00e4tzte Lesezeit":"1\u00a0Minute"},"schema":{"@context":"https:\/\/schema.org","@graph":[{"@type":"WebPage","@id":"https:\/\/gotrack.pl\/de\/haendler-deutschland\/","url":"https:\/\/gotrack.pl\/de\/haendler-deutschland\/","name":"H\u00e4ndler - Deutschland - GOtrack","isPartOf":{"@id":"https:\/\/gotrack.pl\/#website"},"datePublished":"2022-10-28T23:06:29+00:00","dateModified":"2025-12-09T09:22:48+00:00","breadcrumb":{"@id":"https:\/\/gotrack.pl\/de\/haendler-deutschland\/#breadcrumb"},"inLanguage":"de","potentialAction":[{"@type":"ReadAction","target":["https:\/\/gotrack.pl\/de\/haendler-deutschland\/"]}]},{"@type":"BreadcrumbList","@id":"https:\/\/gotrack.pl\/de\/haendler-deutschland\/#breadcrumb","itemListElement":[{"@type":"ListItem","position":1,"name":"Strona g\u0142\u00f3wna","item":"https:\/\/gotrack.pl\/de\/"},{"@type":"ListItem","position":2,"name":"H\u00e4ndler &#8211; Deutschland"}]},{"@type":"WebSite","@id":"https:\/\/gotrack.pl\/#website","url":"https:\/\/gotrack.pl\/","name":"GOtrack","description":"Producent system\u00f3w umo\u017cliwiaj\u0105cych precyzyjne, zdalne sterowanie maszynami, ci\u0105gnikami i urz\u0105dzeniami sadowniczymi.","publisher":{"@id":"https:\/\/gotrack.pl\/#organization"},"potentialAction":[{"@type":"SearchAction","target":{"@type":"EntryPoint","urlTemplate":"https:\/\/gotrack.pl\/?s={search_term_string}"},"query-input":{"@type":"PropertyValueSpecification","valueRequired":true,"valueName":"search_term_string"}}],"inLanguage":"de"},{"@type":"Organization","@id":"https:\/\/gotrack.pl\/#organization","name":"GOtrack","url":"https:\/\/gotrack.pl\/","logo":{"@type":"ImageObject","inLanguage":"de","@id":"https:\/\/gotrack.pl\/#\/schema\/logo\/image\/","url":"https:\/\/gotrack.pl\/wp-content\/uploads\/2022\/11\/logo-gotrack.jpg","contentUrl":"https:\/\/gotrack.pl\/wp-content\/uploads\/2022\/11\/logo-gotrack.jpg","width":206,"height":58,"caption":"GOtrack"},"image":{"@id":"https:\/\/gotrack.pl\/#\/schema\/logo\/image\/"},"sameAs":["https:\/\/www.facebook.com\/gotrackgps\/","https:\/\/www.youtube.com\/user\/gotrackpl"]}]}},"pbg_featured_image_src":{"full":false,"thumbnail":false,"medium":false,"medium_large":false,"large":false,"1536x1536":false,"2048x2048":false,"qr-code-photo":false,"home-bottom":false},"pbg_author_info":{"display_name":"admin","author_link":"https:\/\/gotrack.pl\/de\/author\/admin\/","author_img":"<img alt='admin' src='https:\/\/secure.gravatar.com\/avatar\/1eedd1b09d6474dacfe14ff0f4581d744ac9c2c9a9a8af1b47f6f8180d3e7951?s=128&#038;d=mm&#038;r=g' srcset='https:\/\/secure.gravatar.com\/avatar\/1eedd1b09d6474dacfe14ff0f4581d744ac9c2c9a9a8af1b47f6f8180d3e7951?s=256&#038;d=mm&#038;r=g 2x' class='avatar avatar-128 photo' height='128' width='128' loading='lazy' decoding='async'\/>"},"pbg_comment_info":" No Comments","pbg_excerpt":"Legende Gotrack H\u00e4ndler Vertrieb und Service BROCKMANN LANDTECHNIKPeter BrockmannOstfeld 14, 21635 JorkTel. +49&nbsp;416 260 000Email. info@brockmann-landtechnik.dewww.brockmann-landtechnik.de OBSTBAUTECHNIK BODENSEEStefan HaasSelmnau 8a, 88142 WasserburgTel. +49 175 1659 995Email. info@obstbautechnik-bodensee.dewww.obstbautechnik-bodensee.de AGRAVIS Technik Lenne-Lippe GmbHS\u00f6ren WitteHammer Str. 92, 59269 BeckumTel. +49&nbsp;172&nbsp;534 6869Email. Soeren.witte@agravis.dewww.agravis-technik-lenne-lippe.de LAND- UND GARTENTECHNIK GEMMRICHG\u00fcnther GemmrichR\u00f6telstrasse 13, 74172 NeckarsulmTel. +49 7132 922 730Email. info@gemmrich-landtechnik.deWeb. &nbsp;&nbsp;&nbsp; www.gemmrich-landtechnik.de","_links":{"self":[{"href":"https:\/\/gotrack.pl\/de\/wp-json\/wp\/v2\/pages\/18863","targetHints":{"allow":["GET"]}}],"collection":[{"href":"https:\/\/gotrack.pl\/de\/wp-json\/wp\/v2\/pages"}],"about":[{"href":"https:\/\/gotrack.pl\/de\/wp-json\/wp\/v2\/types\/page"}],"author":[{"embeddable":true,"href":"https:\/\/gotrack.pl\/de\/wp-json\/wp\/v2\/users\/1"}],"replies":[{"embeddable":true,"href":"https:\/\/gotrack.pl\/de\/wp-json\/wp\/v2\/comments?post=18863"}],"version-history":[{"count":3,"href":"https:\/\/gotrack.pl\/de\/wp-json\/wp\/v2\/pages\/18863\/revisions"}],"predecessor-version":[{"id":27056,"href":"https:\/\/gotrack.pl\/de\/wp-json\/wp\/v2\/pages\/18863\/revisions\/27056"}],"wp:attachment":[{"href":"https:\/\/gotrack.pl\/de\/wp-json\/wp\/v2\/media?parent=18863"}],"curies":[{"name":"wp","href":"https:\/\/api.w.org\/{rel}","templated":true}]}}