    {"id":17975,"date":"2022-10-03T13:29:40","date_gmt":"2022-10-03T11:29:40","guid":{"rendered":"https:\/\/gotrack.pl\/oprogramowanie\/"},"modified":"2025-01-07T19:04:19","modified_gmt":"2025-01-07T18:04:19","slug":"software","status":"publish","type":"page","link":"https:\/\/gotrack.pl\/de\/software\/","title":{"rendered":"Software"},"content":{"rendered":"\n<div style=\"height:44px\" aria-hidden=\"true\" class=\"wp-block-spacer d-none d-mb-block\"><\/div>\n\n\n\n<div class=\"wp-block-columns container is-layout-flex wp-container-core-columns-is-layout-9d6595d7 wp-block-columns-is-layout-flex\" id=\"GOtrack-VIMS\">\n<div class=\"wp-block-column is-vertically-aligned-center order-2 order-md-1 is-layout-flow wp-block-column-is-layout-flow\" style=\"flex-basis:50%\" id=\"vims\">\n<h2 class=\"wp-block-heading has-black-color has-text-color has-link-color wp-elements-95c33287c1cdb0a3bba7957fa1b93e0b\"><strong>GOtrack Farm MANAGER<\/strong><div><span style=\"box-sizing: border-box; font-weight: bolder;\"><\/span><\/div><\/h2>\n\n\n\n<p><strong>Flottenverwaltungsmanager<\/strong><br>Dieses Tool wurde f\u00fcr gro\u00dffl\u00e4chige Benutzer entwickelt. Die App eignet sich f\u00fcr die Fern\u00fcberwachung und -verwaltung vieler autonomer Fahrzeugen Auto DRIVE und Pr\u00e4zisionsspritzsysteme e-Spray PRO- und e-Spray GSM mit GPS-Assist.<\/p>\n\n\n\n<p>Agronomen und Managers, die die Arbeit in gro\u00dfen landwirtschaftlichen Betrieben verwalten, erhalten ein gutes Werkzeug zur Verbesserung der Arbeit und erhalten eine gro\u00dfe Menge wichtiger Informationen zu derzeit durchgef\u00fchrten Behandlungen.<\/p>\n\n\n\n<p>Der Zugriff auf historische Daten und Berichte erleichtert erheblich die Erstellung von Analysen und Prognosen f\u00fcr nachfolgende Zeitr\u00e4ume und Saisons.<\/p>\n\n\n\n<p><strong>Anwendung<\/strong>: F\u00fcr mittlere und gro\u00dffl\u00e4chige Benutzer<\/p>\n\n\n\n<p><strong>Zugriff<\/strong>:&nbsp;<a href=\"http:\/\/app.gotrack.pl\" target=\"_blank\" rel=\"noreferrer noopener\">app.gotrack.pl<\/a><\/p>\n\n\n\n<div class=\"wp-block-buttons is-layout-flex wp-block-buttons-is-layout-flex\">\n<div class=\"wp-block-button\"><a class=\"wp-block-button__link wp-element-button\" href=\"https:\/\/gotrack.pl\/de\/kontakt\/?product=GOtrack-VIMS\">Fragen Sie nach einem Produkt<\/a><\/div>\n<\/div>\n<\/div>\n\n\n\n<div class=\"wp-block-column order-1 order-md-2 is-layout-flow wp-block-column-is-layout-flow\" style=\"flex-basis:50%\">\n<figure class=\"wp-block-image size-full\"><img loading=\"lazy\" decoding=\"async\" width=\"714\" height=\"667\" src=\"https:\/\/gotrack.pl\/wp-content\/uploads\/2024\/10\/software-baner-podstrona-GOtrack-Farm-MANAGER.png\" alt=\"\" class=\"wp-image-24758\" srcset=\"https:\/\/gotrack.pl\/wp-content\/uploads\/2024\/10\/software-baner-podstrona-GOtrack-Farm-MANAGER.png 714w, https:\/\/gotrack.pl\/wp-content\/uploads\/2024\/10\/software-baner-podstrona-GOtrack-Farm-MANAGER-300x280.png 300w\" sizes=\"auto, (max-width: 714px) 100vw, 714px\" \/><\/figure>\n<\/div>\n<\/div>\n\n\n\n<div class=\"wp-block-cover is-light\" id=\"GOtrack-App\"><span aria-hidden=\"true\" class=\"wp-block-cover__background has-white-background-color has-background-dim-100 has-background-dim\"><\/span><div class=\"wp-block-cover__inner-container is-layout-flow wp-block-cover-is-layout-flow\">\n<div class=\"wp-block-columns container is-layout-flex wp-container-core-columns-is-layout-9d6595d7 wp-block-columns-is-layout-flex\">\n<div class=\"wp-block-column is-layout-flow wp-block-column-is-layout-flow\" style=\"flex-basis:50%\" id=\"gotrack_app\">\n<figure class=\"wp-block-image size-full\"><img loading=\"lazy\" decoding=\"async\" width=\"714\" height=\"667\" src=\"https:\/\/gotrack.pl\/wp-content\/uploads\/2024\/10\/software-baner-podstrona-GOtrack-APP-1.png\" alt=\"\" class=\"wp-image-24779\" srcset=\"https:\/\/gotrack.pl\/wp-content\/uploads\/2024\/10\/software-baner-podstrona-GOtrack-APP-1.png 714w, https:\/\/gotrack.pl\/wp-content\/uploads\/2024\/10\/software-baner-podstrona-GOtrack-APP-1-300x280.png 300w\" sizes=\"auto, (max-width: 714px) 100vw, 714px\" \/><\/figure>\n<\/div>\n\n\n\n<div class=\"wp-block-column is-vertically-aligned-center is-layout-flow wp-block-column-is-layout-flow\" style=\"flex-basis:50%\">\n<figure class=\"wp-block-image size-full is-resized\"><img loading=\"lazy\" decoding=\"async\" width=\"144\" height=\"144\" src=\"https:\/\/gotrack.pl\/wp-content\/uploads\/2022\/10\/gotrack-app-1.png\" alt=\"\" class=\"wp-image-7568\" style=\"width:72px;height:72px\"\/><\/figure>\n\n\n\n<h2 class=\"wp-block-heading\"><strong>GOtrack App<\/strong> <\/h2>\n\n\n\n<p><strong>App f\u00fcr mobile Ger\u00e4te<br><\/strong>\u00dcberwachung der Arbeit von fernnavigierten GOtrack-Produkten. Der Zugriff auf Informationen erfolgt \u00fcber einen Cloud-Server, auf dem die Daten verarbeitet werden. Die wichtigsten Parameter f\u00fcr den Nutzer werden auf dem Bildschirm seines Smartphones angezeigt. Das ist ein pr\u00e4zises Echtzeit-Monitoring.<\/p>\n\n\n\n<p>Die App ist f\u00fcr Benutzer von Auto DRIVE, e-Spray Pro und e-Spray GSM mit GPS Assist. Sie bietet sofortigen Zugriff auf Daten, wie Fahrgeschwindigkeit, Fl\u00fcssigkeitsdurchfluss, Fl\u00fcssigkeitsstand im Tank der Spritze, Warnungen, aktuelle Fahrzeugposition, die auf der Google-Karte sichtbar ist.<\/p>\n\n\n\n<p>\u00dcber die App kann der Benutzer das System aus der Ferne ein- und ausschalten und die Maschine genau lokalisieren. Das Tool bietet die M\u00f6glichkeit, die Software von GOtrack-Produkten automatisch zu aktualisieren.<br><\/p>\n\n\n\n<p><strong>Anwendung<\/strong>: F\u00fcr individuelle Benutzer<\/p>\n\n\n\n<div class=\"wp-block-buttons is-layout-flex wp-block-buttons-is-layout-flex\">\n<div class=\"wp-block-button\"><a class=\"wp-block-button__link wp-element-button\" href=\"https:\/\/gotrack.pl\/de\/kontakt\/?product=GOtrack-App\">Fragen Sie nach einem Produkt<\/a><\/div>\n\n\n\n<div class=\"wp-block-button\"><a class=\"wp-block-button__link wp-element-button\" href=\"https:\/\/play.google.com\/store\/apps\/details?id=pl.gotrack.mobile&amp;gl=PL\">Von Google Play herunterladen<\/a><\/div>\n<\/div>\n\n\n\n<figure class=\"wp-block-image size-full is-resized\"><img loading=\"lazy\" decoding=\"async\" width=\"394\" height=\"124\" src=\"https:\/\/gotrack.pl\/wp-content\/uploads\/2022\/10\/Pobierz-z-Google-play-system-android-na-androida.png\" alt=\"\" class=\"wp-image-6860\" style=\"width:188px;height:59px\" srcset=\"https:\/\/gotrack.pl\/wp-content\/uploads\/2022\/10\/Pobierz-z-Google-play-system-android-na-androida.png 394w, https:\/\/gotrack.pl\/wp-content\/uploads\/2022\/10\/Pobierz-z-Google-play-system-android-na-androida-300x94.png 300w\" sizes=\"auto, (max-width: 394px) 100vw, 394px\" \/><\/figure>\n<\/div>\n<\/div>\n<\/div><\/div>\n\n\n\n<div style=\"height:45px\" aria-hidden=\"true\" class=\"wp-block-spacer\"><\/div>\n\n\n\n<div class=\"wp-block-cover is-light\" id=\"GOtrack-configuration\"><span aria-hidden=\"true\" class=\"wp-block-cover__background has-white-background-color has-background-dim-100 has-background-dim\"><\/span><div class=\"wp-block-cover__inner-container is-layout-flow wp-block-cover-is-layout-flow\">\n<div class=\"wp-block-columns container is-layout-flex wp-container-core-columns-is-layout-9d6595d7 wp-block-columns-is-layout-flex\">\n<div class=\"wp-block-column is-vertically-aligned-center order-2 order-md-1 is-layout-flow wp-block-column-is-layout-flow\" id=\"gotrack_configuration\">\n<figure class=\"wp-block-image size-full is-resized\"><img loading=\"lazy\" decoding=\"async\" width=\"144\" height=\"144\" src=\"https:\/\/gotrack.pl\/wp-content\/uploads\/2022\/10\/gotrack-con.png\" alt=\"\" class=\"wp-image-7577\" style=\"width:72px;height:72px\"\/><\/figure>\n\n\n\n<h2 class=\"wp-block-heading\"><strong>GOtrack Konfiguration<\/strong><\/h2>\n\n\n\n<p><strong>Servicetool f\u00fcr H\u00e4ndler<\/strong><\/p>\n\n\n\n<p>Die GOtrack-Konfigurationsapp ist ein Tool f\u00fcr den technischen Service und H\u00e4ndler, die GOtrack-Systeme installieren und betreiben.<\/p>\n\n\n\n<p>Die App eignet sich f\u00fcr die Android-Smartphones. GOtrack-Steuerger\u00e4te kommunizieren via Bluetooth mit dem Smartphone des Servicetechnikers.<\/p>\n\n\n\n<p>Softwarebenutzer haben Zugriff auf die vollst\u00e4ndige Diagnose von GOtrack-Ger\u00e4ten, k\u00f6nnen einzelne Systemkomponenten einstellen und kalibrieren. Diese App wurde zur Unterst\u00fctzung von Produkten wie Remote CONTROL, Line ASSIST, Auto DRIVE. Sie wird auch verwendet, um einzelne Kunden zu unterst\u00fctzen, die vom Helpdesk des Herstellers bedient werden.<\/p>\n\n\n\n<p><strong>Anwendung<\/strong>: F\u00fcr das technische Service<\/p>\n\n\n\n<div class=\"wp-block-buttons is-layout-flex wp-block-buttons-is-layout-flex\">\n<div class=\"wp-block-button\"><a class=\"wp-block-button__link wp-element-button\" href=\"https:\/\/gotrack.pl\/de\/kontakt\/?product=GOtrack-configuration\">Fragen Sie nach einem Produkt<\/a><\/div>\n\n\n\n<div class=\"wp-block-button\"><a class=\"wp-block-button__link wp-element-button\" href=\"https:\/\/gotrack.pl\/download\/\">App herunterladen<\/a><\/div>\n<\/div>\n\n\n\n<div class=\"wp-block-buttons is-layout-flex wp-block-buttons-is-layout-flex\"><\/div>\n<\/div>\n\n\n\n<div class=\"wp-block-column order-1 order-md-2 is-layout-flow wp-block-column-is-layout-flow\">\n<figure class=\"wp-block-image size-full\"><img loading=\"lazy\" decoding=\"async\" width=\"748\" height=\"707\" src=\"https:\/\/gotrack.pl\/wp-content\/uploads\/2022\/10\/gotrack-config.jpg\" alt=\"\" class=\"wp-image-7670\" srcset=\"https:\/\/gotrack.pl\/wp-content\/uploads\/2022\/10\/gotrack-config.jpg 748w, https:\/\/gotrack.pl\/wp-content\/uploads\/2022\/10\/gotrack-config-300x284.jpg 300w\" sizes=\"auto, (max-width: 748px) 100vw, 748px\" \/><\/figure>\n<\/div>\n<\/div>\n<\/div><\/div>\n\n\n\n<p><\/p>\n","protected":false},"excerpt":{"rendered":"<p>GOtrack Farm MANAGER FlottenverwaltungsmanagerDieses Tool wurde f\u00fcr gro\u00dffl\u00e4chige Benutzer entwickelt. Die App eignet sich f\u00fcr die Fern\u00fcberwachung und -verwaltung vieler autonomer Fahrzeugen Auto DRIVE und Pr\u00e4zisionsspritzsysteme e-Spray PRO- und e-Spray GSM mit GPS-Assist. Agronomen und Managers, die die Arbeit in gro\u00dfen landwirtschaftlichen Betrieben verwalten, erhalten ein gutes Werkzeug zur Verbesserung der Arbeit und erhalten eine [&hellip;]<\/p>\n","protected":false},"author":1,"featured_media":0,"parent":0,"menu_order":0,"comment_status":"closed","ping_status":"closed","template":"","meta":{"_acf_changed":false,"footnotes":""},"class_list":["post-17975","page","type-page","status-publish","hentry"],"acf":[],"yoast_head":"<!-- This site is optimized with the Yoast SEO plugin v26.6 - https:\/\/yoast.com\/wordpress\/plugins\/seo\/ -->\n<title>Software - GOtrack<\/title>\n<meta name=\"description\" content=\"GOtrack Farm MANAGER Fahrzeugverwaltung. GOtrack App mobile Anwendung. GOtrack Konfigurationsservice-Tool.\" \/>\n<meta name=\"robots\" content=\"index, follow, max-snippet:-1, max-image-preview:large, max-video-preview:-1\" \/>\n<link rel=\"canonical\" href=\"https:\/\/gotrack.pl\/de\/software\/\" \/>\n<meta property=\"og:locale\" content=\"de_DE\" \/>\n<meta property=\"og:type\" content=\"article\" \/>\n<meta property=\"og:title\" content=\"Software - GOtrack\" \/>\n<meta property=\"og:description\" content=\"GOtrack Farm MANAGER Fahrzeugverwaltung. GOtrack App mobile Anwendung. GOtrack Konfigurationsservice-Tool.\" \/>\n<meta property=\"og:url\" content=\"https:\/\/gotrack.pl\/de\/software\/\" \/>\n<meta property=\"og:site_name\" content=\"GOtrack\" \/>\n<meta property=\"article:publisher\" content=\"https:\/\/www.facebook.com\/gotrackgps\/\" \/>\n<meta property=\"article:modified_time\" content=\"2025-01-07T18:04:19+00:00\" \/>\n<meta property=\"og:image\" content=\"https:\/\/gotrack.pl\/wp-content\/uploads\/2024\/10\/software-baner-podstrona-GOtrack-Farm-MANAGER.png\" \/>\n\t<meta property=\"og:image:width\" content=\"714\" \/>\n\t<meta property=\"og:image:height\" content=\"667\" \/>\n\t<meta property=\"og:image:type\" content=\"image\/png\" \/>\n<meta name=\"twitter:card\" content=\"summary_large_image\" \/>\n<meta name=\"twitter:label1\" content=\"Gesch\u00e4tzte Lesezeit\" \/>\n\t<meta name=\"twitter:data1\" content=\"4\u00a0Minuten\" \/>\n<script type=\"application\/ld+json\" class=\"yoast-schema-graph\">{\"@context\":\"https:\/\/schema.org\",\"@graph\":[{\"@type\":\"WebPage\",\"@id\":\"https:\/\/gotrack.pl\/de\/software\/\",\"url\":\"https:\/\/gotrack.pl\/de\/software\/\",\"name\":\"Software - GOtrack\",\"isPartOf\":{\"@id\":\"https:\/\/gotrack.pl\/#website\"},\"primaryImageOfPage\":{\"@id\":\"https:\/\/gotrack.pl\/de\/software\/#primaryimage\"},\"image\":{\"@id\":\"https:\/\/gotrack.pl\/de\/software\/#primaryimage\"},\"thumbnailUrl\":\"https:\/\/gotrack.pl\/wp-content\/uploads\/2024\/10\/software-baner-podstrona-GOtrack-Farm-MANAGER.png\",\"datePublished\":\"2022-10-03T11:29:40+00:00\",\"dateModified\":\"2025-01-07T18:04:19+00:00\",\"description\":\"GOtrack Farm MANAGER Fahrzeugverwaltung. GOtrack App mobile Anwendung. GOtrack Konfigurationsservice-Tool.\",\"breadcrumb\":{\"@id\":\"https:\/\/gotrack.pl\/de\/software\/#breadcrumb\"},\"inLanguage\":\"de\",\"potentialAction\":[{\"@type\":\"ReadAction\",\"target\":[\"https:\/\/gotrack.pl\/de\/software\/\"]}]},{\"@type\":\"ImageObject\",\"inLanguage\":\"de\",\"@id\":\"https:\/\/gotrack.pl\/de\/software\/#primaryimage\",\"url\":\"https:\/\/gotrack.pl\/wp-content\/uploads\/2024\/10\/software-baner-podstrona-GOtrack-Farm-MANAGER.png\",\"contentUrl\":\"https:\/\/gotrack.pl\/wp-content\/uploads\/2024\/10\/software-baner-podstrona-GOtrack-Farm-MANAGER.png\"},{\"@type\":\"BreadcrumbList\",\"@id\":\"https:\/\/gotrack.pl\/de\/software\/#breadcrumb\",\"itemListElement\":[{\"@type\":\"ListItem\",\"position\":1,\"name\":\"Strona g\u0142\u00f3wna\",\"item\":\"https:\/\/gotrack.pl\/de\/\"},{\"@type\":\"ListItem\",\"position\":2,\"name\":\"Software\"}]},{\"@type\":\"WebSite\",\"@id\":\"https:\/\/gotrack.pl\/#website\",\"url\":\"https:\/\/gotrack.pl\/\",\"name\":\"GOtrack\",\"description\":\"Producent system\u00f3w umo\u017cliwiaj\u0105cych precyzyjne, zdalne sterowanie maszynami, ci\u0105gnikami i urz\u0105dzeniami sadowniczymi.\",\"publisher\":{\"@id\":\"https:\/\/gotrack.pl\/#organization\"},\"potentialAction\":[{\"@type\":\"SearchAction\",\"target\":{\"@type\":\"EntryPoint\",\"urlTemplate\":\"https:\/\/gotrack.pl\/?s={search_term_string}\"},\"query-input\":{\"@type\":\"PropertyValueSpecification\",\"valueRequired\":true,\"valueName\":\"search_term_string\"}}],\"inLanguage\":\"de\"},{\"@type\":\"Organization\",\"@id\":\"https:\/\/gotrack.pl\/#organization\",\"name\":\"GOtrack\",\"url\":\"https:\/\/gotrack.pl\/\",\"logo\":{\"@type\":\"ImageObject\",\"inLanguage\":\"de\",\"@id\":\"https:\/\/gotrack.pl\/#\/schema\/logo\/image\/\",\"url\":\"https:\/\/gotrack.pl\/wp-content\/uploads\/2022\/11\/logo-gotrack.jpg\",\"contentUrl\":\"https:\/\/gotrack.pl\/wp-content\/uploads\/2022\/11\/logo-gotrack.jpg\",\"width\":206,\"height\":58,\"caption\":\"GOtrack\"},\"image\":{\"@id\":\"https:\/\/gotrack.pl\/#\/schema\/logo\/image\/\"},\"sameAs\":[\"https:\/\/www.facebook.com\/gotrackgps\/\",\"https:\/\/www.youtube.com\/user\/gotrackpl\"]}]}<\/script>\n<!-- \/ Yoast SEO plugin. -->","yoast_head_json":{"title":"Software - GOtrack","description":"GOtrack Farm MANAGER Fahrzeugverwaltung. GOtrack App mobile Anwendung. GOtrack Konfigurationsservice-Tool.","robots":{"index":"index","follow":"follow","max-snippet":"max-snippet:-1","max-image-preview":"max-image-preview:large","max-video-preview":"max-video-preview:-1"},"canonical":"https:\/\/gotrack.pl\/de\/software\/","og_locale":"de_DE","og_type":"article","og_title":"Software - GOtrack","og_description":"GOtrack Farm MANAGER Fahrzeugverwaltung. GOtrack App mobile Anwendung. GOtrack Konfigurationsservice-Tool.","og_url":"https:\/\/gotrack.pl\/de\/software\/","og_site_name":"GOtrack","article_publisher":"https:\/\/www.facebook.com\/gotrackgps\/","article_modified_time":"2025-01-07T18:04:19+00:00","og_image":[{"width":714,"height":667,"url":"https:\/\/gotrack.pl\/wp-content\/uploads\/2024\/10\/software-baner-podstrona-GOtrack-Farm-MANAGER.png","type":"image\/png"}],"twitter_card":"summary_large_image","twitter_misc":{"Gesch\u00e4tzte Lesezeit":"4\u00a0Minuten"},"schema":{"@context":"https:\/\/schema.org","@graph":[{"@type":"WebPage","@id":"https:\/\/gotrack.pl\/de\/software\/","url":"https:\/\/gotrack.pl\/de\/software\/","name":"Software - GOtrack","isPartOf":{"@id":"https:\/\/gotrack.pl\/#website"},"primaryImageOfPage":{"@id":"https:\/\/gotrack.pl\/de\/software\/#primaryimage"},"image":{"@id":"https:\/\/gotrack.pl\/de\/software\/#primaryimage"},"thumbnailUrl":"https:\/\/gotrack.pl\/wp-content\/uploads\/2024\/10\/software-baner-podstrona-GOtrack-Farm-MANAGER.png","datePublished":"2022-10-03T11:29:40+00:00","dateModified":"2025-01-07T18:04:19+00:00","description":"GOtrack Farm MANAGER Fahrzeugverwaltung. GOtrack App mobile Anwendung. GOtrack Konfigurationsservice-Tool.","breadcrumb":{"@id":"https:\/\/gotrack.pl\/de\/software\/#breadcrumb"},"inLanguage":"de","potentialAction":[{"@type":"ReadAction","target":["https:\/\/gotrack.pl\/de\/software\/"]}]},{"@type":"ImageObject","inLanguage":"de","@id":"https:\/\/gotrack.pl\/de\/software\/#primaryimage","url":"https:\/\/gotrack.pl\/wp-content\/uploads\/2024\/10\/software-baner-podstrona-GOtrack-Farm-MANAGER.png","contentUrl":"https:\/\/gotrack.pl\/wp-content\/uploads\/2024\/10\/software-baner-podstrona-GOtrack-Farm-MANAGER.png"},{"@type":"BreadcrumbList","@id":"https:\/\/gotrack.pl\/de\/software\/#breadcrumb","itemListElement":[{"@type":"ListItem","position":1,"name":"Strona g\u0142\u00f3wna","item":"https:\/\/gotrack.pl\/de\/"},{"@type":"ListItem","position":2,"name":"Software"}]},{"@type":"WebSite","@id":"https:\/\/gotrack.pl\/#website","url":"https:\/\/gotrack.pl\/","name":"GOtrack","description":"Producent system\u00f3w umo\u017cliwiaj\u0105cych precyzyjne, zdalne sterowanie maszynami, ci\u0105gnikami i urz\u0105dzeniami sadowniczymi.","publisher":{"@id":"https:\/\/gotrack.pl\/#organization"},"potentialAction":[{"@type":"SearchAction","target":{"@type":"EntryPoint","urlTemplate":"https:\/\/gotrack.pl\/?s={search_term_string}"},"query-input":{"@type":"PropertyValueSpecification","valueRequired":true,"valueName":"search_term_string"}}],"inLanguage":"de"},{"@type":"Organization","@id":"https:\/\/gotrack.pl\/#organization","name":"GOtrack","url":"https:\/\/gotrack.pl\/","logo":{"@type":"ImageObject","inLanguage":"de","@id":"https:\/\/gotrack.pl\/#\/schema\/logo\/image\/","url":"https:\/\/gotrack.pl\/wp-content\/uploads\/2022\/11\/logo-gotrack.jpg","contentUrl":"https:\/\/gotrack.pl\/wp-content\/uploads\/2022\/11\/logo-gotrack.jpg","width":206,"height":58,"caption":"GOtrack"},"image":{"@id":"https:\/\/gotrack.pl\/#\/schema\/logo\/image\/"},"sameAs":["https:\/\/www.facebook.com\/gotrackgps\/","https:\/\/www.youtube.com\/user\/gotrackpl"]}]}},"pbg_featured_image_src":{"full":false,"thumbnail":false,"medium":false,"medium_large":false,"large":false,"1536x1536":false,"2048x2048":false,"qr-code-photo":false,"home-bottom":false},"pbg_author_info":{"display_name":"admin","author_link":"https:\/\/gotrack.pl\/de\/author\/admin\/","author_img":"<img alt='admin' src='https:\/\/secure.gravatar.com\/avatar\/1eedd1b09d6474dacfe14ff0f4581d744ac9c2c9a9a8af1b47f6f8180d3e7951?s=128&#038;d=mm&#038;r=g' srcset='https:\/\/secure.gravatar.com\/avatar\/1eedd1b09d6474dacfe14ff0f4581d744ac9c2c9a9a8af1b47f6f8180d3e7951?s=256&#038;d=mm&#038;r=g 2x' class='avatar avatar-128 photo' height='128' width='128' loading='lazy' decoding='async'\/>"},"pbg_comment_info":" No Comments","pbg_excerpt":"GOtrack Farm MANAGER FlottenverwaltungsmanagerDieses Tool wurde f\u00fcr gro\u00dffl\u00e4chige Benutzer entwickelt. Die App eignet sich f\u00fcr die Fern\u00fcberwachung und -verwaltung vieler autonomer Fahrzeugen Auto DRIVE und Pr\u00e4zisionsspritzsysteme e-Spray PRO- und e-Spray GSM mit GPS-Assist. Agronomen und Managers, die die Arbeit in gro\u00dfen landwirtschaftlichen Betrieben verwalten, erhalten ein gutes Werkzeug zur Verbesserung der Arbeit und erhalten eine&hellip;","_links":{"self":[{"href":"https:\/\/gotrack.pl\/de\/wp-json\/wp\/v2\/pages\/17975","targetHints":{"allow":["GET"]}}],"collection":[{"href":"https:\/\/gotrack.pl\/de\/wp-json\/wp\/v2\/pages"}],"about":[{"href":"https:\/\/gotrack.pl\/de\/wp-json\/wp\/v2\/types\/page"}],"author":[{"embeddable":true,"href":"https:\/\/gotrack.pl\/de\/wp-json\/wp\/v2\/users\/1"}],"replies":[{"embeddable":true,"href":"https:\/\/gotrack.pl\/de\/wp-json\/wp\/v2\/comments?post=17975"}],"version-history":[{"count":10,"href":"https:\/\/gotrack.pl\/de\/wp-json\/wp\/v2\/pages\/17975\/revisions"}],"predecessor-version":[{"id":25924,"href":"https:\/\/gotrack.pl\/de\/wp-json\/wp\/v2\/pages\/17975\/revisions\/25924"}],"wp:attachment":[{"href":"https:\/\/gotrack.pl\/de\/wp-json\/wp\/v2\/media?parent=17975"}],"curies":[{"name":"wp","href":"https:\/\/api.w.org\/{rel}","templated":true}]}}